{"id":85200,"date":"2022-10-22T17:35:07","date_gmt":"2022-10-22T15:35:07","guid":{"rendered":"https:\/\/www.seaflowerstore.com\/nl\/fauna-marin-elementals-n-1000ml\/"},"modified":"2022-10-22T17:35:07","modified_gmt":"2022-10-22T15:37:57","slug":"fauna-marin-elementals-n-1000ml","status":"publish","type":"product","link":"https:\/\/www.seaflowerstore.com\/de\/fauna-marin-elementals-n-1000ml\/","title":{"rendered":"Fauna Marin Elementals N &#8211; 1000ml"},"content":{"rendered":"<h2>Fauna Marin Elementals N &#8211; 1000ml<\/h2>\n<p>Fauna Marin Elementals N &#8211; 1000 ml ist eine hochkonzentrierte Stickstoffl\u00f6sung, die speziell f\u00fcr Salzwasseraquarien entwickelt wurde, um eventuell auftretende Stickstoffdefizite auszugleichen.<\/p>\n<p>Elementals N besteht aus einer Mischung anorganischer und organischer Stickstoffquellen sowie Mikron\u00e4hrstoffen. Diese einzigartige Zusammensetzung verbessert und stabilisiert die biologische Verf\u00fcgbarkeit von Stickstoff in Ihrem Aquarium und stellt sicher, dass die lebenswichtige Aquarienbiologie und die Korallen die N\u00e4hrstoffe erhalten, die sie ben\u00f6tigen.<\/p>\n<p>Das entscheidende N\u00e4hrstoffverh\u00e4ltnis von Stickstoff zu Phosphor (N:P) kann genau auf 1:100 eingestellt werden. Mit ELEMENTALS-L\u00f6sungen k\u00f6nnen Sie die verbrauchten Elemente in Ihrem Riffaquarium kosteng\u00fcnstig und unkompliziert dosieren.<\/p>\n<p><strong>Dosierungsempfehlung:<\/strong><\/p>\n<ul>\n<li>1 ml pro 100 Liter (26 US-Gallonen) erh\u00f6ht den Nitratgehalt um ca. 1 mg\/l.<\/li>\n<\/ul>\n<p><strong>Maximale Tagesdosis:<\/strong><\/p>\n<ul>\n<li>Nitrat nicht um mehr als 2 mg\/l pro Tag erh\u00f6hen.<\/li>\n<\/ul>\n<p><strong>Zutaten:<\/strong><\/p>\n<ul>\n<li>Wasser<\/li>\n<li>Stickstoffverbindungen<\/li>\n<li>Organischer Stickstoff<\/li>\n<li>Kalium<\/li>\n<li>Mikron\u00e4hrstoffe<\/li>\n<li>Stabilisatoren<\/li>\n<\/ul>\n<p><strong>Lagerung:<\/strong><\/p>\n<ul>\n<li>Beh\u00e4lter nach dem \u00d6ffnen stets geschlossen halten.<\/li>\n<li>Fl\u00fcssigkeit bei Zimmertemperatur und lichtgesch\u00fctzt lagern.<\/li>\n<\/ul>\n<p><strong>Sicherheitshinweis:<\/strong><\/p>\n<ul>\n<li>Dieses Produkt ist nur f\u00fcr die Verwendung im Aquarium bestimmt!<\/li>\n<li>Au\u00dferhalb der Reichweite von Kindern aufbewahren!<\/li>\n<li>Nicht verschlucken!<\/li>\n<li>Nicht zum Verzehr oder als Tiernahrung geeignet.<\/li>\n<li>Bei Ber\u00fchrung mit Haut oder Augen gr\u00fcndlich mit viel Wasser aussp\u00fclen.<\/li>\n<\/ul>\n","protected":false},"excerpt":{"rendered":"<p>Fauna Marin Elementals N &#8211; 1000ml\u00a0is a highly concentrated nitrogen solution for saltwater aquariums for individual compensation of existing nitrogen deficits<\/p>\n","protected":false},"featured_media":84508,"template":"","meta":[],"pwb-brand":[2177],"product_cat":[1391,1437],"product_tag":[],"class_list":{"0":"post-85200","1":"product","2":"type-product","3":"status-publish","4":"has-post-thumbnail","6":"pwb-brand-fauna-marin","7":"product_cat-ergaenzungen","8":"product_cat-fauna-marin-de","10":"first","11":"outofstock","12":"taxable","13":"shipping-taxable","14":"purchasable","15":"product-type-simple"},"acf":[],"brands":[{"id":2177,"name":"Fauna Marin","slug":"fauna-marin"}],"_links":{"self":[{"href":"https:\/\/www.seaflowerstore.com\/de\/wp-json\/wp\/v2\/product\/85200","targetHints":{"allow":["GET"]}}],"collection":[{"href":"https:\/\/www.seaflowerstore.com\/de\/wp-json\/wp\/v2\/product"}],"about":[{"href":"https:\/\/www.seaflowerstore.com\/de\/wp-json\/wp\/v2\/types\/product"}],"wp:featuredmedia":[{"embeddable":true,"href":"https:\/\/www.seaflowerstore.com\/de\/wp-json\/wp\/v2\/media\/84508"}],"wp:attachment":[{"href":"https:\/\/www.seaflowerstore.com\/de\/wp-json\/wp\/v2\/media?parent=85200"}],"wp:term":[{"taxonomy":"pwb-brand","embeddable":true,"href":"https:\/\/www.seaflowerstore.com\/de\/wp-json\/wp\/v2\/pwb-brand?post=85200"},{"taxonomy":"product_cat","embeddable":true,"href":"https:\/\/www.seaflowerstore.com\/de\/wp-json\/wp\/v2\/product_cat?post=85200"},{"taxonomy":"product_tag","embeddable":true,"href":"https:\/\/www.seaflowerstore.com\/de\/wp-json\/wp\/v2\/product_tag?post=85200"}],"curies":[{"name":"wp","href":"https:\/\/api.w.org\/{rel}","templated":true}]}}