{"id":85201,"date":"2022-10-22T17:29:14","date_gmt":"2022-10-22T15:29:14","guid":{"rendered":"https:\/\/www.seaflowerstore.com\/nl\/fauna-marin-elementals-p-1000ml\/"},"modified":"2022-10-22T17:29:14","modified_gmt":"2022-10-22T15:29:48","slug":"fauna-marin-elementals-p-1000ml","status":"publish","type":"product","link":"https:\/\/www.seaflowerstore.com\/de\/fauna-marin-elementals-p-1000ml\/","title":{"rendered":"Fauna Marin Elementals P &#8211; 1000ml"},"content":{"rendered":"<h2>Fauna Marin Elementals P &#8211; 1000ml is a high purity phosphate solution used for compensating phosphate deficiencies in reef aquariums<\/h2>\n<p>Mit den Elementl\u00f6sungen von ELEMENTALS k\u00f6nnen Sie die Elemente, die Ihr Riffaquarium ben\u00f6tigt, einfach und kosteng\u00fcnstig auff\u00fcllen.<\/p>\n<p><strong>Dosierungsempfehlung:<\/strong><\/p>\n<ul>\n<li>1 ml pro 100 Liter (26 US-Gallonen) erh\u00f6ht den Phosphatgehalt um ca. 0,01 mg\/l.<\/li>\n<\/ul>\n<p><strong>Maximale Tagesdosis:<\/strong><\/p>\n<ul>\n<li>Erh\u00f6hen Sie den Phosphatgehalt nicht um mehr als 0,02 mg\/l pro Tag.<\/li>\n<\/ul>\n<p><strong>Zutaten:<\/strong><\/p>\n<ul>\n<li>Wasser<\/li>\n<li>Phosphate<\/li>\n<li>Kalium<\/li>\n<li>Bor<\/li>\n<li>Stabilisatoren<\/li>\n<\/ul>\n<p><strong>Lagerung:<\/strong><\/p>\n<ul>\n<li>Beh\u00e4lter nach dem \u00d6ffnen stets geschlossen halten.<\/li>\n<li>Fl\u00fcssigkeit bei Zimmertemperatur und lichtgesch\u00fctzt lagern.<\/li>\n<\/ul>\n<p><strong>Sicherheitshinweis:<\/strong><\/p>\n<ul>\n<li>Dieses Produkt ist nur f\u00fcr die Verwendung im Aquarium bestimmt!<\/li>\n<li>Au\u00dferhalb der Reichweite von Kindern aufbewahren!<\/li>\n<li>Nicht verschlucken!<\/li>\n<li>Nicht zum Verzehr geeignet und nicht f\u00fcr Tiernahrung geeignet.<\/li>\n<li>Bei Ber\u00fchrung mit Haut oder Augen gr\u00fcndlich mit viel Wasser aussp\u00fclen.<\/li>\n<\/ul>\n","protected":false},"excerpt":{"rendered":"<p>Fauna Marin Elementals P &#8211; 1000ml is a high purity phosphate solution used for compensating phosphate deficiencies in reef aquariums<\/p>\n","protected":false},"featured_media":84507,"template":"","meta":[],"pwb-brand":[2177],"product_cat":[1391,1437],"product_tag":[],"class_list":{"0":"post-85201","1":"product","2":"type-product","3":"status-publish","4":"has-post-thumbnail","6":"pwb-brand-fauna-marin","7":"product_cat-ergaenzungen","8":"product_cat-fauna-marin-de","10":"first","11":"instock","12":"taxable","13":"shipping-taxable","14":"purchasable","15":"product-type-simple"},"acf":[],"brands":[{"id":2177,"name":"Fauna Marin","slug":"fauna-marin"}],"_links":{"self":[{"href":"https:\/\/www.seaflowerstore.com\/de\/wp-json\/wp\/v2\/product\/85201","targetHints":{"allow":["GET"]}}],"collection":[{"href":"https:\/\/www.seaflowerstore.com\/de\/wp-json\/wp\/v2\/product"}],"about":[{"href":"https:\/\/www.seaflowerstore.com\/de\/wp-json\/wp\/v2\/types\/product"}],"wp:featuredmedia":[{"embeddable":true,"href":"https:\/\/www.seaflowerstore.com\/de\/wp-json\/wp\/v2\/media\/84507"}],"wp:attachment":[{"href":"https:\/\/www.seaflowerstore.com\/de\/wp-json\/wp\/v2\/media?parent=85201"}],"wp:term":[{"taxonomy":"pwb-brand","embeddable":true,"href":"https:\/\/www.seaflowerstore.com\/de\/wp-json\/wp\/v2\/pwb-brand?post=85201"},{"taxonomy":"product_cat","embeddable":true,"href":"https:\/\/www.seaflowerstore.com\/de\/wp-json\/wp\/v2\/product_cat?post=85201"},{"taxonomy":"product_tag","embeddable":true,"href":"https:\/\/www.seaflowerstore.com\/de\/wp-json\/wp\/v2\/product_tag?post=85201"}],"curies":[{"name":"wp","href":"https:\/\/api.w.org\/{rel}","templated":true}]}}