{"id":85202,"date":"2022-10-22T17:17:17","date_gmt":"2022-10-22T15:20:29","guid":{"rendered":"https:\/\/www.seaflowerstore.com\/nl\/fauna-marin-elementals-br-1000ml\/"},"modified":"2022-10-22T17:17:17","modified_gmt":"2022-10-22T15:20:29","slug":"fauna-marin-elementals-br-1000ml","status":"publish","type":"product","link":"https:\/\/www.seaflowerstore.com\/de\/fauna-marin-elementals-br-1000ml\/","title":{"rendered":"Fauna Marin Elementals BR &#8211; 1000ml"},"content":{"rendered":"<h2>Fauna Marin Elementals BR &#8211; 1000ml<\/h2>\n<p>Fauna Marin Elementals BR ist eine hochreine Broml\u00f6sung, die entwickelt wurde, um Bromm\u00e4ngel in Ihrem Riffaquarium zu beheben. Mit den Elementl\u00f6sungen von ELEMENTALS haben Sie eine kosteng\u00fcnstige und unkomplizierte M\u00f6glichkeit, die verbrauchten Elemente in Ihrem Riffaquarium wieder aufzuf\u00fcllen.<\/p>\n<p>Bitte nehmen Sie sich einen Moment Zeit, um das Handbuch sorgf\u00e4ltig durchzulesen und stellen Sie sicher, dass die L\u00f6sungen au\u00dferhalb der Reichweite von Haustieren und Kindern aufbewahrt werden. Es ist wichtig, die erforderlichen Mengen vor jedem Gebrauch zu \u00fcberpr\u00fcfen und eine \u00dcberdosierung zu vermeiden. Diese Methode ist zwar schonend, eine \u00dcberdosierung kann jedoch Korallen sch\u00e4digen.<\/p>\n<p>Zur \u00dcberpr\u00fcfung Ihrer Wasserparameter k\u00f6nnen Sie den Aquacalculator verwenden: <a href=\"http:\/\/www.aquacalculator.com\" rel=\"nofollow noopener\" target=\"_blank\">www.aquacalculator.com<\/a>.<\/p>\n<p><strong>Dosierungsempfehlung:<\/strong><\/p>\n<ul>\n<li>10 ml pro 100 l (26 US-Gallonen) erh\u00f6hen den Bromgehalt um etwa 10 mg\/l.<\/li>\n<\/ul>\n<p><strong>Maximale Tagesdosis:<\/strong><\/p>\n<ul>\n<li>Erh\u00f6hen Sie die Fluoridmenge nicht um mehr als 10 mg\/l pro Tag.<\/li>\n<\/ul>\n<p><strong>Zutaten:<\/strong><\/p>\n<ul>\n<li>Wasser<\/li>\n<li>Organische und anorganische Bromidverbindungen<\/li>\n<li>Stabilisatoren<\/li>\n<\/ul>\n<p><strong>Lagerung:<\/strong><\/p>\n<ul>\n<li>Beh\u00e4lter nach dem \u00d6ffnen stets geschlossen halten.<\/li>\n<li>Fl\u00fcssigkeit bei Zimmertemperatur lagern und vor Licht sch\u00fctzen.<\/li>\n<\/ul>\n<p><strong>Sicherheitshinweis:<\/strong><\/p>\n<ul>\n<li>Dieses Produkt ist nur f\u00fcr die Verwendung im Aquarium bestimmt!<\/li>\n<li>Au\u00dferhalb der Reichweite von Kindern aufbewahren!<\/li>\n<li>Nicht verschlucken!<\/li>\n<li>Nicht zum Verzehr geeignet oder als Tiernahrung geeignet.<\/li>\n<li>Bei Ber\u00fchrung mit Haut oder Augen gr\u00fcndlich mit viel Wasser aussp\u00fclen.<\/li>\n<\/ul>\n","protected":false},"excerpt":{"rendered":"<p>Fauna Marin Elementals BR\u00a0is a high purity bromine solution used for compensating bromine deficiencies in reef aquariums<\/p>\n","protected":false},"featured_media":84506,"template":"","meta":[],"pwb-brand":[2177],"product_cat":[1391,1437],"product_tag":[],"class_list":{"0":"post-85202","1":"product","2":"type-product","3":"status-publish","4":"has-post-thumbnail","6":"pwb-brand-fauna-marin","7":"product_cat-ergaenzungen","8":"product_cat-fauna-marin-de","10":"first","11":"instock","12":"sale","13":"taxable","14":"shipping-taxable","15":"purchasable","16":"product-type-simple"},"acf":[],"brands":[{"id":2177,"name":"Fauna Marin","slug":"fauna-marin"}],"_links":{"self":[{"href":"https:\/\/www.seaflowerstore.com\/de\/wp-json\/wp\/v2\/product\/85202","targetHints":{"allow":["GET"]}}],"collection":[{"href":"https:\/\/www.seaflowerstore.com\/de\/wp-json\/wp\/v2\/product"}],"about":[{"href":"https:\/\/www.seaflowerstore.com\/de\/wp-json\/wp\/v2\/types\/product"}],"wp:featuredmedia":[{"embeddable":true,"href":"https:\/\/www.seaflowerstore.com\/de\/wp-json\/wp\/v2\/media\/84506"}],"wp:attachment":[{"href":"https:\/\/www.seaflowerstore.com\/de\/wp-json\/wp\/v2\/media?parent=85202"}],"wp:term":[{"taxonomy":"pwb-brand","embeddable":true,"href":"https:\/\/www.seaflowerstore.com\/de\/wp-json\/wp\/v2\/pwb-brand?post=85202"},{"taxonomy":"product_cat","embeddable":true,"href":"https:\/\/www.seaflowerstore.com\/de\/wp-json\/wp\/v2\/product_cat?post=85202"},{"taxonomy":"product_tag","embeddable":true,"href":"https:\/\/www.seaflowerstore.com\/de\/wp-json\/wp\/v2\/product_tag?post=85202"}],"curies":[{"name":"wp","href":"https:\/\/api.w.org\/{rel}","templated":true}]}}