{"id":85204,"date":"2022-10-22T16:59:51","date_gmt":"2022-10-22T15:00:26","guid":{"rendered":"https:\/\/www.seaflowerstore.com\/nl\/fauna-marin-elementals-trace-ba-250ml\/"},"modified":"2022-10-22T16:59:51","modified_gmt":"2022-10-22T15:00:26","slug":"fauna-marin-elementals-trace-ba-250ml","status":"publish","type":"product","link":"https:\/\/www.seaflowerstore.com\/de\/fauna-marin-elementals-trace-ba-250ml\/","title":{"rendered":"Fauna Marin Elementals Trace Ba &#8211; 250ml"},"content":{"rendered":"<h2>Fauna Marin Elementals Trace Ba is a high purity barium solution used for compensating barium deficiencies in reef aquariums<\/h2>\n<p>Mit den ELEMENTALS TRACE-Elementl\u00f6sungen k\u00f6nnen Sie die essentiellen Elemente, die Ihrem Riffaquarium fehlen, einfach und kosteng\u00fcnstig auff\u00fcllen. Bitte nehmen Sie sich einen Moment Zeit, um das Handbuch gr\u00fcndlich durchzulesen, und stellen Sie sicher, dass diese L\u00f6sungen au\u00dferhalb der Reichweite von Haustieren und Kindern aufbewahrt werden. \u00dcberpr\u00fcfen Sie vor jedem Gebrauch immer die erforderlichen Mengen und vermeiden Sie eine \u00dcberdosierung, da selbst eine sanfte Methode bei zu hoher Zugabe f\u00fcr Korallen sch\u00e4dlich sein kann.<\/p>\n<p>Zur \u00dcberwachung Ihrer Wasserparameter k\u00f6nnen Sie den Aquacalculator verwenden: <a href=\"http:\/\/www.aquacalculator.com\" rel=\"nofollow noopener\" target=\"_blank\">www.aquacalculator.com<\/a>.<\/p>\n<p><strong>Dosierungsempfehlung:<\/strong><\/p>\n<ul>\n<li>10 ml pro 100 Liter (26 US-Gallonen) erh\u00f6hen den Bariumgehalt um 5 <span class=\"entry_name\">\u00b5<\/span>g\/l.<\/li>\n<\/ul>\n<p><strong>Maximale Tagesdosis:<\/strong><\/p>\n<ul>\n<li>Erh\u00f6hen Sie die Bariummenge nicht um mehr als 5 <span class=\"entry_name\">\u00b5<\/span>g\/l pro Tag.<\/li>\n<\/ul>\n<p><strong>Zutaten:<\/strong><\/p>\n<ul>\n<li>Wasser<\/li>\n<li>Organische und anorganische Bariumverbindungen<\/li>\n<li>Stabilisatoren<\/li>\n<\/ul>\n<p><strong>Lagerung:<\/strong><\/p>\n<ul>\n<li>Beh\u00e4lter nach dem \u00d6ffnen stets geschlossen halten.<\/li>\n<li>Fl\u00fcssigkeit bei Zimmertemperatur und lichtgesch\u00fctzt lagern.<\/li>\n<\/ul>\n<p><strong>Sicherheitshinweis:<\/strong><\/p>\n<ul>\n<li>Dieses Produkt ist nur f\u00fcr die Verwendung im Aquarium bestimmt!<\/li>\n<li>Au\u00dferhalb der Reichweite von Kindern aufbewahren!<\/li>\n<li>Nicht verschlucken!<\/li>\n<li>Dieses Produkt ist nicht zum Verzehr geeignet und nicht als Tierfutter geeignet.<\/li>\n<li>Bei Haut- oder Augenkontakt mit reichlich Wasser absp\u00fclen.<\/li>\n<\/ul>\n","protected":false},"excerpt":{"rendered":"<p>Fauna Marin Elementals Trace Ba\u00a0is a high purity barium solution used for compensating barium deficiencies in reef aquariums<\/p>\n","protected":false},"featured_media":84504,"template":"","meta":[],"pwb-brand":[2177],"product_cat":[1391,1437],"product_tag":[],"class_list":{"0":"post-85204","1":"product","2":"type-product","3":"status-publish","4":"has-post-thumbnail","6":"pwb-brand-fauna-marin","7":"product_cat-ergaenzungen","8":"product_cat-fauna-marin-de","10":"first","11":"instock","12":"sale","13":"taxable","14":"shipping-taxable","15":"purchasable","16":"product-type-simple"},"acf":[],"brands":[{"id":2177,"name":"Fauna Marin","slug":"fauna-marin"}],"_links":{"self":[{"href":"https:\/\/www.seaflowerstore.com\/de\/wp-json\/wp\/v2\/product\/85204","targetHints":{"allow":["GET"]}}],"collection":[{"href":"https:\/\/www.seaflowerstore.com\/de\/wp-json\/wp\/v2\/product"}],"about":[{"href":"https:\/\/www.seaflowerstore.com\/de\/wp-json\/wp\/v2\/types\/product"}],"wp:featuredmedia":[{"embeddable":true,"href":"https:\/\/www.seaflowerstore.com\/de\/wp-json\/wp\/v2\/media\/84504"}],"wp:attachment":[{"href":"https:\/\/www.seaflowerstore.com\/de\/wp-json\/wp\/v2\/media?parent=85204"}],"wp:term":[{"taxonomy":"pwb-brand","embeddable":true,"href":"https:\/\/www.seaflowerstore.com\/de\/wp-json\/wp\/v2\/pwb-brand?post=85204"},{"taxonomy":"product_cat","embeddable":true,"href":"https:\/\/www.seaflowerstore.com\/de\/wp-json\/wp\/v2\/product_cat?post=85204"},{"taxonomy":"product_tag","embeddable":true,"href":"https:\/\/www.seaflowerstore.com\/de\/wp-json\/wp\/v2\/product_tag?post=85204"}],"curies":[{"name":"wp","href":"https:\/\/api.w.org\/{rel}","templated":true}]}}