{"id":85205,"date":"2022-10-22T16:51:47","date_gmt":"2022-10-22T14:51:47","guid":{"rendered":"https:\/\/www.seaflowerstore.com\/nl\/fauna-marin-elementals-trace-f-1000ml\/"},"modified":"2022-10-22T16:51:47","modified_gmt":"2022-10-22T14:52:23","slug":"fauna-marin-elementals-trace-f-1000ml","status":"publish","type":"product","link":"https:\/\/www.seaflowerstore.com\/de\/fauna-marin-elementals-trace-f-1000ml\/","title":{"rendered":"Fauna Marin Elementals Trace F &#8211; 1000ml"},"content":{"rendered":"<h2>Fauna Marin Elementals Trace F is a high purity fluoride solution used for compensating fluoride deficiencies in reef aquariums<\/h2>\n<p>Mit den ELEMENTALS Elementl\u00f6sungen k\u00f6nnen Sie Ihrem Riffaquarium kosteng\u00fcnstig und unkompliziert die fehlenden Elemente zuf\u00fchren. Bitte lesen Sie die Gebrauchsanweisung sorgf\u00e4ltig durch und bewahren Sie die L\u00f6sungen au\u00dferhalb der Reichweite von Haustieren und Kindern auf. \u00dcberpr\u00fcfen Sie vor jedem Gebrauch die ben\u00f6tigten Mengen und vermeiden Sie \u00dcberdosierungen. Obwohl diese Methode recht schonend ist, kann eine \u00dcberdosierung f\u00fcr Korallen sch\u00e4dlich sein.<\/p>\n<p>Vergessen Sie nicht, Ihre Wasserparameter mit dem Aquacalculator zu \u00fcberpr\u00fcfen: <a href=\"http:\/\/www.aquacalculator.com\" rel=\"nofollow noopener\" target=\"_blank\">www.aquacalculator.com<\/a><\/p>\n<p><strong>Dosierungsempfehlung:<\/strong><\/p>\n<ul>\n<li>10 ml pro 100 Liter (26 US-Gallonen) erh\u00f6hen den Fluoridgehalt um etwa 0,2 mg\/l.<\/li>\n<\/ul>\n<p><strong>Maximale Tagesdosis:<\/strong><\/p>\n<ul>\n<li>Erh\u00f6hen Sie den Fluoridgehalt nicht um mehr als +0,5 mg\/l pro Tag.<\/li>\n<\/ul>\n<p><strong>Zutaten:<\/strong><\/p>\n<ul>\n<li>Wasser<\/li>\n<li>Anorganische Fluoridverbindungen<\/li>\n<li>Stabilisatoren<\/li>\n<\/ul>\n<p><strong>Lagerung:<\/strong><\/p>\n<ul>\n<li>Nach dem \u00d6ffnen stets verschlossen halten.<\/li>\n<li>Fl\u00fcssigkeit bei Zimmertemperatur aufbewahren und lichtgesch\u00fctzt lagern.<\/li>\n<\/ul>\n<p><strong>Sicherheitshinweis:<\/strong><\/p>\n<ul>\n<li>Dieses Produkt ist nur f\u00fcr die Verwendung im Aquarium bestimmt!<\/li>\n<li>Au\u00dferhalb der Reichweite von Kindern aufbewahren!<\/li>\n<li>Nicht verschlucken!<\/li>\n<li>Nicht zum Verzehr geeignet oder als Tiernahrung geeignet.<\/li>\n<li>Bei Haut- oder Augenkontakt mit reichlich Wasser absp\u00fclen.<\/li>\n<\/ul>\n","protected":false},"excerpt":{"rendered":"<p>Fauna Marin Elementals Trace F\u00a0is a high purity fluoride solution used for compensating fluoride deficiencies in reef aquariums<\/p>\n","protected":false},"featured_media":84503,"template":"","meta":[],"pwb-brand":[2177],"product_cat":[1391,1437],"product_tag":[],"class_list":{"0":"post-85205","1":"product","2":"type-product","3":"status-publish","4":"has-post-thumbnail","6":"pwb-brand-fauna-marin","7":"product_cat-ergaenzungen","8":"product_cat-fauna-marin-de","10":"first","11":"outofstock","12":"sale","13":"taxable","14":"shipping-taxable","15":"purchasable","16":"product-type-simple"},"acf":[],"brands":[{"id":2177,"name":"Fauna Marin","slug":"fauna-marin"}],"_links":{"self":[{"href":"https:\/\/www.seaflowerstore.com\/de\/wp-json\/wp\/v2\/product\/85205","targetHints":{"allow":["GET"]}}],"collection":[{"href":"https:\/\/www.seaflowerstore.com\/de\/wp-json\/wp\/v2\/product"}],"about":[{"href":"https:\/\/www.seaflowerstore.com\/de\/wp-json\/wp\/v2\/types\/product"}],"wp:featuredmedia":[{"embeddable":true,"href":"https:\/\/www.seaflowerstore.com\/de\/wp-json\/wp\/v2\/media\/84503"}],"wp:attachment":[{"href":"https:\/\/www.seaflowerstore.com\/de\/wp-json\/wp\/v2\/media?parent=85205"}],"wp:term":[{"taxonomy":"pwb-brand","embeddable":true,"href":"https:\/\/www.seaflowerstore.com\/de\/wp-json\/wp\/v2\/pwb-brand?post=85205"},{"taxonomy":"product_cat","embeddable":true,"href":"https:\/\/www.seaflowerstore.com\/de\/wp-json\/wp\/v2\/product_cat?post=85205"},{"taxonomy":"product_tag","embeddable":true,"href":"https:\/\/www.seaflowerstore.com\/de\/wp-json\/wp\/v2\/product_tag?post=85205"}],"curies":[{"name":"wp","href":"https:\/\/api.w.org\/{rel}","templated":true}]}}