{"id":85208,"date":"2022-10-22T16:21:19","date_gmt":"2022-10-22T14:21:19","guid":{"rendered":"https:\/\/www.seaflowerstore.com\/nl\/fauna-marin-elementals-trace-ni-250ml\/"},"modified":"2022-10-22T16:21:19","modified_gmt":"2022-10-22T14:22:36","slug":"fauna-marin-elementals-trace-ni-250ml","status":"publish","type":"product","link":"https:\/\/www.seaflowerstore.com\/de\/fauna-marin-elementals-trace-ni-250ml\/","title":{"rendered":"Fauna Marin Elementals Trace Ni &#8211; 250ml"},"content":{"rendered":"<h2>Fauna Marin Elementals Trace Ni &#8211; 250ml<\/h2>\n<p>Fauna Marin Elementals Trace Ni 250 ml ist eine hochreine Nickell\u00f6sung, die zur Behebung von Mangelerscheinungen in Riffaquarien entwickelt wurde. Mit den Elementl\u00f6sungen von ELEMENTALS TRACE haben Sie eine kosteng\u00fcnstige und unkomplizierte M\u00f6glichkeit, die verbrauchten Elemente in Ihrem Riffaquarium wieder aufzuf\u00fcllen.<\/p>\n<p>Bitte lesen Sie die Anleitung sorgf\u00e4ltig durch und stellen Sie sicher, dass die L\u00f6sungen au\u00dferhalb der Reichweite von Haustieren und Kindern aufbewahrt werden. Es ist wichtig, vor jedem Gebrauch die erforderlichen Mengen zu \u00fcberpr\u00fcfen und eine \u00dcberdosierung zu vermeiden. Diese Methode ist zwar schonend, eine \u00dcberdosierung kann jedoch Korallen schaden. Denken Sie daran, Ihre Wasserparameter mit dem Aquacalculator zu \u00fcberpr\u00fcfen: <a href=\"http:\/\/www.aquacalculator.com\" rel=\"nofollow noopener\" target=\"_blank\">www.aquacalculator.com<\/a>.<\/p>\n<p><strong>Dosierungsempfehlung:<\/strong><\/p>\n<ul>\n<li>1 ml pro 100 Liter (26 US-Gallonen) erh\u00f6ht den Nickelgehalt um 4 \u00b5g\/l.<\/li>\n<\/ul>\n<p><strong>Maximale Tagesdosis:<\/strong><\/p>\n<ul>\n<li>Erh\u00f6hen Sie den Nickelgehalt nicht um mehr als 4 \u00b5g\/l pro Tag.<\/li>\n<\/ul>\n<p><strong>Zutaten:<\/strong><\/p>\n<ul>\n<li>Wasser<\/li>\n<li>Organische und anorganische Nickelsalze<\/li>\n<li>Stabilisatoren<\/li>\n<\/ul>\n<p><strong>Lagerung:<\/strong><\/p>\n<ul>\n<li>Halten Sie den Beh\u00e4lter nach dem \u00d6ffnen stets geschlossen.<\/li>\n<li>Lagern Sie die Fl\u00fcssigkeit bei Zimmertemperatur und lichtgesch\u00fctzt aufbewahren.<\/li>\n<\/ul>\n<p><strong>Sicherheitshinweis:<\/strong><\/p>\n<ul>\n<li>Dieses Produkt ist nur f\u00fcr die Verwendung im Aquarium bestimmt!<\/li>\n<li>Au\u00dferhalb der Reichweite von Kindern aufbewahren!<\/li>\n<li>Nicht verschlucken!<\/li>\n<li>Dieses Produkt ist nicht zum Verzehr bestimmt und nicht als Tiernahrung geeignet.<\/li>\n<li>Bei Haut- oder Augenkontakt gr\u00fcndlich mit viel Wasser absp\u00fclen.<\/li>\n<\/ul>\n","protected":false},"excerpt":{"rendered":"<p>Fauna Marin Elementals Trace Ni 250ml is a high purity nickel solution used for compensating deficiencies in reef aquariums<\/p>\n","protected":false},"featured_media":84500,"template":"","meta":[],"pwb-brand":[2177],"product_cat":[1391,1437],"product_tag":[],"class_list":{"0":"post-85208","1":"product","2":"type-product","3":"status-publish","4":"has-post-thumbnail","6":"pwb-brand-fauna-marin","7":"product_cat-ergaenzungen","8":"product_cat-fauna-marin-de","10":"first","11":"outofstock","12":"sale","13":"taxable","14":"shipping-taxable","15":"purchasable","16":"product-type-simple"},"acf":[],"brands":[{"id":2177,"name":"Fauna Marin","slug":"fauna-marin"}],"_links":{"self":[{"href":"https:\/\/www.seaflowerstore.com\/de\/wp-json\/wp\/v2\/product\/85208","targetHints":{"allow":["GET"]}}],"collection":[{"href":"https:\/\/www.seaflowerstore.com\/de\/wp-json\/wp\/v2\/product"}],"about":[{"href":"https:\/\/www.seaflowerstore.com\/de\/wp-json\/wp\/v2\/types\/product"}],"wp:featuredmedia":[{"embeddable":true,"href":"https:\/\/www.seaflowerstore.com\/de\/wp-json\/wp\/v2\/media\/84500"}],"wp:attachment":[{"href":"https:\/\/www.seaflowerstore.com\/de\/wp-json\/wp\/v2\/media?parent=85208"}],"wp:term":[{"taxonomy":"pwb-brand","embeddable":true,"href":"https:\/\/www.seaflowerstore.com\/de\/wp-json\/wp\/v2\/pwb-brand?post=85208"},{"taxonomy":"product_cat","embeddable":true,"href":"https:\/\/www.seaflowerstore.com\/de\/wp-json\/wp\/v2\/product_cat?post=85208"},{"taxonomy":"product_tag","embeddable":true,"href":"https:\/\/www.seaflowerstore.com\/de\/wp-json\/wp\/v2\/product_tag?post=85208"}],"curies":[{"name":"wp","href":"https:\/\/api.w.org\/{rel}","templated":true}]}}