{"id":85209,"date":"2022-10-22T15:11:56","date_gmt":"2022-10-22T13:12:44","guid":{"rendered":"https:\/\/www.seaflowerstore.com\/nl\/fauna-marin-elementals-trace-mo-250ml\/"},"modified":"2022-10-22T15:11:56","modified_gmt":"2022-10-22T13:12:44","slug":"fauna-marin-elementals-trace-mo-250ml","status":"publish","type":"product","link":"https:\/\/www.seaflowerstore.com\/de\/fauna-marin-elementals-trace-mo-250ml\/","title":{"rendered":"Fauna Marin Elementals Trace Mo &#8211; 250ml"},"content":{"rendered":"<h2>Fauna Marin Elementals Trace Mo &#8211; 250ml<\/h2>\n<p>Fauna Marin Elementals Trace Mo 250 ml ist eine hochreine Molybd\u00e4nl\u00f6sung, die zur Behebung von M\u00e4ngeln in Riffaquarien entwickelt wurde. Mit den Elementl\u00f6sungen von ELEMENTALS TRACE haben Sie eine kosteng\u00fcnstige und unkomplizierte M\u00f6glichkeit, verbrauchte Elemente in Ihrem Riffaquarium wieder aufzuf\u00fcllen.<\/p>\n<p>Bitte lesen Sie die Gebrauchsanweisung sorgf\u00e4ltig durch und bewahren Sie die L\u00f6sungen au\u00dferhalb der Reichweite von Haustieren und Kindern auf. Es ist wichtig, die erforderlichen Mengen vor jedem Gebrauch zu \u00fcberpr\u00fcfen und eine \u00dcberdosierung zu vermeiden. Diese Methode ist zwar sehr schonend, eine \u00dcberdosierung kann jedoch f\u00fcr Korallen sch\u00e4dlich sein.<\/p>\n<p>Sie k\u00f6nnen Ihre Wasserparameter mit dem Aquacalculator \u00fcberwachen: <a href=\"http:\/\/www.aquacalculator.com\" rel=\"nofollow noopener\" target=\"_blank\">www.aquacalculator.com<\/a>.<\/p>\n<p><strong>Dosierungsempfehlung:<\/strong><\/p>\n<ul>\n<li>1 ml \/ 100 l (26 US gal) erh\u00f6ht den Molybd\u00e4ngehalt um 6 <span class=\"entry_name\">\u00b5<\/span>g\/l<\/li>\n<\/ul>\n<p><strong>Maximale Tagesdosis:<\/strong><\/p>\n<ul>\n<li>Erh\u00f6hen Sie die Molybd\u00e4nmenge nicht um mehr als 6 <span class=\"entry_name\"><strong>\u00b5<\/strong><\/span>g\/l pro Tag.<\/li>\n<\/ul>\n<p><strong>Zutaten:<\/strong><\/p>\n<ul>\n<li>Wasser<\/li>\n<li>Organische und anorganische Molybd\u00e4nsalze<\/li>\n<li>Stabilisatoren<\/li>\n<\/ul>\n<p><strong>Lagerung:<\/strong><\/p>\n<ul>\n<li>Beh\u00e4lter nach dem \u00d6ffnen stets geschlossen halten.<\/li>\n<li>Fl\u00fcssigkeit bei Zimmertemperatur lagern und vor Licht sch\u00fctzen.<\/li>\n<\/ul>\n<p><strong>Sicherheitshinweis:<\/strong><\/p>\n<ul>\n<li>Dieses Produkt ist nur f\u00fcr die Verwendung im Aquarium bestimmt.<\/li>\n<li>Au\u00dferhalb der Reichweite von Kindern aufbewahren.<\/li>\n<li>Nicht verschlucken.<\/li>\n<li>Nicht zum Verzehr geeignet oder als Tiernahrung geeignet.<\/li>\n<li>Bei Haut- oder Augenkontakt gr\u00fcndlich mit viel Wasser absp\u00fclen.<\/li>\n<\/ul>\n","protected":false},"excerpt":{"rendered":"<p>Fauna Marin Elementals Trace Mo 250ml is a high purity molybdenum solution used for compensating deficiencies in reef aquariums<\/p>\n","protected":false},"featured_media":84499,"template":"","meta":[],"pwb-brand":[2177],"product_cat":[1391,1437],"product_tag":[],"class_list":{"0":"post-85209","1":"product","2":"type-product","3":"status-publish","4":"has-post-thumbnail","6":"pwb-brand-fauna-marin","7":"product_cat-ergaenzungen","8":"product_cat-fauna-marin-de","10":"first","11":"instock","12":"sale","13":"taxable","14":"shipping-taxable","15":"purchasable","16":"product-type-simple"},"acf":[],"brands":[{"id":2177,"name":"Fauna Marin","slug":"fauna-marin"}],"_links":{"self":[{"href":"https:\/\/www.seaflowerstore.com\/de\/wp-json\/wp\/v2\/product\/85209","targetHints":{"allow":["GET"]}}],"collection":[{"href":"https:\/\/www.seaflowerstore.com\/de\/wp-json\/wp\/v2\/product"}],"about":[{"href":"https:\/\/www.seaflowerstore.com\/de\/wp-json\/wp\/v2\/types\/product"}],"wp:featuredmedia":[{"embeddable":true,"href":"https:\/\/www.seaflowerstore.com\/de\/wp-json\/wp\/v2\/media\/84499"}],"wp:attachment":[{"href":"https:\/\/www.seaflowerstore.com\/de\/wp-json\/wp\/v2\/media?parent=85209"}],"wp:term":[{"taxonomy":"pwb-brand","embeddable":true,"href":"https:\/\/www.seaflowerstore.com\/de\/wp-json\/wp\/v2\/pwb-brand?post=85209"},{"taxonomy":"product_cat","embeddable":true,"href":"https:\/\/www.seaflowerstore.com\/de\/wp-json\/wp\/v2\/product_cat?post=85209"},{"taxonomy":"product_tag","embeddable":true,"href":"https:\/\/www.seaflowerstore.com\/de\/wp-json\/wp\/v2\/product_tag?post=85209"}],"curies":[{"name":"wp","href":"https:\/\/api.w.org\/{rel}","templated":true}]}}