{"id":85210,"date":"2022-10-22T14:56:17","date_gmt":"2022-10-22T12:56:17","guid":{"rendered":"https:\/\/www.seaflowerstore.com\/nl\/fauna-marin-elementals-trace-mn-250ml\/"},"modified":"2022-10-22T14:56:17","modified_gmt":"2022-10-22T12:56:58","slug":"fauna-marin-elementals-trace-mn-250ml","status":"publish","type":"product","link":"https:\/\/www.seaflowerstore.com\/de\/fauna-marin-elementals-trace-mn-250ml\/","title":{"rendered":"Fauna Marin Elementals Trace Mn &#8211; 250ml"},"content":{"rendered":"<h2>Fauna Marin Elementals Trace Mn &#8211; 250ml is a high purity manganese solution used for compensating manganese deficiencies in reef aquariums<\/h2>\n<p>Mit den ELEMENTALS TRACE Elementl\u00f6sungen k\u00f6nnen Sie die verbrauchten Elemente in Ihrem Riffaquarium kosteng\u00fcnstig und unkompliziert wieder auff\u00fcllen. Wichtig ist, dass Sie die Gebrauchsanweisung sorgf\u00e4ltig lesen und die L\u00f6sungen au\u00dferhalb der Reichweite von Haustieren und Kindern aufbewahren. \u00dcberpr\u00fcfen Sie vor jedem Gebrauch immer die erforderlichen Mengen und vermeiden Sie \u00dcberdosierungen. Obwohl diese Methode recht schonend ist, kann eine \u00dcberdosierung Korallen schaden.<\/p>\n<p>\u00dcberwachen Sie Ihre Wasserparameter unbedingt mit dem Aquacalculator: <a href=\"http:\/\/www.aquacalculator.com\" rel=\"nofollow noopener\" target=\"_blank\">www.aquacalculator.com<\/a>.<\/p>\n<p><strong>Dosierungsempfehlung:<\/strong><\/p>\n<ul>\n<li>1 ml pro 100 Liter (26 US-Gallonen) erh\u00f6ht den Mangangehalt um 4 <span class=\"entry_name\">\u00b5<\/span>g\/l.<\/li>\n<\/ul>\n<p><strong>Maximale Tagesdosis:<\/strong><\/p>\n<ul>\n<li>Erh\u00f6hen Sie die Manganmenge nicht um mehr als 1 <span class=\"entry_name\">\u00b5<\/span>g\/l pro Tag.<\/li>\n<\/ul>\n<p><strong>Zutaten:<\/strong><\/p>\n<ul>\n<li>Wasser<\/li>\n<li>Organische und anorganische Mangansalze<\/li>\n<li>Stabilisatoren<\/li>\n<\/ul>\n<p><strong>Lagerung:<\/strong><\/p>\n<ul>\n<li>Nach dem \u00d6ffnen stets verschlossen aufbewahren.<\/li>\n<li>Fl\u00fcssigkeit bei Zimmertemperatur und lichtgesch\u00fctzt lagern.<\/li>\n<\/ul>\n<p><strong>Sicherheitshinweis:<\/strong><\/p>\n<ul>\n<li>Dieses Produkt ist nur f\u00fcr die Verwendung im Aquarium bestimmt!<\/li>\n<li>Au\u00dferhalb der Reichweite von Kindern aufbewahren!<\/li>\n<li>Nicht verschlucken!<\/li>\n<li>Nicht zum Verzehr oder als Tiernahrung geeignet.<\/li>\n<li>Bei Haut- oder Augenkontakt gr\u00fcndlich mit viel Wasser absp\u00fclen.<\/li>\n<\/ul>\n","protected":false},"excerpt":{"rendered":"<p>Fauna Marin Elementals Trace Mn is a high purity manganese solution used for compensating manganese deficiencies in reef aquariums<\/p>\n","protected":false},"featured_media":84498,"template":"","meta":[],"pwb-brand":[2177],"product_cat":[1391,1437],"product_tag":[],"class_list":{"0":"post-85210","1":"product","2":"type-product","3":"status-publish","4":"has-post-thumbnail","6":"pwb-brand-fauna-marin","7":"product_cat-ergaenzungen","8":"product_cat-fauna-marin-de","10":"first","11":"outofstock","12":"sale","13":"taxable","14":"shipping-taxable","15":"purchasable","16":"product-type-simple"},"acf":[],"brands":[{"id":2177,"name":"Fauna Marin","slug":"fauna-marin"}],"_links":{"self":[{"href":"https:\/\/www.seaflowerstore.com\/de\/wp-json\/wp\/v2\/product\/85210","targetHints":{"allow":["GET"]}}],"collection":[{"href":"https:\/\/www.seaflowerstore.com\/de\/wp-json\/wp\/v2\/product"}],"about":[{"href":"https:\/\/www.seaflowerstore.com\/de\/wp-json\/wp\/v2\/types\/product"}],"wp:featuredmedia":[{"embeddable":true,"href":"https:\/\/www.seaflowerstore.com\/de\/wp-json\/wp\/v2\/media\/84498"}],"wp:attachment":[{"href":"https:\/\/www.seaflowerstore.com\/de\/wp-json\/wp\/v2\/media?parent=85210"}],"wp:term":[{"taxonomy":"pwb-brand","embeddable":true,"href":"https:\/\/www.seaflowerstore.com\/de\/wp-json\/wp\/v2\/pwb-brand?post=85210"},{"taxonomy":"product_cat","embeddable":true,"href":"https:\/\/www.seaflowerstore.com\/de\/wp-json\/wp\/v2\/product_cat?post=85210"},{"taxonomy":"product_tag","embeddable":true,"href":"https:\/\/www.seaflowerstore.com\/de\/wp-json\/wp\/v2\/product_tag?post=85210"}],"curies":[{"name":"wp","href":"https:\/\/api.w.org\/{rel}","templated":true}]}}