{"id":85211,"date":"2022-10-22T14:42:16","date_gmt":"2022-10-22T12:42:51","guid":{"rendered":"https:\/\/www.seaflowerstore.com\/nl\/fauna-marin-trace-li-250ml\/"},"modified":"2022-10-22T14:42:16","modified_gmt":"2022-10-22T12:42:51","slug":"fauna-marin-trace-li-250ml","status":"publish","type":"product","link":"https:\/\/www.seaflowerstore.com\/de\/fauna-marin-trace-li-250ml\/","title":{"rendered":"Fauna Marin Trace Li &#8211; 250ml"},"content":{"rendered":"<h2>Fauna Marin Trace Li &#8211; 250ml<\/h2>\n<p>Fauna Marin Trace Li ist eine hochreine Lithiuml\u00f6sung, die entwickelt wurde, um Lithiummangel in Riffaquarien zu beheben. Mit den Elementl\u00f6sungen von ELEMENTALS TRACE k\u00f6nnen Sie ersch\u00f6pfte Elemente in Ihrem Riffaquarium einfach und kosteng\u00fcnstig wieder auff\u00fcllen.<\/p>\n<p>Bitte nehmen Sie sich einen Moment Zeit, um das Handbuch gr\u00fcndlich durchzulesen, und stellen Sie sicher, dass die L\u00f6sungen au\u00dferhalb der Reichweite von Haustieren und Kindern aufbewahrt werden. Es ist wichtig, die erforderlichen Mengen vor jedem Gebrauch zu \u00fcberpr\u00fcfen und eine \u00dcberdosierung zu vermeiden. Obwohl diese Methode sehr schonend ist, kann eine \u00dcberdosierung Ihren Korallen schaden.<\/p>\n<p>Vergessen Sie nicht, Ihre Wasserparameter mit dem Aquacalculator zu \u00fcberpr\u00fcfen: <a href=\"http:\/\/www.aquacalculator.com\" rel=\"nofollow noopener\" target=\"_blank\">www.aquacalculator.com<\/a><\/p>\n<p><strong>Dosierungsempfehlung:<\/strong><\/p>\n<ul>\n<li>1 ml pro 100 Liter (26 US-Gallonen) erh\u00f6ht den Lithiumgehalt um 15 \u00b5g\/l.<\/li>\n<\/ul>\n<p><strong>Maximale Tagesdosis:<\/strong><\/p>\n<ul>\n<li>Erh\u00f6hen Sie die Kobaltzufuhr nicht um mehr als 30 \u00b5g\/l pro Tag.<\/li>\n<\/ul>\n<p><strong>Zutaten:<\/strong><\/p>\n<ul>\n<li>Wasser<\/li>\n<li>Organische und anorganische Lithiumverbindungen<\/li>\n<li>Lithiumsalze<\/li>\n<li>Stabilisatoren<\/li>\n<\/ul>\n<p><strong>Lagerung:<\/strong><\/p>\n<ul>\n<li>Beh\u00e4lter nach dem \u00d6ffnen stets geschlossen halten.<\/li>\n<li>Fl\u00fcssigkeit bei Zimmertemperatur und lichtgesch\u00fctzt lagern.<\/li>\n<\/ul>\n<p><strong>Sicherheitshinweis:<\/strong><\/p>\n<p>Dieses Produkt ist nur f\u00fcr den Einsatz im Aquarium bestimmt! Bitte au\u00dferhalb der Reichweite von Kindern aufbewahren und nicht verschlucken. Es ist nicht zum Verzehr oder als Tiernahrung geeignet. H319 Verursacht schwere Augenreizungen. Bei Kontakt mit den Augen mehrere Minuten lang behutsam mit Wasser aussp\u00fclen. Wenn Sie Kontaktlinsen tragen, entfernen Sie diese, falls dies leicht m\u00f6glich ist. Weiter aussp\u00fclen.<\/p>\n","protected":false},"excerpt":{"rendered":"<p>Fauna Marin Trace Li\u00a0is a high purity lithium solution used for compensating lithium deficiencies in reef aquariums<\/p>\n","protected":false},"featured_media":84497,"template":"","meta":[],"pwb-brand":[2177],"product_cat":[1391,1437],"product_tag":[],"class_list":{"0":"post-85211","1":"product","2":"type-product","3":"status-publish","4":"has-post-thumbnail","6":"pwb-brand-fauna-marin","7":"product_cat-ergaenzungen","8":"product_cat-fauna-marin-de","10":"first","11":"outofstock","12":"sale","13":"taxable","14":"shipping-taxable","15":"purchasable","16":"product-type-simple"},"acf":[],"brands":[{"id":2177,"name":"Fauna Marin","slug":"fauna-marin"}],"_links":{"self":[{"href":"https:\/\/www.seaflowerstore.com\/de\/wp-json\/wp\/v2\/product\/85211","targetHints":{"allow":["GET"]}}],"collection":[{"href":"https:\/\/www.seaflowerstore.com\/de\/wp-json\/wp\/v2\/product"}],"about":[{"href":"https:\/\/www.seaflowerstore.com\/de\/wp-json\/wp\/v2\/types\/product"}],"wp:featuredmedia":[{"embeddable":true,"href":"https:\/\/www.seaflowerstore.com\/de\/wp-json\/wp\/v2\/media\/84497"}],"wp:attachment":[{"href":"https:\/\/www.seaflowerstore.com\/de\/wp-json\/wp\/v2\/media?parent=85211"}],"wp:term":[{"taxonomy":"pwb-brand","embeddable":true,"href":"https:\/\/www.seaflowerstore.com\/de\/wp-json\/wp\/v2\/pwb-brand?post=85211"},{"taxonomy":"product_cat","embeddable":true,"href":"https:\/\/www.seaflowerstore.com\/de\/wp-json\/wp\/v2\/product_cat?post=85211"},{"taxonomy":"product_tag","embeddable":true,"href":"https:\/\/www.seaflowerstore.com\/de\/wp-json\/wp\/v2\/product_tag?post=85211"}],"curies":[{"name":"wp","href":"https:\/\/api.w.org\/{rel}","templated":true}]}}