{"id":85213,"date":"2022-10-19T20:44:47","date_gmt":"2022-10-19T18:50:08","guid":{"rendered":"https:\/\/www.seaflowerstore.com\/nl\/reef-factory-kh-test\/"},"modified":"2024-12-19T14:39:28","modified_gmt":"2024-12-19T13:39:28","slug":"reef-factory-kh-test-2-0","status":"publish","type":"product","link":"https:\/\/www.seaflowerstore.com\/de\/reef-factory-kh-test-2-0\/","title":{"rendered":"Reef Factory KH Test 2.0"},"content":{"rendered":"<h2>Reef Factory Kh Smart Test kit quick measurement of carbonate hardness concentration in marine aquariums<\/h2>\n<p>Das KH Smart Testkit ist Teil einer Reihe von Tropfentests, die von Reef Factory LAB entwickelt wurden. Es wurde speziell f\u00fcr die schnelle Messung der Karbonath\u00e4rtekonzentration in Meerwasseraquarien bequem von zu Hause aus entwickelt. Mit diesem Kit k\u00f6nnen Sie ungef\u00e4hr 100 Tests im Bereich von 3 bis 15 dKH durchf\u00fchren.<\/p>\n<p><strong>Besonderheiten des Produkts:<\/strong><\/p>\n<ul>\n<li>100 Tests im Bereich von 3 bis 15 dKH<\/li>\n<li>Kompatibel mit dem Smart Reef-System<\/li>\n<li>Interaktive Anweisungen<\/li>\n<li>Neue fl\u00fcssige Formulierung aller Reagenzien<\/li>\n<li>Einfache Durchf\u00fchrung und Ablesung des Testergebnisses<\/li>\n<li>Laborbest\u00e4tigte Qualit\u00e4t<\/li>\n<li>Direkte Empfehlungen in der Anwendung<\/li>\n<\/ul>\n<p>Mit Smart Reef erh\u00e4lt der Tropfentest eine ganz neue Bedeutung. Dank der Integration mit der Anwendung und dem Dosierpanel wird die Interpretation der Ergebnisse sehr einfach. Die auf einer klaren Skala dargestellten Ergebnisse liefern unkomplizierte Empfehlungen, wie der Parameter im optimalen Bereich gehalten werden kann. Dar\u00fcber hinaus speichert das Dosierpanel den Verlauf der Messungen und erm\u00f6glicht es Ihnen, Ihren Parameterverlauf bequem mit anderen Hobbyisten zu teilen. So viel Komfort in nur einer App!<\/p>\n<p><strong>So nehmen Sie Messungen mit dem KH Smart-Testkit vor:<\/strong><\/p>\n<ol>\n<li>Nehmen Sie mit einer Spritze 5 ml Wasser aus dem Aquarium und gie\u00dfen Sie es in das Fl\u00e4schchen.<\/li>\n<li>Sch\u00fctteln Sie das KH-Reagenz und geben Sie dann 2 Tropfen der Fl\u00fcssigkeit in das Reagenzglas. R\u00fchren Sie das Fl\u00e4schchen vorsichtig in kreisenden Bewegungen. Die Fl\u00fcssigkeit im Reagenzglas sollte gr\u00fcn werden.<\/li>\n<li>Befestigen Sie die Dosiernadel an einer 1-ml-Spritze.<\/li>\n<li>Ziehen Sie 1 ml KH-Reagenz 2 auf. Die Spitze des Kolbens sollte genau 1 ml anzeigen. <strong>Hinweis:<\/strong> Luft zwischen der Fl\u00fcssigkeit und dem Kolben beeintr\u00e4chtigt die Genauigkeit des Tests nicht.<\/li>\n<li>Geben Sie mithilfe der Spritze mit der Dosiernadel KH-Reagenz 2 tropfenweise direkt in die Fl\u00fcssigkeit im Reagenzglas und achten Sie darauf, dass es nicht an den W\u00e4nden klebt. R\u00fchren Sie das Reagenzglas nach jedem Tropfen um und achten Sie auf eine Farb\u00e4nderung.<\/li>\n<li>Die gr\u00fcne L\u00f6sung wird allm\u00e4hlich eine \u00dcbergangsfarbe annehmen \u2013 graubraun. Wenn Sie feststellen, dass die Fl\u00fcssigkeit amaranthfarben (violett) geworden ist, h\u00f6ren Sie auf, Tropfen hinzuzuf\u00fcgen.<\/li>\n<li>Lesen Sie den Wert der verbleibenden Fl\u00fcssigkeit in der Spritze KH-Reagenz 2 ab, der durch den Kolben der Spritze angezeigt wird. Vergleichen Sie diesen mit der Ergebnistabelle oder geben Sie ihn in das Smart Reef-Benutzerfeld ein.<\/li>\n<\/ol>\n<p><strong>Weitere Schritte:<\/strong><\/p>\n<p>Basierend auf den Testergebnissen gibt Ihnen das Smart Reef-System Erg\u00e4nzungsempfehlungen, um die besten Lebensbedingungen f\u00fcr Ihre Korallen aufrechtzuerhalten. Sie k\u00f6nnen diese Empfehlungen manuell eingeben oder, wenn Sie unsere Dosierpumpen haben, diese direkt an die Pumpen senden. Auf diese Weise geben sie die genauen Mengen an Erg\u00e4nzungsmitteln ab, die erforderlich sind, um sicherzustellen, dass Ihre Wassertiere die lebenswichtigen Elemente erhalten, die sie ben\u00f6tigen.<\/p>\n<p><strong>SPEZIFIKATIONEN<\/strong><\/p>\n<p>Inhalt des Sets:<\/p>\n<ul>\n<li>Bedienungsanleitung<\/li>\n<li>Ampulle<\/li>\n<li>Spritze<\/li>\n<li>KH-Reagenz 1<\/li>\n<li>KH-Reagenz 2<\/li>\n<li>Dosierspritze<\/li>\n<li>Dosiernadel<\/li>\n<\/ul>\n<h3>Neuigkeiten: Verbesserte Testkits mit Erweiterter Funktionalit\u00e4t<\/h3>\n<p>Unsere aktualisierten Testkits wurden entwickelt, um die \u00dcberwachung von Wasserparametern einfacher, genauer und komfortabler zu machen. Entdecken Sie die neuen Funktionen:<\/p>\n<h3>Wichtigste Verbesserungen<\/h3>\n<ul>\n<li><strong>Einfacher und bequemer:<\/strong> Interaktive Anleitungen und Testergebnisse sind jetzt nahtlos in das Parameterpanel der Smart Reef-App integriert.<\/li>\n<li><strong>Verbesserte Ergebnisanzeige:<\/strong> Klarere, wasserfeste Messskalen f\u00fcr pr\u00e4zisere Ergebnisse.<\/li>\n<li><strong>Premium-Verpackung und Organisation:<\/strong> Robuste und praktische Au\u00dfenverpackung mit gut organisierten Komponenten im Inneren.<\/li>\n<li><strong>Hochwertige Kittbestandteile:<\/strong> Enth\u00e4lt Glastestr\u00f6hrchen f\u00fcr NO3 und PO4, eine gro\u00dfe Spritze und ergonomische Tropfer.<\/li>\n<li><strong>L\u00e4ngere Haltbarkeit:<\/strong> Gew\u00e4hrleistet zuverl\u00e4ssige Leistung \u00fcber einen l\u00e4ngeren Zeitraum.<\/li>\n<li><strong>Einfachere Datenintegration:<\/strong> Testergebnisse werden w\u00e4hrend der interaktiven Anweisungen automatisch in das Parameterpanel der Smart Reef-App exportiert.<\/li>\n<li><strong>Mehrsprachige Anleitungen:<\/strong> Verf\u00fcgbar in sechs Sprachen \u2013 Englisch, Polnisch, Deutsch, Franz\u00f6sisch, Italienisch und Spanisch \u2013 sowohl in der App als auch in Papierform.<\/li>\n<\/ul>\n<p><strong>Zusammenfassung:<\/strong> Die neuen Testkits sind benutzerfreundlicher, bieten eine verbesserte Verpackung und hochwertige Komponenten und erm\u00f6glichen eine nahtlose Integration in die Smart Reef-App.<\/p>\n","protected":false},"excerpt":{"rendered":"<p>Reef Factory Kh Smart Test kit quick measurement of carbonate hardness concentration in marine aquariums<\/p>\n","protected":false},"featured_media":84492,"template":"","meta":[],"pwb-brand":[2285],"product_cat":[1400],"product_tag":[],"class_list":{"0":"post-85213","1":"product","2":"type-product","3":"status-publish","4":"has-post-thumbnail","6":"pwb-brand-reef-factory","7":"product_cat-tester","9":"first","10":"outofstock","11":"taxable","12":"shipping-taxable","13":"purchasable","14":"product-type-simple"},"acf":[],"brands":[{"id":2285,"name":"Reef Factory","slug":"reef-factory"}],"_links":{"self":[{"href":"https:\/\/www.seaflowerstore.com\/de\/wp-json\/wp\/v2\/product\/85213","targetHints":{"allow":["GET"]}}],"collection":[{"href":"https:\/\/www.seaflowerstore.com\/de\/wp-json\/wp\/v2\/product"}],"about":[{"href":"https:\/\/www.seaflowerstore.com\/de\/wp-json\/wp\/v2\/types\/product"}],"wp:featuredmedia":[{"embeddable":true,"href":"https:\/\/www.seaflowerstore.com\/de\/wp-json\/wp\/v2\/media\/84492"}],"wp:attachment":[{"href":"https:\/\/www.seaflowerstore.com\/de\/wp-json\/wp\/v2\/media?parent=85213"}],"wp:term":[{"taxonomy":"pwb-brand","embeddable":true,"href":"https:\/\/www.seaflowerstore.com\/de\/wp-json\/wp\/v2\/pwb-brand?post=85213"},{"taxonomy":"product_cat","embeddable":true,"href":"https:\/\/www.seaflowerstore.com\/de\/wp-json\/wp\/v2\/product_cat?post=85213"},{"taxonomy":"product_tag","embeddable":true,"href":"https:\/\/www.seaflowerstore.com\/de\/wp-json\/wp\/v2\/product_tag?post=85213"}],"curies":[{"name":"wp","href":"https:\/\/api.w.org\/{rel}","templated":true}]}}