{"id":85216,"date":"2022-10-18T12:19:36","date_gmt":"2022-10-18T10:19:36","guid":{"rendered":"https:\/\/www.seaflowerstore.com\/nl\/triton-core7-flex-base-elements\/"},"modified":"2022-10-18T12:19:36","modified_gmt":"2022-10-18T10:24:43","slug":"triton-core7-flex-base-elements","status":"publish","type":"product","link":"https:\/\/www.seaflowerstore.com\/de\/triton-core7-flex-base-elements\/","title":{"rendered":"Triton Core7 Flex Base Elements"},"content":{"rendered":"<h2>Triton Core7 Flex Base Elements can form 2 or 4 solutions to save space on your dosing pumps<\/h2>\n<p>CORE7 Flex ist eine fortschrittliche professionelle Dosierl\u00f6sung, die entwickelt wurde, um die nat\u00fcrlichen Meerwasserparameter f\u00fcr Meerwasseraquarien mithilfe der TRITON-Methode aufrechtzuerhalten und zu erg\u00e4nzen. CORE7 Flex bietet Leistung, Wert und Stabilit\u00e4t, die von keinem anderen heute erh\u00e4ltlichen Produkt oder Verfahren erreicht werden.<\/p>\n<p>Was CORE7 einzigartig macht, ist seine Rezeptur, die auf zehn Jahren intensiver Forschung und \u00fcber 100.000 Laboranalysen beruht. Diese Forschung konzentriert sich auf das Verst\u00e4ndnis, wie sich Meerwasser in geschlossenen Systemen verh\u00e4lt. TRITON CORE7 ist die einzige Dosierl\u00f6sung, die auf echter wissenschaftlicher Forschung zu den biochemischen Prozessen in einem Meerwasseraquarium basiert.<\/p>\n<p>Gem\u00e4\u00df der TRITON-Methode bieten diese L\u00f6sungen das wesentliche nat\u00fcrliche Gleichgewicht von Makro- und Spurenelementen, das f\u00fcr ein bl\u00fchendes Meerwasseraquarium erforderlich ist. Sie helfen, ionische Ungleichgewichte zu verhindern und reduzieren die Notwendigkeit h\u00e4ufiger Wasserwechsel.<\/p>\n<p>Mit diesem Flex-Set k\u00f6nnen Sie entweder ein 2x 2L Zweikomponenten-Dosiersystem oder ein 4x 1L Dosiersystem erstellen.<\/p>\n<p><strong>Erstellen:<\/strong><\/p>\n<p><strong>4x 1L<\/strong><\/p>\n<ul>\n<li><strong>L\u00f6sung (1):<\/strong> Mischen Sie das Pulver aus Beutel A und Beutel D mit Fl\u00fcssigkeit 1b in 700ml RO\/DI-Wasser, um 1L L\u00f6sung zu erhalten. Dadurch entsteht die (MG\/K\/Sr\/F\/B\/Br&#8230;1L Ionenl\u00f6sung). Gie\u00dfen Sie die L\u00f6sung nach dem Mischen in den Messbeh\u00e4lter.<\/li>\n<li><strong>L\u00f6sung (2):<\/strong> Mischen Sie das Pulver aus Beutel B in 800ml RO\/DI-Wasser, um 1L L\u00f6sung zu erhalten. Dies ist Ihre (CA&#8230;Ionenl\u00f6sung). Sobald alles vermischt ist, f\u00fcllen Sie die L\u00f6sung in den Messbecher.<\/li>\n<li><strong>L\u00f6sung (3a):<\/strong> Mischen Sie das Pulver aus 1x Beutel C in 960 ml RO\/DI-Wasser, um 1 l L\u00f6sung zu erhalten. Dies ist die (ALK\/DKH-L\u00f6sung). Gie\u00dfen Sie die L\u00f6sung in den Messbeh\u00e4lter.<\/li>\n<li><strong>L\u00f6sung (3b):<\/strong> Mischen Sie erneut Pulver aus 1x Beutel C in 960 ml RO\/DI-Wasser, um einen weiteren 1 l L\u00f6sung zu erhalten. Dies ist ebenfalls eine (ALK\/DKH-L\u00f6sung). F\u00fcllen Sie diese L\u00f6sung in den Messbeh\u00e4lter.<\/li>\n<\/ul>\n<p><strong>2x 2 l<\/strong><\/p>\n<ul>\n<li><strong>L\u00f6sung (1):<\/strong> Mischen Sie das Pulver aus Beutel A und Beutel B mit Fl\u00fcssigkeit 1b in 1500 ml RO\/DI-Wasser, um eine 2 l-L\u00f6sung zu erhalten. Dies ist Ihre (CA\/MG\/K\/Sr\/F\/B\/Br&#8230;ionische L\u00f6sung). Gie\u00dfen Sie die L\u00f6sung nach dem Mischen in einen Messbeh\u00e4lter.<\/li>\n<li><strong>L\u00f6sung (2):<\/strong> Mischen Sie die Pulver aus 2x Beutel C und Beutel D in 1930 ml RO\/DI-Wasser, um eine weitere 2-Liter-L\u00f6sung herzustellen. Dies ist Ihre (ALK\/DKH-L\u00f6sung). F\u00fcllen Sie diese L\u00f6sung nach dem Mischen in den Messbecher.<\/li>\n<\/ul>\n","protected":false},"excerpt":{"rendered":"<p>Triton Core7 Flex Base Elements can form 2 or 4 solutions to save space on your dosing pumps<\/p>\n","protected":false},"featured_media":84484,"template":"","meta":[],"pwb-brand":[2181],"product_cat":[1391,1392],"product_tag":[],"class_list":{"0":"post-85216","1":"product","2":"type-product","3":"status-publish","4":"has-post-thumbnail","6":"pwb-brand-triton","7":"product_cat-ergaenzungen","8":"product_cat-triton-de","10":"first","11":"outofstock","12":"taxable","13":"shipping-taxable","14":"purchasable","15":"product-type-simple"},"acf":[],"brands":[{"id":2181,"name":"Triton","slug":"triton"}],"_links":{"self":[{"href":"https:\/\/www.seaflowerstore.com\/de\/wp-json\/wp\/v2\/product\/85216","targetHints":{"allow":["GET"]}}],"collection":[{"href":"https:\/\/www.seaflowerstore.com\/de\/wp-json\/wp\/v2\/product"}],"about":[{"href":"https:\/\/www.seaflowerstore.com\/de\/wp-json\/wp\/v2\/types\/product"}],"wp:featuredmedia":[{"embeddable":true,"href":"https:\/\/www.seaflowerstore.com\/de\/wp-json\/wp\/v2\/media\/84484"}],"wp:attachment":[{"href":"https:\/\/www.seaflowerstore.com\/de\/wp-json\/wp\/v2\/media?parent=85216"}],"wp:term":[{"taxonomy":"pwb-brand","embeddable":true,"href":"https:\/\/www.seaflowerstore.com\/de\/wp-json\/wp\/v2\/pwb-brand?post=85216"},{"taxonomy":"product_cat","embeddable":true,"href":"https:\/\/www.seaflowerstore.com\/de\/wp-json\/wp\/v2\/product_cat?post=85216"},{"taxonomy":"product_tag","embeddable":true,"href":"https:\/\/www.seaflowerstore.com\/de\/wp-json\/wp\/v2\/product_tag?post=85216"}],"curies":[{"name":"wp","href":"https:\/\/api.w.org\/{rel}","templated":true}]}}