{"id":85217,"date":"2022-10-16T16:20:56","date_gmt":"2022-10-16T14:22:17","guid":{"rendered":"https:\/\/www.seaflowerstore.com\/nl\/tropic-marin-phos-feed-300-g\/"},"modified":"2022-10-16T16:20:56","modified_gmt":"2022-10-16T14:22:17","slug":"tropic-marin-phos-feed-300-g","status":"publish","type":"product","link":"https:\/\/www.seaflowerstore.com\/de\/tropic-marin-phos-feed-300-g\/","title":{"rendered":"Tropic Marin Phos-Feed &#8211; 300 g"},"content":{"rendered":"<h2>Tropic Marin Phos-Feed &#8211; 300 g<\/h2>\n<h2>Tropic Marin Phos-Feed Partikelf\u00f6rmiges Phosphat zur gezielten N\u00e4hrstoffversorgung von Korallen<\/h2>\n<p>Phosphat ist ein wichtiger N\u00e4hrstoff, der oft in gro\u00dfen Mengen konsumiert wird und in Riffaquarien sowie in unverschmutzten nat\u00fcrlichen Korallenriffen h\u00e4ufig nur in geringen Mengen vorhanden ist. Es spielt eine wesentliche Rolle bei den Wachstumsprozessen von Korallenskeletten und -geweben.<\/p>\n<p>In einer nat\u00fcrlichen Korallenriffumgebung geben Fische und Plankton unl\u00f6sliche, partikul\u00e4re Phosphatformen ab, die f\u00fcr den Stoffwechsel und das Wachstum von Korallen lebenswichtig sind. Diese Partikel k\u00f6nnen leicht aus dem Wasser gefiltert und von Korallen verwertet werden. Tropic Marin\u00ae hat dieses nat\u00fcrliche Prinzip in seinem innovativen Produkt Tropic Marin\u00ae Phos-Feed genutzt, das f\u00fcr eine kontinuierliche Phosphatversorgung in Riffaquarien entwickelt wurde.<\/p>\n<p>Tropic Marin\u00ae Phos-Feed ist von den nat\u00fcrlichen Mechanismen der Phosphatversorgung inspiriert, die in wilden Korallenriffumgebungen vorkommen. Dieses Produkt erm\u00f6glicht eine gezielte Dosierung von Phosphat in Ihrem Riffaquarium, ohne dass die Phosphatkonzentration im Wasser dauerhaft ansteigt. Dadurch wird das Korallenwachstum angeregt und die Korallen zeigen nat\u00fcrliche Skelettentwicklungsmuster und leuchtende Farben, genau wie in gesunden Korallenriffen. Die Verabreichung unl\u00f6slicher partikul\u00e4rer Phosphate ist die effektivste Methode, um Korallen mit diesem lebenswichtigen N\u00e4hrstoff zu versorgen.<\/p>\n<p>Mit einem gezielten Anwendungsansatz k\u00f6nnen Sie durch die Verwendung unl\u00f6slicher partikul\u00e4rer Inhaltsstoffe eine optimale Dosierungskontrolle und Wirksamkeit erreichen und dabei auf den besten nat\u00fcrlichen biologischen Prinzipien aufbauen.<\/p>\n<h3>Vorteile<\/h3>\n<ul>\n<li>\n<p>Inspiriert von den besten nat\u00fcrlichen biologischen Prinzipien verwendet Tropic Marin\u00ae Phos-Feed einen innovativen Transportmechanismus, um Korallen Phosphate zuzuf\u00fchren.<\/p>\n<\/li>\n<li>\n<p>Dieses Produkt enth\u00e4lt unl\u00f6sliche partikul\u00e4re Phosphate, die verschiedene biologische Prozesse in Korallen verbessern und so ein st\u00e4rkeres Wachstum und leuchtendere Farben f\u00f6rdern.<\/p>\n<\/li>\n<li>\n<p>Eingebaute Halogenspurenelemente wie Jod, Fluorid und Bromid ersetzen Elemente, die durch das erh\u00f6hte Wachstum von Kalkrotalgen und Korallen verbraucht werden.<\/p>\n<\/li>\n<li>\n<p>Neuere Studien zeigen, dass unl\u00f6sliche, partikul\u00e4re Phosphate f\u00fcr das Korallenwachstum deutlich effektiver sind und Pflege als ihre gel\u00f6sten Gegenst\u00fccke.<\/p>\n<\/li>\n<li>\n<p>Tropic Marin\u00ae Phos-Feed und Tropic Marin Phos-Start sind die ersten Produkte, die Phosphate in Partikelform liefern und so eine gezielte und dosierte Versorgung der Korallen gew\u00e4hrleisten.<\/p>\n<\/li>\n<\/ul>\n<h4><strong>Inhaltsstoffe<\/strong><\/h4>\n<p>Phosphatmineralpulver, Spurenelemente (Jodid, Fluorid und Bromid), passiver Inhaltsstoff: Pro-Reef Sea Salt<\/p>\n<h4><strong>Anwendung &#038; Dosierung<\/strong><\/h4>\n<p><strong>Anwendung:<\/strong> Tropic Marin\u00ae Phos-Feed kann zu jeder Tages- und Nachtzeit zugegeben werden. Da es jedoch das Wasser leicht tr\u00fcben kann, empfehlen wir die Anwendung etwa zu den Zeiten, wenn die Lichter ausgeschaltet sind, um das n\u00e4chtliche \u00d6ffnen der Polypen der Korallen auszunutzen. Die vor\u00fcbergehende Tr\u00fcbung ist normal und verschwindet nach kurzer Zeit.<\/p>\n<p>Zur Anwendung f\u00fcllen Sie einen Beh\u00e4lter zur H\u00e4lfte mit ca. 200 ml Umkehrosmosewasser und geben die berechnete Menge Tropic Marin\u00ae Phos-Feed hinzu. Pulver und Wasser unter R\u00fchren gr\u00fcndlich vermischen, anschlie\u00dfend die Suspension in die Str\u00f6mung des Aquariums gie\u00dfen und den Becher mit Aquarienwasser aussp\u00fclen.<\/p>\n<p><strong>Dosierung:<\/strong> Beginnen Sie mit einer t\u00e4glichen Dosierung von 1 ml (mit einem kleinen Messl\u00f6ffel) Tropic Marin\u00ae Phos-Feed pro 200 l Aquarienwasser. Erreicht die Phosphatkonzentration nach vier Wochen keinen Wert zwischen 0,05 ppm und 0,15 ppm, verdoppeln Sie die Dosierung auf 2 ml (mit einem gr\u00f6\u00dferen Messl\u00f6ffel) pro 200 l. Wir empfehlen, eine maximale Dosierung von 4 ml pro 200 l nicht zu \u00fcberschreiten.<\/p>\n","protected":false},"excerpt":{"rendered":"<p>Tropic Marin Phos-Feed Particulate phosphate for targeted coral nutrient supply<\/p>\n","protected":false},"featured_media":84480,"template":"","meta":[],"pwb-brand":[2151],"product_cat":[1391],"product_tag":[],"class_list":{"0":"post-85217","1":"product","2":"type-product","3":"status-publish","4":"has-post-thumbnail","6":"pwb-brand-tropic-marin","7":"product_cat-ergaenzungen","9":"first","10":"outofstock","11":"taxable","12":"shipping-taxable","13":"purchasable","14":"product-type-simple"},"acf":[],"brands":[{"id":2151,"name":"Tropic Marin","slug":"tropic-marin"}],"_links":{"self":[{"href":"https:\/\/www.seaflowerstore.com\/de\/wp-json\/wp\/v2\/product\/85217","targetHints":{"allow":["GET"]}}],"collection":[{"href":"https:\/\/www.seaflowerstore.com\/de\/wp-json\/wp\/v2\/product"}],"about":[{"href":"https:\/\/www.seaflowerstore.com\/de\/wp-json\/wp\/v2\/types\/product"}],"wp:featuredmedia":[{"embeddable":true,"href":"https:\/\/www.seaflowerstore.com\/de\/wp-json\/wp\/v2\/media\/84480"}],"wp:attachment":[{"href":"https:\/\/www.seaflowerstore.com\/de\/wp-json\/wp\/v2\/media?parent=85217"}],"wp:term":[{"taxonomy":"pwb-brand","embeddable":true,"href":"https:\/\/www.seaflowerstore.com\/de\/wp-json\/wp\/v2\/pwb-brand?post=85217"},{"taxonomy":"product_cat","embeddable":true,"href":"https:\/\/www.seaflowerstore.com\/de\/wp-json\/wp\/v2\/product_cat?post=85217"},{"taxonomy":"product_tag","embeddable":true,"href":"https:\/\/www.seaflowerstore.com\/de\/wp-json\/wp\/v2\/product_tag?post=85217"}],"curies":[{"name":"wp","href":"https:\/\/api.w.org\/{rel}","templated":true}]}}