{"id":85219,"date":"2022-10-16T15:36:30","date_gmt":"2022-10-16T13:43:07","guid":{"rendered":"https:\/\/www.seaflowerstore.com\/nl\/ocean-art-zeodetox\/"},"modified":"2022-10-16T15:36:30","modified_gmt":"2022-10-16T13:43:07","slug":"ocean-art-zeodetox","status":"publish","type":"product","link":"https:\/\/www.seaflowerstore.com\/de\/ocean-art-zeodetox\/","title":{"rendered":"Ocean Art Zeodetox"},"content":{"rendered":"<h2>Ocean Art Zeodetox removes unwanted heavy metals, toxins, chemicals and organics<\/h2>\n<p>Ocean Art Zeodetox ist ein einzigartiges Produkt aus sehr feinem Zeolithpulver (Klinoptilit) und Tonmineralien. Diese fantastische L\u00f6sung entfernt effektiv unerw\u00fcnschte Schwermetalle, Giftstoffe, Chemikalien und organische Stoffe, die in Ihrem Aquarium lauern k\u00f6nnen. Dadurch wird der Stress f\u00fcr Ihre Fische verringert und eine ges\u00fcndere Umgebung f\u00fcr alle Wasserlebewesen in Ihrem Aquarium gef\u00f6rdert.<\/p>\n<p>Hier sind einige der wichtigsten Vorteile der Verwendung von Zeodetox:<\/p>\n<ul>\n<li>Entfernt Schwermetalle, Giftstoffe und sch\u00e4dliche Chemikalien<\/li>\n<li>Erh\u00f6ht die Wasserklarheit und beseitigt gelbe Verf\u00e4rbungen<\/li>\n<li>Schafft eine bessere Umgebung f\u00fcr n\u00fctzliche Bakterien und begrenzt gleichzeitig sch\u00e4dliche Bakterien<\/li>\n<li>Entfernt Ammoniak und Ammonium<\/li>\n<\/ul>\n<p><strong>Dosierung<\/strong>: Verwenden Sie 25 ml pro 100 Liter Wasser.<\/p>\n<p>Zeodetox ist sowohl f\u00fcr S\u00fc\u00dfwasser- als auch f\u00fcr Salzwasseraquarien geeignet und sorgt daf\u00fcr, dass Sie einen sauberen und gesunden Lebensraum f\u00fcr Ihre Wasserfreunde aufrechterhalten k\u00f6nnen.<\/p>\n","protected":false},"excerpt":{"rendered":"<p>Ocean Art Zeodetox removes unwanted heavy metals, toxins, chemicals and organics from the aquarium water<\/p>\n","protected":false},"featured_media":84477,"template":"","meta":[],"pwb-brand":[2307],"product_cat":[1391,1390],"product_tag":[],"class_list":{"0":"post-85219","1":"product","2":"type-product","3":"status-publish","4":"has-post-thumbnail","6":"pwb-brand-ocean-art","7":"product_cat-ergaenzungen","8":"product_cat-medikamente","9":"pa_inhoud-1000-ml-de","10":"pa_inhoud-500-ml-de","12":"first","13":"instock","14":"taxable","15":"shipping-taxable","16":"purchasable","17":"product-type-variable"},"acf":[],"brands":[{"id":2307,"name":"Ocean Art","slug":"ocean-art"}],"_links":{"self":[{"href":"https:\/\/www.seaflowerstore.com\/de\/wp-json\/wp\/v2\/product\/85219","targetHints":{"allow":["GET"]}}],"collection":[{"href":"https:\/\/www.seaflowerstore.com\/de\/wp-json\/wp\/v2\/product"}],"about":[{"href":"https:\/\/www.seaflowerstore.com\/de\/wp-json\/wp\/v2\/types\/product"}],"wp:featuredmedia":[{"embeddable":true,"href":"https:\/\/www.seaflowerstore.com\/de\/wp-json\/wp\/v2\/media\/84477"}],"wp:attachment":[{"href":"https:\/\/www.seaflowerstore.com\/de\/wp-json\/wp\/v2\/media?parent=85219"}],"wp:term":[{"taxonomy":"pwb-brand","embeddable":true,"href":"https:\/\/www.seaflowerstore.com\/de\/wp-json\/wp\/v2\/pwb-brand?post=85219"},{"taxonomy":"product_cat","embeddable":true,"href":"https:\/\/www.seaflowerstore.com\/de\/wp-json\/wp\/v2\/product_cat?post=85219"},{"taxonomy":"product_tag","embeddable":true,"href":"https:\/\/www.seaflowerstore.com\/de\/wp-json\/wp\/v2\/product_tag?post=85219"}],"curies":[{"name":"wp","href":"https:\/\/api.w.org\/{rel}","templated":true}]}}