{"id":85222,"date":"2022-10-15T18:51:23","date_gmt":"2022-10-15T16:51:23","guid":{"rendered":"https:\/\/www.seaflowerstore.com\/nl\/fauna-marin-elementals-trace-cu-250ml\/"},"modified":"2022-10-15T18:51:23","modified_gmt":"2022-10-15T16:53:03","slug":"fauna-marin-elementals-trace-cu-250ml","status":"publish","type":"product","link":"https:\/\/www.seaflowerstore.com\/de\/fauna-marin-elementals-trace-cu-250ml\/","title":{"rendered":"Fauna Marin Elementals Trace Cu &#8211; 250ml"},"content":{"rendered":"<h2>Fauna Marin Elementals Trace Cu &#8211; 250ml<\/h2>\n<p>Fauna Marin Elementals Trace Cu ist eine hochkonzentrierte Kupferl\u00f6sung, die speziell f\u00fcr Meerwasseraquarien entwickelt wurde, um bestehende Kupferdefizite auszugleichen.<\/p>\n<p>Die Elementals-Serie ist f\u00fcr die Verwendung neben regelm\u00e4\u00dfigen ICP-Analysen konzipiert. Fauna Marin ICP-Analysen erm\u00f6glichen es Ihnen, Ihr Aquarium in optimalem Zustand zu halten, indem sie alle notwendigen Dosierungsempfehlungen basierend auf den gemessenen Werten liefern. Neben essentiellen Mengenelementen wie Kalzium, Magnesium und Karbonath\u00e4rte bietet Fauna Marin eine Auswahl an speziellen Elementen, die f\u00fcr eine gesunde Meeresumwelt entscheidend sind.<\/p>\n<p>Spurenelemente sind im Gegensatz zu Mengenelementen solche, die in Konzentrationen unter 1 mg\/l im Meerwasser vorkommen. Dazu geh\u00f6ren Kupfer, Chrom, Mangan, Selen, Eisen, Jod und Zink. Die Funktionen dieser Spurenelemente k\u00f6nnen erheblich variieren. Eine umfassende \u00dcbersicht \u00fcber die einzelnen Elemente und ihre Funktionen finden Sie in der Wissensdatenbank auf der Fauna Marin-Website.<\/p>\n<p>Spurenelemente sind zwar in verschiedenen Substanzen enthalten und k\u00f6nnen ins Aquarienwasser gelangen, ihr Mangel kann jedoch trotz ihrer relativ geringen erforderlichen Konzentrationen zu ernsthaften Problemen f\u00fchren. Daher ist die Sicherstellung einer ausreichenden Versorgung mit allen lebenswichtigen Spurenelementen f\u00fcr die Erhaltung eines gesunden Riffaquariums unerl\u00e4sslich.<\/p>\n<p>Die Einzelelementl\u00f6sungen von Fauna Marin bestehen aus reinsten Rohstoffen und werden je nach Funktion des Elements mit den entsprechenden organischen oder anorganischen Verbindungen hergestellt. Das Unternehmen nutzt seine eigene Korallenfarm und sein ICP-Labor sowohl f\u00fcr die Produktion als auch f\u00fcr die Qualit\u00e4tskontrolle.<\/p>\n<p><strong>Dosierung:<\/strong><\/p>\n<ul>\n<li>1 ml Elementals Trace Cu pro 100 Liter t\u00e4glich = +1 \u00b5g Kupfer pro Liter.<\/li>\n<\/ul>\n<p><strong>Dosierungsanleitung:<\/strong><\/p>\n<ul>\n<li>Die maximale Tagesdosis betr\u00e4gt +2 \u00b5g Kupfer pro Liter.<\/li>\n<\/ul>\n<p><strong>Zutaten:<\/strong><\/p>\n<ul>\n<li>Wasser<\/li>\n<li>Organische und anorganische Kupfersalze<\/li>\n<li>Stabilisatoren<\/li>\n<\/ul>\n<p><strong>Lagerungshinweis:<\/strong><\/p>\n<ul>\n<li>Dieses Produkt hat eine Mindesthaltbarkeit von ca. 3 Jahren.<\/li>\n<li>Lagern Sie es an einem trockenen, lichtgesch\u00fctzten Ort bei normaler Raumtemperatur.<\/li>\n<li>Vermeiden Sie eine Kontamination von das Produkt mit Bakterien oder Schmutz.<\/li>\n<li>Stellen Sie sicher, dass Kinder keinen Zugang zu den verwendeten oder gelagerten Produkten haben.<\/li>\n<\/ul>\n<p><strong>Entsorgung:<\/strong><\/p>\n<ul>\n<li>Die leere Flasche kann im Hausm\u00fcll oder bei Recycling-Sammelstellen entsorgt werden.<\/li>\n<li>Bitte beachten Sie Ihre \u00f6rtlichen Vorschriften zur Abfallentsorgung.<\/li>\n<\/ul>\n<p><strong>Gefahrenhinweise:<\/strong><\/p>\n<ul>\n<li>H319 Verursacht schwere Augenreizung<\/li>\n<li>P305<\/li>\n<li>P351<\/li>\n<li>P338<\/li>\n<\/ul>\n<p><strong>Warnung:<\/strong> Dieses Produkt ist nur f\u00fcr die Verwendung im Aquarium bestimmt. Bitte von Kindern fernhalten. Nicht verschlucken. Es ist nicht f\u00fcr den menschlichen Verzehr oder die Zubereitung von Tierfutter bestimmt. Bei Augenkontakt einige Minuten lang behutsam mit Wasser sp\u00fclen. Wenn m\u00f6glich, Kontaktlinsen entfernen und weitersp\u00fclen.<\/p>\n","protected":false},"excerpt":{"rendered":"<p>Fauna Marin Elementals Trace Cu &#8211; 250ml is a highly concentrated copper solution for marine aquariums<\/p>\n","protected":false},"featured_media":84476,"template":"","meta":[],"pwb-brand":[2177],"product_cat":[1391,1437],"product_tag":[],"class_list":{"0":"post-85222","1":"product","2":"type-product","3":"status-publish","4":"has-post-thumbnail","6":"pwb-brand-fauna-marin","7":"product_cat-ergaenzungen","8":"product_cat-fauna-marin-de","10":"first","11":"outofstock","12":"sale","13":"taxable","14":"shipping-taxable","15":"purchasable","16":"product-type-simple"},"acf":[],"brands":[{"id":2177,"name":"Fauna Marin","slug":"fauna-marin"}],"_links":{"self":[{"href":"https:\/\/www.seaflowerstore.com\/de\/wp-json\/wp\/v2\/product\/85222","targetHints":{"allow":["GET"]}}],"collection":[{"href":"https:\/\/www.seaflowerstore.com\/de\/wp-json\/wp\/v2\/product"}],"about":[{"href":"https:\/\/www.seaflowerstore.com\/de\/wp-json\/wp\/v2\/types\/product"}],"wp:featuredmedia":[{"embeddable":true,"href":"https:\/\/www.seaflowerstore.com\/de\/wp-json\/wp\/v2\/media\/84476"}],"wp:attachment":[{"href":"https:\/\/www.seaflowerstore.com\/de\/wp-json\/wp\/v2\/media?parent=85222"}],"wp:term":[{"taxonomy":"pwb-brand","embeddable":true,"href":"https:\/\/www.seaflowerstore.com\/de\/wp-json\/wp\/v2\/pwb-brand?post=85222"},{"taxonomy":"product_cat","embeddable":true,"href":"https:\/\/www.seaflowerstore.com\/de\/wp-json\/wp\/v2\/product_cat?post=85222"},{"taxonomy":"product_tag","embeddable":true,"href":"https:\/\/www.seaflowerstore.com\/de\/wp-json\/wp\/v2\/product_tag?post=85222"}],"curies":[{"name":"wp","href":"https:\/\/api.w.org\/{rel}","templated":true}]}}