{"id":85223,"date":"2022-10-10T11:56:12","date_gmt":"2022-10-10T09:56:12","guid":{"rendered":"https:\/\/www.seaflowerstore.com\/nl\/neptune-systems-dissolved-oxygen-probe\/"},"modified":"2022-10-10T11:56:12","modified_gmt":"2022-10-10T09:57:29","slug":"neptune-systems-dissolved-oxygen-probe","status":"publish","type":"product","link":"https:\/\/www.seaflowerstore.com\/de\/neptune-systems-dissolved-oxygen-probe\/","title":{"rendered":"Neptune Systems Dissolved Oxygen probe"},"content":{"rendered":"<h2>Neptune Systems Dissolved Oxygen probe<\/h2>\n<p>Obwohl der Preis des Dissolved Oxygen Module \u2013 PM3 recht vern\u00fcnftig ist, besteht der Nachteil darin, dass die DO-Sonde selbst einen h\u00f6heren Preis hat. Die von Neptune Systems zertifizierte und verkaufte DO-Sonde ist jedoch ein Ger\u00e4t in Laborqualit\u00e4t, was bedeutet, dass Sie Qualit\u00e4t erhalten.<\/p>\n<p>Und hier ist die gute Nachricht: Die Sonde verf\u00fcgt \u00fcber austauschbare Membranen. Das bedeutet, dass Sie sie im Gegensatz zu anderen Sonden nicht entsorgen m\u00fcssen, wenn sie abgenutzt ist. Stattdessen ersetzen Sie einfach alle drei Monate die Membran in der Sonde, was sie zu einer nachhaltigeren Option macht.<\/p>\n","protected":false},"excerpt":{"rendered":"<p>Neptune Systems Dissolved Oxygen probe Obwohl der Preis des Dissolved Oxygen Module \u2013 PM3 recht vern\u00fcnftig ist, besteht der Nachteil darin, dass die DO-Sonde selbst einen h\u00f6heren Preis hat. Die von Neptune Systems zertifizierte und verkaufte DO-Sonde ist jedoch ein Ger\u00e4t in Laborqualit\u00e4t, was bedeutet, dass Sie Qualit\u00e4t erhalten. Und hier ist die gute Nachricht: [&#8230;]\n","protected":false},"featured_media":84475,"template":"","meta":[],"pwb-brand":[2179],"product_cat":[1419],"product_tag":[],"class_list":{"0":"post-85223","1":"product","2":"type-product","3":"status-publish","4":"has-post-thumbnail","6":"pwb-brand-neptune-systems","7":"product_cat-messstifte","9":"first","10":"outofstock","11":"taxable","12":"shipping-taxable","13":"purchasable","14":"product-type-simple"},"acf":[],"brands":[{"id":2179,"name":"Neptune Systems","slug":"neptune-systems"}],"_links":{"self":[{"href":"https:\/\/www.seaflowerstore.com\/de\/wp-json\/wp\/v2\/product\/85223","targetHints":{"allow":["GET"]}}],"collection":[{"href":"https:\/\/www.seaflowerstore.com\/de\/wp-json\/wp\/v2\/product"}],"about":[{"href":"https:\/\/www.seaflowerstore.com\/de\/wp-json\/wp\/v2\/types\/product"}],"wp:featuredmedia":[{"embeddable":true,"href":"https:\/\/www.seaflowerstore.com\/de\/wp-json\/wp\/v2\/media\/84475"}],"wp:attachment":[{"href":"https:\/\/www.seaflowerstore.com\/de\/wp-json\/wp\/v2\/media?parent=85223"}],"wp:term":[{"taxonomy":"pwb-brand","embeddable":true,"href":"https:\/\/www.seaflowerstore.com\/de\/wp-json\/wp\/v2\/pwb-brand?post=85223"},{"taxonomy":"product_cat","embeddable":true,"href":"https:\/\/www.seaflowerstore.com\/de\/wp-json\/wp\/v2\/product_cat?post=85223"},{"taxonomy":"product_tag","embeddable":true,"href":"https:\/\/www.seaflowerstore.com\/de\/wp-json\/wp\/v2\/product_tag?post=85223"}],"curies":[{"name":"wp","href":"https:\/\/api.w.org\/{rel}","templated":true}]}}