{"id":85224,"date":"2022-09-30T19:59:12","date_gmt":"2022-09-30T17:59:13","guid":{"rendered":"https:\/\/www.seaflowerstore.com\/nl\/vca-flex-series-1in-rfg-nozzle\/"},"modified":"2022-09-30T19:59:12","modified_gmt":"2022-09-30T17:59:13","slug":"vca-flex-series-1in-rfg-nozzle","status":"publish","type":"product","link":"https:\/\/www.seaflowerstore.com\/de\/vca-flex-series-1in-rfg-nozzle\/","title":{"rendered":"VCA Flex Series &#8211; 1in RFG Nozzle"},"content":{"rendered":"<h2>VCA Flex Series &#8211; 1in RFG Nozzle for 1in Loc-Line<\/h2>\n<h2>Der neue Random Flow Generator\u00ae der Flex-Serie<\/h2>\n<p><strong>Extrem langlebiges und flexibles Material:<\/strong> Dieses Produkt wird aus riffsicherem TPU (thermoplastisches Polyurethan) hergestellt.<\/p>\n<p><strong>Umfangreiche Kompatibilit\u00e4t:<\/strong> Die D\u00fcse funktioniert nahtlos mit echten 1-Zoll-Modulschl\u00e4uchen von Loc-Line und den meisten anderen Modulschl\u00e4uchen \u00e4hnlicher Gr\u00f6\u00dfe.<\/p>\n<p><strong>Einzigartiges patentiertes internes Design:<\/strong> Sie finden dasselbe bew\u00e4hrte Design wie bei der Originald\u00fcse des Random Flow Generator\u00ae.<\/p>\n<p><strong>Enth\u00e4lt:<\/strong> Eine einzelne 1-Zoll-D\u00fcse des Random Flow Generator\u00ae der Flex-Serie.<\/p>\n<h2>Flexibilit\u00e4t<\/h2>\n<p>Die D\u00fcse der RFG Flex-Serie passt auf echte Modulschl\u00e4uche der Marke Loc-Line\u00ae und l\u00e4sst sich problemlos an andere modulare Schlauchanschl\u00fcsse \u00e4hnlicher Gr\u00f6\u00dfe anpassen. Diese Serie ist direkt mit einer gr\u00f6\u00dferen Auswahl an Aquarien und modularen Schlauchdesigns kompatibel.<\/p>\n<h2>Haltbarkeit<\/h2>\n<p>Die RFG Flex-Serie ist aus einem starken, extrem haltbaren und flexiblen Material gefertigt und auf Langlebigkeit ausgelegt. Sie rei\u00dft nicht, bricht nicht und verliert auch nicht ihre \u00fcberragende Haltbarkeit. Dar\u00fcber hinaus ist sie sehr leicht zu reinigen, da die meisten Algen und Biofilme mit minimalem Aufwand abrutschen.<\/p>\n<h2>Ein bew\u00e4hrtes Design<\/h2>\n<p>Die RFG Flex-Serie beh\u00e4lt das patentierte Design der Random Flow Generator\u00ae-D\u00fcse bei. Dieses Design gewinnt weiterhin das Vertrauen von Aquarianern und Anwendern der Wasserindustrie gleicherma\u00dfen. Die RFG Flex-Serie baut auf diesem Vertrauen auf, indem sie ein neues Ma\u00df an Haltbarkeit, Flexibilit\u00e4t und verbesserter Funktionalit\u00e4t bietet.<\/p>\n","protected":false},"excerpt":{"rendered":"<p>The New VCA Flex Series Random Flow Generator<\/p>\n","protected":false},"featured_media":84462,"template":"","meta":[],"pwb-brand":[2269],"product_cat":[1429],"product_tag":[],"class_list":{"0":"post-85224","1":"product","2":"type-product","3":"status-publish","4":"has-post-thumbnail","6":"pwb-brand-vca","7":"product_cat-vivid-creative-aquatics-de","9":"first","10":"instock","11":"taxable","12":"shipping-taxable","13":"purchasable","14":"product-type-simple"},"acf":[],"brands":[{"id":2269,"name":"VCA","slug":"vca"}],"_links":{"self":[{"href":"https:\/\/www.seaflowerstore.com\/de\/wp-json\/wp\/v2\/product\/85224","targetHints":{"allow":["GET"]}}],"collection":[{"href":"https:\/\/www.seaflowerstore.com\/de\/wp-json\/wp\/v2\/product"}],"about":[{"href":"https:\/\/www.seaflowerstore.com\/de\/wp-json\/wp\/v2\/types\/product"}],"wp:featuredmedia":[{"embeddable":true,"href":"https:\/\/www.seaflowerstore.com\/de\/wp-json\/wp\/v2\/media\/84462"}],"wp:attachment":[{"href":"https:\/\/www.seaflowerstore.com\/de\/wp-json\/wp\/v2\/media?parent=85224"}],"wp:term":[{"taxonomy":"pwb-brand","embeddable":true,"href":"https:\/\/www.seaflowerstore.com\/de\/wp-json\/wp\/v2\/pwb-brand?post=85224"},{"taxonomy":"product_cat","embeddable":true,"href":"https:\/\/www.seaflowerstore.com\/de\/wp-json\/wp\/v2\/product_cat?post=85224"},{"taxonomy":"product_tag","embeddable":true,"href":"https:\/\/www.seaflowerstore.com\/de\/wp-json\/wp\/v2\/product_tag?post=85224"}],"curies":[{"name":"wp","href":"https:\/\/api.w.org\/{rel}","templated":true}]}}