{"id":85225,"date":"2022-09-30T19:51:35","date_gmt":"2022-09-30T17:51:35","guid":{"rendered":"https:\/\/www.seaflowerstore.com\/nl\/vca-flex-series-3-4in-rfg-nozzle\/"},"modified":"2022-09-30T19:51:35","modified_gmt":"2022-09-30T17:51:35","slug":"vca-flex-series-3-4in-rfg-nozzle","status":"publish","type":"product","link":"https:\/\/www.seaflowerstore.com\/de\/vca-flex-series-3-4in-rfg-nozzle\/","title":{"rendered":"VCA Flex Series &#8211; 3\/4in RFG Nozzle"},"content":{"rendered":"<h2>VCA Flex Series &#8211; 3\/4in RFG Nozzle for 3\/4in Loc-Line<\/h2>\n<h2>Der neue Random Flow Generator\u00ae der Flex-Serie<\/h2>\n<p><strong>Extrem langlebiges und flexibles Material<\/strong>: Dieses Produkt ist aus riffsicherem TPU (thermoplastisches Polyurethan) hergestellt, das sowohl Haltbarkeit als auch Flexibilit\u00e4t gew\u00e4hrleistet.<\/p>\n<p><strong>Umfangreiche Kompatibilit\u00e4t<\/strong>: Funktioniert nahtlos mit echten 3\/4-Zoll-Modulschl\u00e4uchen von Loc-Line und den meisten anderen Modulschl\u00e4uchen \u00e4hnlicher Gr\u00f6\u00dfe.<\/p>\n<p><strong>Einzigartiges patentiertes Innendesign<\/strong>: Die D\u00fcse weist dasselbe bew\u00e4hrte Design auf wie die urspr\u00fcngliche Random Flow Generator\u00ae-D\u00fcse.<\/p>\n<p><strong>Enth\u00e4lt eine einzelne 3\/4-Zoll-Random Flow Generator\u00ae-D\u00fcse der Flex-Serie<\/strong>.<\/p>\n<h2>Flexibilit\u00e4t<\/h2>\n<p>Die D\u00fcse der RFG Flex-Serie passt perfekt zu echten Modulschl\u00e4uchen der Marke Loc-Line\u00ae und l\u00e4sst sich auch an andere modulare Schlauchanschl\u00fcsse \u00e4hnlicher Gr\u00f6\u00dfe anpassen. Diese Serie ist so konzipiert, dass sie direkt mit einer gr\u00f6\u00dferen Auswahl an Aquarien und modularen Schlauchdesigns kompatibel ist.<\/p>\n<h2>Haltbarkeit<\/h2>\n<p>Die RFG Flex-Serie ist aus einem starken, au\u00dfergew\u00f6hnlich haltbaren und flexiblen Material gefertigt und auf Langlebigkeit ausgelegt. Sie kann nicht rei\u00dfen oder brechen und bietet eine \u00fcberragende Haltbarkeit. Dar\u00fcber hinaus ist sie sehr leicht zu reinigen, da die meisten Algen und Biofilme mit minimalem Aufwand abrutschen.<\/p>\n<h2>Ein bew\u00e4hrtes Design<\/h2>\n<p>Die RFG Flex-Serie beh\u00e4lt das patentierte Design der Random Flow Generator\u00ae-D\u00fcse bei, auf die Aquarianer und Profis in der Wasserindustrie weiterhin vertrauen. Die RFG Flex-Serie zielt darauf ab, dieses Vertrauen zu st\u00e4rken, indem sie ein neues Ma\u00df an Haltbarkeit, Flexibilit\u00e4t und verbesserter Funktionalit\u00e4t bietet.<\/p>\n","protected":false},"excerpt":{"rendered":"<p>The New VCA Flex Series Random Flow Generator<\/p>\n","protected":false},"featured_media":84461,"template":"","meta":[],"pwb-brand":[2269],"product_cat":[1429],"product_tag":[],"class_list":{"0":"post-85225","1":"product","2":"type-product","3":"status-publish","4":"has-post-thumbnail","6":"pwb-brand-vca","7":"product_cat-vivid-creative-aquatics-de","9":"first","10":"instock","11":"taxable","12":"shipping-taxable","13":"purchasable","14":"product-type-simple"},"acf":[],"brands":[{"id":2269,"name":"VCA","slug":"vca"}],"_links":{"self":[{"href":"https:\/\/www.seaflowerstore.com\/de\/wp-json\/wp\/v2\/product\/85225","targetHints":{"allow":["GET"]}}],"collection":[{"href":"https:\/\/www.seaflowerstore.com\/de\/wp-json\/wp\/v2\/product"}],"about":[{"href":"https:\/\/www.seaflowerstore.com\/de\/wp-json\/wp\/v2\/types\/product"}],"wp:featuredmedia":[{"embeddable":true,"href":"https:\/\/www.seaflowerstore.com\/de\/wp-json\/wp\/v2\/media\/84461"}],"wp:attachment":[{"href":"https:\/\/www.seaflowerstore.com\/de\/wp-json\/wp\/v2\/media?parent=85225"}],"wp:term":[{"taxonomy":"pwb-brand","embeddable":true,"href":"https:\/\/www.seaflowerstore.com\/de\/wp-json\/wp\/v2\/pwb-brand?post=85225"},{"taxonomy":"product_cat","embeddable":true,"href":"https:\/\/www.seaflowerstore.com\/de\/wp-json\/wp\/v2\/product_cat?post=85225"},{"taxonomy":"product_tag","embeddable":true,"href":"https:\/\/www.seaflowerstore.com\/de\/wp-json\/wp\/v2\/product_tag?post=85225"}],"curies":[{"name":"wp","href":"https:\/\/api.w.org\/{rel}","templated":true}]}}