{"id":85230,"date":"2022-09-28T16:22:11","date_gmt":"2022-09-28T14:40:05","guid":{"rendered":"https:\/\/www.seaflowerstore.com\/nl\/ocean-art-biocarbon\/"},"modified":"2022-09-28T16:22:11","modified_gmt":"2022-09-28T14:40:05","slug":"ocean-art-biocarbon","status":"publish","type":"product","link":"https:\/\/www.seaflowerstore.com\/de\/ocean-art-biocarbon\/","title":{"rendered":"Ocean Art BioCarbon"},"content":{"rendered":"<h2>Ocean Art BioCarbon for removing chemicals and the yellow tint in your water column<\/h2>\n<p>Ocean Art BioCarbon ist eine hochreine und wirksame Aktivkohle, die speziell f\u00fcr Ihr Aquarium entwickelt wurde. Sie wird einem gr\u00fcndlichen Waschprozess mit Salzs\u00e4ure unterzogen, um sicherzustellen, dass alle Verunreinigungen entfernt werden und keine unerw\u00fcnschten Substanzen in Ihr Wasser gelangen.<\/p>\n<p>Wir empfehlen eine Verwendung von maximal 50 Gramm pro 100 Liter Wasser. Sie k\u00f6nnen BioCarbon jeden Monat hinzuf\u00fcgen und es am besten nach 2 bis 5 Tagen Verwendung entfernen. Dieses Produkt ist sowohl f\u00fcr S\u00fc\u00df- als auch f\u00fcr Salzwasseraquarien geeignet und somit eine vielseitige Wahl f\u00fcr Ihre Wasserumgebung. Es wirkt Wunder beim Entfernen von Medikamenten, Chemikalien und dem l\u00e4stigen Gelbstich in Ihrer Wassers\u00e4ule.<\/p>\n<p><strong>Denken Sie daran, vor der Verwendung auszusp\u00fclen.<\/strong><\/p>\n<ul>\n<li>Stabiler pH-Wert<\/li>\n<li>Oberfl\u00e4che von 1050 m\u00b2\/g<\/li>\n<li>Weniger als 1 % Aschegehalt<\/li>\n<li>Mit Salzs\u00e4ure gewaschen<\/li>\n<li>Kein Silikat, Phosphat oder andere unerw\u00fcnschte Substanzen<\/li>\n<li>Nachhaltig hergestellt aus Kokosnussschalen<\/li>\n<\/ul>\n","protected":false},"excerpt":{"rendered":"<p>Ocean Art BioCarbon for removing chemicals and the yellow tint in your water column<\/p>\n","protected":false},"featured_media":84454,"template":"","meta":[],"pwb-brand":[2307],"product_cat":[1394],"product_tag":[],"class_list":{"0":"post-85230","1":"product","2":"type-product","3":"status-publish","4":"has-post-thumbnail","6":"pwb-brand-ocean-art","7":"product_cat-aktivkohle","8":"pa_inhoud-1000-ml-de","9":"pa_inhoud-500-ml-de","11":"first","12":"instock","13":"taxable","14":"shipping-taxable","15":"purchasable","16":"product-type-variable"},"acf":[],"brands":[{"id":2307,"name":"Ocean Art","slug":"ocean-art"}],"_links":{"self":[{"href":"https:\/\/www.seaflowerstore.com\/de\/wp-json\/wp\/v2\/product\/85230","targetHints":{"allow":["GET"]}}],"collection":[{"href":"https:\/\/www.seaflowerstore.com\/de\/wp-json\/wp\/v2\/product"}],"about":[{"href":"https:\/\/www.seaflowerstore.com\/de\/wp-json\/wp\/v2\/types\/product"}],"wp:featuredmedia":[{"embeddable":true,"href":"https:\/\/www.seaflowerstore.com\/de\/wp-json\/wp\/v2\/media\/84454"}],"wp:attachment":[{"href":"https:\/\/www.seaflowerstore.com\/de\/wp-json\/wp\/v2\/media?parent=85230"}],"wp:term":[{"taxonomy":"pwb-brand","embeddable":true,"href":"https:\/\/www.seaflowerstore.com\/de\/wp-json\/wp\/v2\/pwb-brand?post=85230"},{"taxonomy":"product_cat","embeddable":true,"href":"https:\/\/www.seaflowerstore.com\/de\/wp-json\/wp\/v2\/product_cat?post=85230"},{"taxonomy":"product_tag","embeddable":true,"href":"https:\/\/www.seaflowerstore.com\/de\/wp-json\/wp\/v2\/product_tag?post=85230"}],"curies":[{"name":"wp","href":"https:\/\/api.w.org\/{rel}","templated":true}]}}