{"id":85234,"date":"2022-08-30T17:04:20","date_gmt":"2022-08-30T15:04:20","guid":{"rendered":"https:\/\/www.seaflowerstore.com\/nl\/arka-myaqua-1900-carbon-filter-c2\/"},"modified":"2022-08-30T17:04:20","modified_gmt":"2022-08-30T15:04:20","slug":"arka-myaqua-1900-carbon-filter-c2","status":"publish","type":"product","link":"https:\/\/www.seaflowerstore.com\/de\/arka-myaqua-1900-carbon-filter-c2\/","title":{"rendered":"Arka MyAqua 1900\u00a0&#8211; Carbon Filter C2"},"content":{"rendered":"<h2>Arka MyAqua 1900 &#8211; Carbon Filter C2<\/h2>\n<h3><strong>Alle Vorteile<\/strong><\/h3>\n<ul>\n<li>Durchflussmenge: max. 2 l\/min<\/li>\n<li>Betriebstemperatur: min. 5\u00b0C \u2013 max. 38\u00b0C<\/li>\n<li>Betriebsdruck: min. 1 bar \u2013 max. 4 bar<\/li>\n<li>Wechselintervall: 6 \u2013 12 Monate<\/li>\n<\/ul>\n<p><strong>Ma\u00dfe:<\/strong><\/p>\n<p>L\u00e4nge: ca. 27,5 cm<\/p>\n<p>Durchmesser: ca. 8,0 cm<\/p>\n<p>Der <strong>myAqua Kohlefilter C2<\/strong> fungiert als Sekund\u00e4rfilter und arbeitet hervorragend mit dem <strong>myAqua Kohlefilter C1<\/strong> zusammen. Gemeinsam sorgen sie f\u00fcr eine sichere und effektive Entfernung von Chlor, Herbiziden, Pestiziden und Medikamentenr\u00fcckst\u00e4nden. Dieser Filter eignet sich besonders gut f\u00fcr den Einsatz mit unserem ARKA Aquatics myAqua 1900.<\/p>\n<p>Der <strong>myAqua Carbonfilter C2<\/strong> verf\u00fcgt \u00fcber hochwertiges Aktivkohlegranulat auf Kokosnussbasis, welches optimale Ergebnisse erzielt und Ihnen sauberes Wasser liefert.<\/p>\n","protected":false},"excerpt":{"rendered":"<p>Easy to change Arka MyAqua 1900 &#8211; Carbon Filter C2<\/p>\n","protected":false},"featured_media":84448,"template":"","meta":[],"pwb-brand":[2253],"product_cat":[1468],"product_tag":[],"class_list":{"0":"post-85234","1":"product","2":"type-product","3":"status-publish","4":"has-post-thumbnail","6":"pwb-brand-arka","7":"product_cat-osmose-ionenaustauscher","9":"first","10":"instock","11":"sale","12":"taxable","13":"shipping-taxable","14":"purchasable","15":"product-type-simple"},"acf":[],"brands":[{"id":2253,"name":"Arka","slug":"arka"}],"_links":{"self":[{"href":"https:\/\/www.seaflowerstore.com\/de\/wp-json\/wp\/v2\/product\/85234","targetHints":{"allow":["GET"]}}],"collection":[{"href":"https:\/\/www.seaflowerstore.com\/de\/wp-json\/wp\/v2\/product"}],"about":[{"href":"https:\/\/www.seaflowerstore.com\/de\/wp-json\/wp\/v2\/types\/product"}],"wp:featuredmedia":[{"embeddable":true,"href":"https:\/\/www.seaflowerstore.com\/de\/wp-json\/wp\/v2\/media\/84448"}],"wp:attachment":[{"href":"https:\/\/www.seaflowerstore.com\/de\/wp-json\/wp\/v2\/media?parent=85234"}],"wp:term":[{"taxonomy":"pwb-brand","embeddable":true,"href":"https:\/\/www.seaflowerstore.com\/de\/wp-json\/wp\/v2\/pwb-brand?post=85234"},{"taxonomy":"product_cat","embeddable":true,"href":"https:\/\/www.seaflowerstore.com\/de\/wp-json\/wp\/v2\/product_cat?post=85234"},{"taxonomy":"product_tag","embeddable":true,"href":"https:\/\/www.seaflowerstore.com\/de\/wp-json\/wp\/v2\/product_tag?post=85234"}],"curies":[{"name":"wp","href":"https:\/\/api.w.org\/{rel}","templated":true}]}}