{"id":85245,"date":"2022-08-21T16:54:34","date_gmt":"2022-08-21T14:54:34","guid":{"rendered":"https:\/\/www.seaflowerstore.com\/nl\/triton-core7-flex-base-elements-bulk\/"},"modified":"2022-08-21T16:54:34","modified_gmt":"2022-08-21T18:38:30","slug":"triton-core7-flex-base-elements-bulk","status":"publish","type":"product","link":"https:\/\/www.seaflowerstore.com\/de\/triton-core7-flex-base-elements-bulk\/","title":{"rendered":"Triton Core7 Flex Base Elements Bulk"},"content":{"rendered":"<h2>Triton Core7 Flex Base Elements Bulk maintains the natural seawater parameters for marine aquariums using the TRITON method<\/h2>\n<p>CORE7Flex ist eine fortschrittliche professionelle Dosierl\u00f6sung, die die nat\u00fcrlichen Meerwasserparameter f\u00fcr Meerwasseraquarien mit der TRITON-Methode erg\u00e4nzt und aufrechterh\u00e4lt. Sie bietet Leistung, Wert und Stabilit\u00e4t, die von keinem anderen Produkt oder Verfahren auf dem Markt erreicht werden.<\/p>\n<p>Was CORE7 auszeichnet, ist seine Rezeptur, die auf zehn Jahren engagierter Forschung und \u00fcber 100.000 Laboranalysen beruht, um zu verstehen, wie sich Meerwasser in geschlossenen Systemen verh\u00e4lt. TRITON CORE7 ist die einzige Dosierl\u00f6sung, die auf echter Forschung zu den biochemischen Prozessen in einem Meerwasseraquarium basiert.<\/p>\n<p>Gem\u00e4\u00df der TRITON-Methode bieten diese L\u00f6sungen das wesentliche nat\u00fcrliche Gleichgewicht von Makro- und Spurenelementen, die f\u00fcr ein erfolgreiches Meerwasseraquarium entscheidend sind. Sie helfen, ionische Ungleichgewichte zu vermeiden und reduzieren die Notwendigkeit h\u00e4ufiger Wasserwechsel.<\/p>\n<p><strong>Inhalt:<\/strong><\/p>\n<ul>\n<li>Komponente (A) 800 g Pulver f\u00fcr Makroelementl\u00f6sung*<\/li>\n<li>4x Komponente (1b) 4x 100ml Fl\u00fcssigkeit f\u00fcr Makroelementl\u00f6sung* + TRITON-Infusion<\/li>\n<li>Komponente (B) 2100 g Pulver f\u00fcr Kalziuml\u00f6sung<\/li>\n<li>2x Komponente (C) 2x 740 g Pulver f\u00fcr Alkalinit\u00e4tsl\u00f6sung<\/li>\n<li>Komponente (D) 262 g Pulver f\u00fcr Alkalinit\u00e4tsl\u00f6sung<\/li>\n<\/ul>\n<p>* Zu den Elementen geh\u00f6ren, ohne darauf beschr\u00e4nkt zu sein, Magnesium, Strontium, Kalium, Schwefel, Bromid, Bor, Fluor und Lithium.<\/p>\n<p>Mit diesem Flex-Set k\u00f6nnen Sie entweder eine 2x 8L 2-Komponenten-Dosierl\u00f6sung System oder ein 4x 4L Dosiersystem.<\/p>\n<p><strong>Erstellen:<\/strong><\/p>\n<p><strong>2x 8L<\/strong><\/p>\n<ul>\n<li>Flasche 1: 6000 ml Osmosewasser + Komponente A + Komponente B + 4x 1b<\/li>\n<li>Flasche 2: 7720 ml Osmosewasser + 2x Komponente C + Komponente D<\/li>\n<\/ul>\n<p><strong>4x 4L<\/strong><\/p>\n<ul>\n<li>Flasche 1: 2800 ml Osmosewasser + Komponente A + Komponente D + 4x 1b<\/li>\n<li>Flasche 2: 3200 ml Osmosewasser + Komponente B<\/li>\n<li>Flasche 3: 3840 ml Osmosewasser + Komponente C<\/li>\n<li>Flasche 4: 3840 ml Osmosewasser + Komponente C<\/li>\n<\/ul>\n","protected":false},"excerpt":{"rendered":"<p>Triton Core7 Flex Base Elements Bulk maintains the natural seawater parameters for marine aquariums using the TRITON method<\/p>\n","protected":false},"featured_media":84440,"template":"","meta":[],"pwb-brand":[2181],"product_cat":[1391,1392],"product_tag":[],"class_list":{"0":"post-85245","1":"product","2":"type-product","3":"status-publish","4":"has-post-thumbnail","6":"pwb-brand-triton","7":"product_cat-ergaenzungen","8":"product_cat-triton-de","10":"first","11":"instock","12":"taxable","13":"shipping-taxable","14":"purchasable","15":"product-type-simple"},"acf":[],"brands":[{"id":2181,"name":"Triton","slug":"triton"}],"_links":{"self":[{"href":"https:\/\/www.seaflowerstore.com\/de\/wp-json\/wp\/v2\/product\/85245","targetHints":{"allow":["GET"]}}],"collection":[{"href":"https:\/\/www.seaflowerstore.com\/de\/wp-json\/wp\/v2\/product"}],"about":[{"href":"https:\/\/www.seaflowerstore.com\/de\/wp-json\/wp\/v2\/types\/product"}],"wp:featuredmedia":[{"embeddable":true,"href":"https:\/\/www.seaflowerstore.com\/de\/wp-json\/wp\/v2\/media\/84440"}],"wp:attachment":[{"href":"https:\/\/www.seaflowerstore.com\/de\/wp-json\/wp\/v2\/media?parent=85245"}],"wp:term":[{"taxonomy":"pwb-brand","embeddable":true,"href":"https:\/\/www.seaflowerstore.com\/de\/wp-json\/wp\/v2\/pwb-brand?post=85245"},{"taxonomy":"product_cat","embeddable":true,"href":"https:\/\/www.seaflowerstore.com\/de\/wp-json\/wp\/v2\/product_cat?post=85245"},{"taxonomy":"product_tag","embeddable":true,"href":"https:\/\/www.seaflowerstore.com\/de\/wp-json\/wp\/v2\/product_tag?post=85245"}],"curies":[{"name":"wp","href":"https:\/\/api.w.org\/{rel}","templated":true}]}}