{"id":85246,"date":"2022-08-17T15:29:22","date_gmt":"2022-08-17T13:34:44","guid":{"rendered":"https:\/\/www.seaflowerstore.com\/nl\/aquaforest-reef-salt-plus\/"},"modified":"2022-08-17T15:29:22","modified_gmt":"2022-08-17T13:34:44","slug":"aquaforest-reef-salt-plus","status":"publish","type":"product","link":"https:\/\/www.seaflowerstore.com\/de\/aquaforest-reef-salt-plus\/","title":{"rendered":"Aquaforest Reef Salt+ plus"},"content":{"rendered":"<h2>Aquaforest Reef Salt+ designed for aquariums fully stocked LPS and or SPS corals<\/h2>\n<p>F\u00fcr Aquarianer, die voll besetzte Riffaquarien verwalten, ist Reef Salt Plus eine fantastische Wahl. Es enth\u00e4lt erh\u00f6hte Mengen ionisch ausgewogener wichtiger Makron\u00e4hrstoffe, einschlie\u00dflich Alkalinit\u00e4t, Kalzium und Magnesium, die speziell darauf ausgelegt sind, selbst die n\u00e4hrstoffintensivsten und am schnellsten wachsenden Korallenkolonien zu unterst\u00fctzen.<\/p>\n<p>Im Gegensatz zur nat\u00fcrlichen Riffumgebung, die reichlich Mikro- und Makron\u00e4hrstoffe aufweist, ist ein Aquarium ein geschlossenes \u00d6kosystem. In dieser Umgebung werden wertvolle Mikro- und Makrospurenelemente kontinuierlich in unterschiedlichen Mengen von Korallen verbraucht. Die Gew\u00e4hrleistung eines konstanten Zugangs zu Makron\u00e4hrstoffen ist f\u00fcr die Aufrechterhaltung eines gesunden und stabilen Riffaquariums von entscheidender Bedeutung. F\u00fcr diejenigen, die Mikroelemente nicht einzeln dosieren, helfen regelm\u00e4\u00dfige Wasserwechsel mit Reef Salt Plus dabei, diese wichtigen Elemente in einem ausgewogenen Verh\u00e4ltnis wieder aufzuf\u00fcllen, damit Korallen sie aufnehmen k\u00f6nnen, was ihr Wachstum, ihre F\u00e4rbung und ihre Immunit\u00e4t unterst\u00fctzt.<\/p>\n<p><strong>Was macht Reef Salt+ einzigartig?<\/strong><\/p>\n<p>Die einzigartige Formel von Reef Salt Plus wurde nach umfangreichen Untersuchungen zum Korallenwachstum unter verschiedenen Parametern und Koloniegr\u00f6\u00dfen entwickelt. Basierend auf unseren Beobachtungen haben wir dieses Produkt f\u00fcr Aquarianer mit voll besetzten Aquarien entwickelt, das den spezifischen Bed\u00fcrfnissen ihrer Korallen entspricht.<\/p>\n<ul>\n<li>Entwickelt f\u00fcr Aquarien, die voll mit LPS- und\/oder SPS-Korallen besetzt sind<\/li>\n<li>Erh\u00f6hte Alkalinit\u00e4ts-, Kalzium- und Magnesiumwerte<\/li>\n<li>Die reichhaltige Zusammensetzung der Spurenelemente reduziert den Bedarf an zus\u00e4tzlicher Dosierung zur Korrektur von Unterschieden in den Wasserparametern<\/li>\n<\/ul>\n<p>Der Schl\u00fcssel zu erfolgreichen Meerwasseraquarien liegt in stabilen Parametern. Die Verwendung von Reef Salt Plus w\u00e4hrend regelm\u00e4\u00dfiger 10-prozentiger Wasserwechsel schafft optimale Bedingungen f\u00fcr das Wachstum und die Entwicklung von Korallen. Hochwertiges Salz unterst\u00fctzt nicht nur besseres Wachstum, sondern f\u00f6rdert auch den Aufbau neuer Skelette, den Ionenaustausch, verbessert die F\u00e4rbung und verbessert den nat\u00fcrlichen Photosyntheseprozess.<\/p>\n<p><strong>Dosierung und Lagerung<\/strong><\/p>\n<ul>\n<li>F\u00fcr beste Ergebnisse l\u00f6sen Sie Reef Salt Plus in RODI-Wasser bei einer Temperatur von 24\u201325 \u00b0C (75\u201377 \u00b0F) mit einem Salzgehalt von 33 ppt (1,025 S.G.) auf.<\/li>\n<li>L\u00f6sen Sie 390 Gramm Salz in 10 Litern (2,19 US-Gallonen) RODI-Wasser auf.<\/li>\n<li>Etwa 15 Minuten lang mischen. Nach vollst\u00e4ndiger Aufl\u00f6sung ist das Salzwasser sofort einsatzbereit.<\/li>\n<li>Verwenden Sie das aufgel\u00f6ste Salz innerhalb von 3 Tagen. Verdunstung kann die Wasserparameter ver\u00e4ndern. Lagern Sie das aufbereitete Salzwasser daher in einem dicht verschlossenen Beh\u00e4lter. Wenn Sie es mehrere Tage lang lagern, \u00fcberpr\u00fcfen Sie vor der Verwendung den Salzgehalt.<\/li>\n<\/ul>\n<p><strong>Empfohlener Salzgehalt f\u00fcr verschiedene Aquarientypen:<\/strong><br \/>\n<img loading=\"lazy\" decoding=\"async\" class=\"alignnone wp-image-5886\" src=\"https:\/\/aquaforest.eu\/wp-content\/uploads\/2022\/04\/Reef-Salt_tabelka_1_709x200.png\" alt=\"\" width=\"550\" height=\"157\" \/><br \/>\n<strong>Makro- und Mikroelemente im Wasser haben je nach Salzgehalt unterschiedliche Konzentrationen:<\/strong><br \/>\n<img loading=\"lazy\" decoding=\"async\" class=\"alignnone wp-image-5887\" src=\"https:\/\/aquaforest.eu\/wp-content\/uploads\/2022\/04\/Reef-Salt_tabelka_2_709x200.png\" alt=\"\" width=\"550\" height=\"157\" \/><br \/>\n<strong>Vergleich<\/strong><br \/>\n<img loading=\"lazy\" decoding=\"async\" class=\"alignnone wp-image-12879\" src=\"https:\/\/aquaforest.eu\/wp-content\/uploads\/2022\/04\/tabelka-nowe-sole-1024x358.png\" alt=\"\" width=\"800\" height=\"279\" \/><\/p>\n","protected":false},"excerpt":{"rendered":"<p>Aquaforest Reef Salt+ designed for aquariums fully stocked LPS and or SPS corals<\/p>\n","protected":false},"featured_media":84438,"template":"","meta":[],"pwb-brand":[2199],"product_cat":[1414,1443],"product_tag":[],"class_list":{"0":"post-85246","1":"product","2":"type-product","3":"status-publish","4":"has-post-thumbnail","6":"pwb-brand-aquaforest","7":"product_cat-aquaforest-de","8":"product_cat-salzig","9":"pa_inhoud-22-kg-de","10":"pa_inhoud-5-kg-de","12":"first","13":"instock","14":"taxable","15":"shipping-taxable","16":"purchasable","17":"product-type-variable"},"acf":[],"brands":[{"id":2199,"name":"Aquaforest","slug":"aquaforest"}],"_links":{"self":[{"href":"https:\/\/www.seaflowerstore.com\/de\/wp-json\/wp\/v2\/product\/85246","targetHints":{"allow":["GET"]}}],"collection":[{"href":"https:\/\/www.seaflowerstore.com\/de\/wp-json\/wp\/v2\/product"}],"about":[{"href":"https:\/\/www.seaflowerstore.com\/de\/wp-json\/wp\/v2\/types\/product"}],"wp:featuredmedia":[{"embeddable":true,"href":"https:\/\/www.seaflowerstore.com\/de\/wp-json\/wp\/v2\/media\/84438"}],"wp:attachment":[{"href":"https:\/\/www.seaflowerstore.com\/de\/wp-json\/wp\/v2\/media?parent=85246"}],"wp:term":[{"taxonomy":"pwb-brand","embeddable":true,"href":"https:\/\/www.seaflowerstore.com\/de\/wp-json\/wp\/v2\/pwb-brand?post=85246"},{"taxonomy":"product_cat","embeddable":true,"href":"https:\/\/www.seaflowerstore.com\/de\/wp-json\/wp\/v2\/product_cat?post=85246"},{"taxonomy":"product_tag","embeddable":true,"href":"https:\/\/www.seaflowerstore.com\/de\/wp-json\/wp\/v2\/product_tag?post=85246"}],"curies":[{"name":"wp","href":"https:\/\/api.w.org\/{rel}","templated":true}]}}