{"id":85249,"date":"2022-08-14T20:49:43","date_gmt":"2022-08-14T18:51:20","guid":{"rendered":"https:\/\/www.seaflowerstore.com\/nl\/fauna-marin-refill-po4-phosphate-test\/"},"modified":"2022-08-14T20:49:43","modified_gmt":"2022-08-14T18:51:20","slug":"fauna-marin-refill-po4-phosphate-test","status":"publish","type":"product","link":"https:\/\/www.seaflowerstore.com\/de\/fauna-marin-refill-po4-phosphate-test\/","title":{"rendered":"Fauna Marin Refill PO4 Phosphate Test"},"content":{"rendered":"<h2>Fauna Marin Refill Aquahometest PO4 AQHT-Phosphate-Test is also suitable for the Mastertronic<\/h2>\n<p>Die Nachf\u00fcllpackung f\u00fcr den Fauna Marin PO4-Test ist f\u00fcr Ihre Bequemlichkeit konzipiert. Dieser Phosphattest verf\u00fcgt \u00fcber eine bemerkenswerte Aufl\u00f6sung, mit der Sie Phosphatkonzentrationen im niedrigen Bereich von 0,01 bis 1 mg\/l genau bestimmen k\u00f6nnen. Die eindeutige Farberkennungsfunktion sorgt daf\u00fcr, dass Sie eine besonders hohe Genauigkeit Ihrer Messwerte erhalten.<\/p>\n<ul>\n<li><strong>Messbereich:<\/strong> 0,01 &#8211; 1,0 mg\/l<\/li>\n<li><strong>Aufl\u00f6sung (Genauigkeit):<\/strong> 0,02 mg\/l<\/li>\n<li><strong>Kompatibel mit:<\/strong> Focustronic Mastertronic<\/li>\n<li><strong>Enth\u00e4lt:<\/strong> Referenzfl\u00fcssigkeit zur \u00dcberpr\u00fcfung von Funktion und Haltbarkeit<\/li>\n<li><strong>Ausreichend f\u00fcr:<\/strong> ca. 50 Messungen<\/li>\n<\/ul>\n","protected":false},"excerpt":{"rendered":"<p>Fauna Marin Refill Aquahometest PO4 AQHT-Phosphate-Test is also suitable for the Mastertronic<\/p>\n","protected":false},"featured_media":84437,"template":"","meta":[],"pwb-brand":[2177],"product_cat":[1437,1400],"product_tag":[],"class_list":{"0":"post-85249","1":"product","2":"type-product","3":"status-publish","4":"has-post-thumbnail","6":"pwb-brand-fauna-marin","7":"product_cat-fauna-marin-de","8":"product_cat-tester","10":"first","11":"outofstock","12":"taxable","13":"shipping-taxable","14":"purchasable","15":"product-type-simple"},"acf":[],"brands":[{"id":2177,"name":"Fauna Marin","slug":"fauna-marin"}],"_links":{"self":[{"href":"https:\/\/www.seaflowerstore.com\/de\/wp-json\/wp\/v2\/product\/85249","targetHints":{"allow":["GET"]}}],"collection":[{"href":"https:\/\/www.seaflowerstore.com\/de\/wp-json\/wp\/v2\/product"}],"about":[{"href":"https:\/\/www.seaflowerstore.com\/de\/wp-json\/wp\/v2\/types\/product"}],"wp:featuredmedia":[{"embeddable":true,"href":"https:\/\/www.seaflowerstore.com\/de\/wp-json\/wp\/v2\/media\/84437"}],"wp:attachment":[{"href":"https:\/\/www.seaflowerstore.com\/de\/wp-json\/wp\/v2\/media?parent=85249"}],"wp:term":[{"taxonomy":"pwb-brand","embeddable":true,"href":"https:\/\/www.seaflowerstore.com\/de\/wp-json\/wp\/v2\/pwb-brand?post=85249"},{"taxonomy":"product_cat","embeddable":true,"href":"https:\/\/www.seaflowerstore.com\/de\/wp-json\/wp\/v2\/product_cat?post=85249"},{"taxonomy":"product_tag","embeddable":true,"href":"https:\/\/www.seaflowerstore.com\/de\/wp-json\/wp\/v2\/product_tag?post=85249"}],"curies":[{"name":"wp","href":"https:\/\/api.w.org\/{rel}","templated":true}]}}