{"id":85250,"date":"2022-08-12T16:32:21","date_gmt":"2022-08-12T14:32:22","guid":{"rendered":"https:\/\/www.seaflowerstore.com\/nl\/seaflower-plant-support-extension-pack-black\/"},"modified":"2022-08-12T16:32:21","modified_gmt":"2022-08-12T14:32:22","slug":"seaflower-plant-support-extension-pack-black","status":"publish","type":"product","link":"https:\/\/www.seaflowerstore.com\/de\/seaflower-plant-support-extension-pack-black\/","title":{"rendered":"Seaflower Plant support extension pack black"},"content":{"rendered":"<h2>Seaflower Plant support extension pack black for supporting your growing plants<\/h2>\n<p>Wenn Ihre kleine Pflanze zu gedeihen beginnt, ben\u00f6tigt sie oft etwas Unterst\u00fctzung, um effektiver zu wachsen. Diese Unterst\u00fctzung k\u00f6nnen Sie mit dem Basisset herstellen. Mit den Schmetterlingsverbindungsst\u00fccken k\u00f6nnen Sie die Sechsecke und die Bodenplatte einfach zusammenklicken, um die gew\u00fcnschte Form zu bilden.<\/p>\n<p>Das Basisset enth\u00e4lt:<\/p>\n<ul>\n<li><strong>3x Sechseck<\/strong> (8 cm x 9 cm)<\/li>\n<li><strong>1x Sechseckst\u00fctze<\/strong> mit einer L\u00e4nge von 20 cm<\/li>\n<li><strong>1x Sechseckst\u00fctzenverl\u00e4ngerung<\/strong> mit einer L\u00e4nge von 7 cm<\/li>\n<li><strong>2x Schmetterlinge<\/strong> zum Befestigen des Sechsecks<\/li>\n<li><strong>4x abgewinkelte Schmetterlinge<\/strong>, um ein Sechseck senkrecht zu einem vorhandenen Sechseck zu platzieren<\/li>\n<\/ul>\n<p>Pflanzenst\u00fctzen werden auch als Spaliere bezeichnet. <em>Bitte beachten Sie, dass die auf dem Bild gezeigte Pflanze nicht im Lieferumfang enthalten ist.<\/em><\/p>\n","protected":false},"excerpt":{"rendered":"<p>Seaflower Plant support extension pack black for supporting your growing plants<\/p>\n","protected":false},"featured_media":84431,"template":"","meta":[],"pwb-brand":[2161],"product_cat":[1477],"product_tag":[],"class_list":{"0":"post-85250","1":"product","2":"type-product","3":"status-publish","4":"has-post-thumbnail","6":"pwb-brand-seaflower","7":"product_cat-planten-de","9":"first","10":"instock","11":"taxable","12":"shipping-taxable","13":"purchasable","14":"product-type-simple"},"acf":[],"brands":[{"id":2161,"name":"Seaflower","slug":"seaflower"}],"_links":{"self":[{"href":"https:\/\/www.seaflowerstore.com\/de\/wp-json\/wp\/v2\/product\/85250","targetHints":{"allow":["GET"]}}],"collection":[{"href":"https:\/\/www.seaflowerstore.com\/de\/wp-json\/wp\/v2\/product"}],"about":[{"href":"https:\/\/www.seaflowerstore.com\/de\/wp-json\/wp\/v2\/types\/product"}],"wp:featuredmedia":[{"embeddable":true,"href":"https:\/\/www.seaflowerstore.com\/de\/wp-json\/wp\/v2\/media\/84431"}],"wp:attachment":[{"href":"https:\/\/www.seaflowerstore.com\/de\/wp-json\/wp\/v2\/media?parent=85250"}],"wp:term":[{"taxonomy":"pwb-brand","embeddable":true,"href":"https:\/\/www.seaflowerstore.com\/de\/wp-json\/wp\/v2\/pwb-brand?post=85250"},{"taxonomy":"product_cat","embeddable":true,"href":"https:\/\/www.seaflowerstore.com\/de\/wp-json\/wp\/v2\/product_cat?post=85250"},{"taxonomy":"product_tag","embeddable":true,"href":"https:\/\/www.seaflowerstore.com\/de\/wp-json\/wp\/v2\/product_tag?post=85250"}],"curies":[{"name":"wp","href":"https:\/\/api.w.org\/{rel}","templated":true}]}}