{"id":85251,"date":"2022-08-12T15:38:22","date_gmt":"2022-08-12T13:38:22","guid":{"rendered":"https:\/\/www.seaflowerstore.com\/nl\/seaflower-plant-support-basic-set-white\/"},"modified":"2023-06-24T11:28:19","modified_gmt":"2023-06-24T09:28:19","slug":"seaflower-plant-support-basic-set-white","status":"publish","type":"product","link":"https:\/\/www.seaflowerstore.com\/de\/seaflower-plant-support-basic-set-white\/","title":{"rendered":"Seaflower Plant support basic set White"},"content":{"rendered":"<h2>Seaflower Plant support basic set white for supporting your growing plants<\/h2>\n<p>Wenn Ihre kleine Pflanze zu gedeihen beginnt, ben\u00f6tigt sie oft eine St\u00fctze, damit sie besser wachsen kann. Diese St\u00fctze k\u00f6nnen Sie mit dem Basisset ganz einfach herstellen. Mithilfe der Schmetterlings-Verbindungsst\u00fccke k\u00f6nnen Sie Sechsecke und Bodensockel einfach zusammenklicken und so Ihre gew\u00fcnschte Form erreichen.<\/p>\n<p>Das Basisset enth\u00e4lt:<\/p>\n<ul>\n<li><strong>6x Sechseck<\/strong> (8cm x 9cm)<\/li>\n<li><strong>12x Schmetterlinge<\/strong> zum Befestigen des Sechsecks<\/li>\n<li><strong>1x Bodensockel<\/strong> zum Einstecken in die Erde und Weiterbauen mit den Sechsecken<\/li>\n<\/ul>\n<p>Pflanzenst\u00fctzen werden auch als Spaliere bezeichnet.<\/p>\n<p><em>Hinweis: Die Pflanze auf dem Bild ist nicht im Lieferumfang enthalten.<\/em><\/p>\n","protected":false},"excerpt":{"rendered":"<p>Seaflower Plant support basic set white for supporting your growing plants<\/p>\n","protected":false},"featured_media":84427,"template":"","meta":[],"pwb-brand":[2161],"product_cat":[1477],"product_tag":[],"class_list":{"0":"post-85251","1":"product","2":"type-product","3":"status-publish","4":"has-post-thumbnail","6":"pwb-brand-seaflower","7":"product_cat-planten-de","9":"first","10":"instock","11":"taxable","12":"shipping-taxable","13":"purchasable","14":"product-type-simple"},"acf":[],"brands":[{"id":2161,"name":"Seaflower","slug":"seaflower"}],"_links":{"self":[{"href":"https:\/\/www.seaflowerstore.com\/de\/wp-json\/wp\/v2\/product\/85251","targetHints":{"allow":["GET"]}}],"collection":[{"href":"https:\/\/www.seaflowerstore.com\/de\/wp-json\/wp\/v2\/product"}],"about":[{"href":"https:\/\/www.seaflowerstore.com\/de\/wp-json\/wp\/v2\/types\/product"}],"wp:featuredmedia":[{"embeddable":true,"href":"https:\/\/www.seaflowerstore.com\/de\/wp-json\/wp\/v2\/media\/84427"}],"wp:attachment":[{"href":"https:\/\/www.seaflowerstore.com\/de\/wp-json\/wp\/v2\/media?parent=85251"}],"wp:term":[{"taxonomy":"pwb-brand","embeddable":true,"href":"https:\/\/www.seaflowerstore.com\/de\/wp-json\/wp\/v2\/pwb-brand?post=85251"},{"taxonomy":"product_cat","embeddable":true,"href":"https:\/\/www.seaflowerstore.com\/de\/wp-json\/wp\/v2\/product_cat?post=85251"},{"taxonomy":"product_tag","embeddable":true,"href":"https:\/\/www.seaflowerstore.com\/de\/wp-json\/wp\/v2\/product_tag?post=85251"}],"curies":[{"name":"wp","href":"https:\/\/api.w.org\/{rel}","templated":true}]}}