{"id":85252,"date":"2022-08-07T21:17:54","date_gmt":"2022-08-07T21:18:56","guid":{"rendered":"https:\/\/www.seaflowerstore.com\/nl\/seaflower-plant-support-basic-set-black\/"},"modified":"2022-08-07T21:17:54","modified_gmt":"2022-08-07T21:18:56","slug":"seaflower-plant-support-basic-set-black","status":"publish","type":"product","link":"https:\/\/www.seaflowerstore.com\/de\/seaflower-plant-support-basic-set-black\/","title":{"rendered":"Seaflower Plant support basic set black"},"content":{"rendered":"<h2>Seaflower Plant support basic set black for supporting your growing plants<\/h2>\n<p>Wenn Ihre kleine Pflanze zu gedeihen beginnt, ben\u00f6tigt sie oft etwas zus\u00e4tzliche Unterst\u00fctzung, um effizienter und effektiver zu wachsen. Diese Unterst\u00fctzung k\u00f6nnen Sie mit unserem Basisset bieten. Mithilfe der Schmetterlingsverbindungsst\u00fccke k\u00f6nnen Sie die Sechsecke und die Bodenplatte einfach zusammenklicken, um eine Form zu erstellen, die Ihren Anforderungen entspricht.<\/p>\n<p>Das Basisset enth\u00e4lt:<\/p>\n<ul>\n<li>6x Sechseck (8 cm x 9 cm)<\/li>\n<li>12x Schmetterlinge zum Befestigen der Sechsecke<\/li>\n<li>1x Bodenplatte zum Einstecken in die Erde und Aufbauen mit den Sechsecken<\/li>\n<\/ul>\n<p><strong>Pflanzenst\u00fctzen<\/strong> werden auch als Spaliere bezeichnet.<\/p>\n<p><em>Hinweis:<\/em> Die auf dem Bild gezeigte Pflanze ist nicht im Lieferumfang enthalten.<\/p>\n","protected":false},"excerpt":{"rendered":"<p>Seaflower Plant support basic set black for supporting your growing plants<\/p>\n","protected":false},"featured_media":84427,"template":"","meta":[],"pwb-brand":[2161],"product_cat":[1477],"product_tag":[],"class_list":{"0":"post-85252","1":"product","2":"type-product","3":"status-publish","4":"has-post-thumbnail","6":"pwb-brand-seaflower","7":"product_cat-planten-de","9":"first","10":"instock","11":"taxable","12":"shipping-taxable","13":"purchasable","14":"product-type-simple"},"acf":[],"brands":[{"id":2161,"name":"Seaflower","slug":"seaflower"}],"_links":{"self":[{"href":"https:\/\/www.seaflowerstore.com\/de\/wp-json\/wp\/v2\/product\/85252","targetHints":{"allow":["GET"]}}],"collection":[{"href":"https:\/\/www.seaflowerstore.com\/de\/wp-json\/wp\/v2\/product"}],"about":[{"href":"https:\/\/www.seaflowerstore.com\/de\/wp-json\/wp\/v2\/types\/product"}],"wp:featuredmedia":[{"embeddable":true,"href":"https:\/\/www.seaflowerstore.com\/de\/wp-json\/wp\/v2\/media\/84427"}],"wp:attachment":[{"href":"https:\/\/www.seaflowerstore.com\/de\/wp-json\/wp\/v2\/media?parent=85252"}],"wp:term":[{"taxonomy":"pwb-brand","embeddable":true,"href":"https:\/\/www.seaflowerstore.com\/de\/wp-json\/wp\/v2\/pwb-brand?post=85252"},{"taxonomy":"product_cat","embeddable":true,"href":"https:\/\/www.seaflowerstore.com\/de\/wp-json\/wp\/v2\/product_cat?post=85252"},{"taxonomy":"product_tag","embeddable":true,"href":"https:\/\/www.seaflowerstore.com\/de\/wp-json\/wp\/v2\/product_tag?post=85252"}],"curies":[{"name":"wp","href":"https:\/\/api.w.org\/{rel}","templated":true}]}}