{"id":85253,"date":"2022-08-07T18:05:42","date_gmt":"2022-08-07T16:05:42","guid":{"rendered":"https:\/\/www.seaflowerstore.com\/nl\/formfutura-easywood-birch-500gr-1-75mm\/"},"modified":"2022-08-07T18:05:42","modified_gmt":"2022-08-07T16:07:09","slug":"formfutura-easywood-birch-500gr-1-75mm","status":"publish","type":"product","link":"https:\/\/www.seaflowerstore.com\/de\/formfutura-easywood-birch-500gr-1-75mm\/","title":{"rendered":"FormFutura EasyWood Birch (500gr, 1.75mm)"},"content":{"rendered":"<h2>FormFutura EasyWood Birch (500gr, 1.75mm) with real wood-like aesthetics, smell and touch<\/h2>\n<p>EasyWood ist ein holzgef\u00fclltes Filament auf PLA-Basis, das etwa 40 % gemahlene Holzpartikel enth\u00e4lt. Dieses Filament ist auf Benutzerfreundlichkeit ausgelegt, was das Drucken sehr einfach macht. Dank seiner EasyFil PLA-Verbindung bietet EasyWood ein verzugsfreies Druckerlebnis. Es sieht aus, f\u00fchlt sich an und riecht wie echtes Holz, und Sie k\u00f6nnen wundersch\u00f6ne holz\u00e4hnliche Texturen erzielen, indem Sie das gedruckte Objekt leicht mit feink\u00f6rnigem Schleifpapier abschleifen oder die Drucktemperatur anpassen.<\/p>\n<p><strong>Einzigartige Funktionen<\/strong><\/p>\n<ul>\n<li>Hoher Holzanteil von 40 % f\u00fcr ein echtes Holzgef\u00fchl, -aussehen und -geruch.<\/li>\n<li>Sehr einfach zu drucken.<\/li>\n<li>Verzugsfreier Druck ohne Verformung nach dem Abk\u00fchlen.<\/li>\n<li>Hervorragende thermische Stabilit\u00e4t und Filamentflusseigenschaften.<\/li>\n<li>Starke Haftung zwischen den Schichten.<\/li>\n<li>Erm\u00f6glicht hohe Druckgeschwindigkeiten.<\/li>\n<li>F\u00e4higkeit, holz\u00e4hnliche Texturen zu erzeugen.<\/li>\n<li>Kann durch Nachbearbeitung mit feink\u00f6rnigem Schleifpapier verbessert werden.<\/li>\n<li>Einstellbar durch Druck-\/Extrusionstemperaturschwankungen.<\/li>\n<li>Biologisch abbaubar.<\/li>\n<\/ul>\n<p><strong>Allgemeine Druckrichtlinien *<\/strong><\/p>\n<table class=\"table table-bordered\">\n<tbody>\n<tr>\n<td><strong>D\u00fcsengr\u00f6\u00dfe:<\/strong> \u2265 0,4 mm<\/td>\n<td><strong>Schichth\u00f6he:<\/strong> \u2265 0,2 mm<\/td>\n<td><strong>Durchflussrate:<\/strong> \u00b1 100 %<\/td>\n<\/tr>\n<tr>\n<td><strong>Drucktemperatur:<\/strong> \u00b1 210 &#8211; 230 \u00b0C<\/td>\n<td><strong>Druckgeschwindigkeit:<\/strong> Niedrig<\/td>\n<td><strong>R\u00fcckzug:<\/strong> Ja \u00b1 5 mm<\/td>\n<\/tr>\n<tr>\n<td><strong>Heizbett:<\/strong> \u00b1 0 &#8211; 60 \u00b0 C<\/td>\n<td><strong>L\u00fcftergeschwindigkeit:<\/strong> 50-100 %<\/td>\n<td><strong>Erfahrungsgrad:<\/strong> Anf\u00e4nger<\/td>\n<\/tr>\n<\/tbody>\n<\/table>\n<p><i><strong>*<\/strong> Die angegebenen Einstellungen sind als Richtlinie gedacht, um Ihnen dabei zu helfen, Ihre optimalen Druckeinstellungen zu finden. Diese Bereiche sollten f\u00fcr die meisten Drucker funktionieren, aber Sie k\u00f6nnen gerne au\u00dferhalb dieser Bereiche experimentieren, wenn Sie denken, dass dies f\u00fcr Ihren Drucker besser geeignet sein k\u00f6nnte. Es gibt viele verschiedene Arten von Druckern, Hot-Ends und Drucker-Offsets, was es ziemlich schwierig macht, eine Einheitseinstellung bereitzustellen.<\/i><\/p>\n<p><strong>Filamentl\u00e4nge<\/strong><\/p>\n<table class=\"table table-bordered\">\n<tbody>\n<tr>\n<td><i><strong>\u03c1: 1,20 g\/cm\u00b3<\/strong><\/i><\/td>\n<td><strong>50-g-Spule<\/strong><\/td>\n<td><strong>0,5-kg-Spule<\/strong><\/td>\n<td><strong>2,3-kg-Spule<\/strong><\/td>\n<td><\/td>\n<td><\/td>\n<\/tr>\n<tr>\n<td><strong>\u00d8 1,75 mm<\/strong><\/td>\n<td>\u00b1 17,3 m<\/td>\n<td>\u00b1 173 m<\/td>\n<td>797 m<\/td>\n<td><\/td>\n<td><\/td>\n<\/tr>\n<tr>\n<td><strong>\u00d8 2,85 mm<\/strong><\/td>\n<td>\u00b1 6,5 m<\/td>\n<td>\u00b1 65 m<\/td>\n<td>300 m<\/td>\n<td><\/td>\n<td><\/td>\n<\/tr>\n<\/tbody>\n<\/table>\n<p><strong>D\u00fcsenreinigung<\/strong><\/p>\n<p>Beim Drucken mit gef\u00fcllten oder zusammengesetzten Filamenten ist es ratsam, die D\u00fcse unmittelbar nach dem Drucken zu reinigen. Sie k\u00f6nnen dies tun, indem Sie 15\u201320 cm PLA-Filament durch die D\u00fcse f\u00fchren. Dadurch wird sichergestellt, dass alle m\u00f6glichen F\u00fcllstoffe aus der D\u00fcse entfernt werden. Noch effektiver ist es, im Dunkeln leuchtendes PLA zu verwenden, da die harten Phosphorpartikel mit gr\u00f6\u00dferer Wahrscheinlichkeit jegliches Restmaterial aus Ihrer D\u00fcse entfernen.<\/p>\n<p><strong>Informationen zum Produktexport<\/strong><\/p>\n<table class=\"table table-bordered\">\n<tbody>\n<tr>\n<td><strong>HS-Code:<\/strong> 39169090<\/td>\n<td><strong>Beschreibung:<\/strong> Monofilament<\/td>\n<td><strong>Herkunftsland:<\/strong> Niederlande<\/td>\n<\/tr>\n<\/tbody>\n<\/table>\n<p><strong>Konformit\u00e4t *<\/strong><\/p>\n<p>Dieses Filament entspricht den unten aufgef\u00fchrten Richtlinien und Vorschriften:<\/p>\n<ul>\n<li>RoHS-Richtlinie 2011\/65\/EG<\/li>\n<li>REACH-Richtlinie 1907\/2006\/EG<\/li>\n<\/ul>\n<p><i><strong>*<\/strong> Die Konformit\u00e4tserkl\u00e4rung zu Richtlinien und Vorschriften basiert auf unserem aktuellen Wissen und kann aktualisiert werden, wenn neue Informationen verf\u00fcgbar werden. Sie gilt nur f\u00fcr die oben beschriebenen Produkte.<\/i><\/p>\n","protected":false},"excerpt":{"rendered":"<p>FormFutura EasyWood Birch (500gr, 1.75mm) with real wood-like aesthetics, smell and touch<\/p>\n","protected":false},"featured_media":84426,"template":"","meta":[],"pwb-brand":[2315],"product_cat":[1478],"product_tag":[],"class_list":{"0":"post-85253","1":"product","2":"type-product","3":"status-publish","4":"has-post-thumbnail","6":"pwb-brand-formfutura","7":"product_cat-filament-de","9":"first","10":"outofstock","11":"taxable","12":"shipping-taxable","13":"purchasable","14":"product-type-simple"},"acf":[],"brands":[{"id":2315,"name":"FormFutura","slug":"formfutura"}],"_links":{"self":[{"href":"https:\/\/www.seaflowerstore.com\/de\/wp-json\/wp\/v2\/product\/85253","targetHints":{"allow":["GET"]}}],"collection":[{"href":"https:\/\/www.seaflowerstore.com\/de\/wp-json\/wp\/v2\/product"}],"about":[{"href":"https:\/\/www.seaflowerstore.com\/de\/wp-json\/wp\/v2\/types\/product"}],"wp:featuredmedia":[{"embeddable":true,"href":"https:\/\/www.seaflowerstore.com\/de\/wp-json\/wp\/v2\/media\/84426"}],"wp:attachment":[{"href":"https:\/\/www.seaflowerstore.com\/de\/wp-json\/wp\/v2\/media?parent=85253"}],"wp:term":[{"taxonomy":"pwb-brand","embeddable":true,"href":"https:\/\/www.seaflowerstore.com\/de\/wp-json\/wp\/v2\/pwb-brand?post=85253"},{"taxonomy":"product_cat","embeddable":true,"href":"https:\/\/www.seaflowerstore.com\/de\/wp-json\/wp\/v2\/product_cat?post=85253"},{"taxonomy":"product_tag","embeddable":true,"href":"https:\/\/www.seaflowerstore.com\/de\/wp-json\/wp\/v2\/product_tag?post=85253"}],"curies":[{"name":"wp","href":"https:\/\/api.w.org\/{rel}","templated":true}]}}