{"id":85254,"date":"2022-08-07T17:52:11","date_gmt":"2022-08-07T15:52:11","guid":{"rendered":"https:\/\/www.seaflowerstore.com\/nl\/formfutura-tough-pla-black-2300gr-1-75mm\/"},"modified":"2022-08-07T17:52:11","modified_gmt":"2022-08-07T15:53:18","slug":"formfutura-tough-pla-black-2300gr-1-75mm","status":"publish","type":"product","link":"https:\/\/www.seaflowerstore.com\/de\/formfutura-tough-pla-black-2300gr-1-75mm\/","title":{"rendered":"FormFutura Tough PLA Black (2300gr, 1.75mm)"},"content":{"rendered":"<h2>FormFutura Tough PLA Black (2300gr, 1.75mm) combines the durability of ABS-like strength properties and is significantly more stiff than ABS filaments<\/h2>\n<p>FormFutura Tough PLA ist ein 3D-Druckerfilament mit herausragender Leistung, das etwa 750 % schlagfester ist als Standard-PLA-Filamente. Unser Tough PLA-Filament kombiniert Haltbarkeit mit ABS-\u00e4hnlichen Festigkeitseigenschaften und ist damit im Vergleich zu ABS-Filamenten ein deutlich steiferes 3D-Druckmaterial. Es weist eine ausgezeichnete Schichthaftung auf, wodurch 3D-gedruckte Objekte mechanische Festigkeitseigenschaften erreichen, die mit denen durch Spritzguss vergleichbar sind.<\/p>\n<p><strong>Hauptmerkmale<\/strong><\/p>\n<ul>\n<li>Schlagfestigkeit von 29,8 kJ\/m<sup>2<\/sup><\/li>\n<li>Hervorragende Bearbeitbarkeit, die verschiedene Nachbearbeitungstechniken wie Bohren, Schleifen, CNC-Bearbeitung und Gewindeschneiden erm\u00f6glicht.<\/li>\n<li>Hervorragende Schichthaftung<\/li>\n<li>Steif, stark und langlebig<\/li>\n<li>Kompatibel mit AquaSolve PVA und BVOH f\u00fcr komplizierten Multi-Extrusions-3D-Druck<\/li>\n<\/ul>\n<p><strong>Anwendungen<\/strong><\/p>\n<ul>\n<li>Werkzeuge und Fertigungshilfen<\/li>\n<li>Funktionale Prototypen<\/li>\n<li>Schnappmontagebaugruppen<\/li>\n<li>Vorrichtungen und Vorrichtungen<\/li>\n<\/ul>\n<p><strong>Allgemeine Druckrichtlinien *<\/strong><\/p>\n<table class=\"table table-bordered\">\n<tbody>\n<tr>\n<td><strong>D\u00fcsengr\u00f6\u00dfe:<\/strong> \u2265 0,15 mm<\/td>\n<td><strong>Schichth\u00f6he:<\/strong> \u2265 0,06 mm<\/td>\n<td><strong>Erfahrungsstufe:<\/strong> Anf\u00e4nger<\/td>\n<\/tr>\n<tr>\n<td><strong>Drucktemperatur:<\/strong> \u00b1 210 &#8211; 225 \u00b0C<\/td>\n<td><strong>L\u00fcftergeschwindigkeit:<\/strong> 50-100 %<\/td>\n<td><strong>Riffsicher:<\/strong> Ja<\/td>\n<\/tr>\n<tr>\n<td><strong>Heizbett:<\/strong> \u00b1 50 &#8211; 60 \u00b0 C<\/td>\n<td><strong>Anlage erforderlich:<\/strong> Nein<\/td>\n<td><\/td>\n<\/tr>\n<\/tbody>\n<\/table>\n<p><i>* Die oben angezeigten Einstellungen dienen als Orientierungshilfe, um Ihnen dabei zu helfen, Ihre optimalen Druckeinstellungen zu finden. Diese Bereiche sollten f\u00fcr die meisten Drucker funktionieren, aber experimentieren Sie ruhig au\u00dferhalb dieser Bereiche, wenn Sie glauben, dass es f\u00fcr Ihren Drucker geeignet ist. Es gibt viele verschiedene Druckertypen, Hotends und Druckeroffsets, was es schwierig macht, eine Einheitseinstellung bereitzustellen.<\/i><\/p>\n<p><strong>Filamentl\u00e4nge<\/strong><\/p>\n<table class=\"table table-bordered\">\n<tbody>\n<tr>\n<td><strong><em>\u03c1: 1,21 g\/cm\u00b3<\/em><\/strong><\/td>\n<td><strong>50-g-Spule<\/strong><\/td>\n<td><strong>0,75-kg-Spule<\/strong><\/td>\n<td><strong>2,3-kg-Spule<\/strong><\/td>\n<td><strong>4,5-kg-Spule<\/strong><\/td>\n<td><strong>8-kg-Spule<\/strong><\/td>\n<\/tr>\n<tr>\n<td><strong>\u00d8 1,75 mm<\/strong><\/td>\n<td>\u00b1 17,2 m<\/td>\n<td>\u00b1 258 m<\/td>\n<td>\u00b1 790 m<\/td>\n<td>\u00b1 1546 m<\/td>\n<td>\u00b1 2749 m<\/td>\n<\/tr>\n<tr>\n<td><strong>\u00d8 2,85 mm<\/strong><\/td>\n<td>\u00b1 6,5 m<\/td>\n<td>\u00b1 97 m<\/td>\n<td>\u00b1 298 m<\/td>\n<td>\u00b1 583 m<\/td>\n<td>\u00b1 1036 m<\/td>\n<\/tr>\n<\/tbody>\n<\/table>\n<p><strong>Produktexportinformationen<\/strong><\/p>\n<table class=\"table table-bordered\">\n<tbody>\n<tr>\n<td><strong>HS Code:<\/strong> 39169090<\/td>\n<td><strong>Beschreibung:<\/strong> Monofilament<\/td>\n<td><strong>Herkunftsland:<\/strong> Niederlande<\/td>\n<\/tr>\n<\/tbody>\n<\/table>\n<p><strong>Konformit\u00e4t *<\/strong><\/p>\n<p>Dieses Filament entspricht den folgenden Richtlinien und Vorschriften:<\/p>\n<ul>\n<li>RoHS-Richtlinie 2011\/65\/EG<\/li>\n<li>REACH-Richtlinie 1907\/2006\/EG<\/li>\n<\/ul>\n<p><i>* Diese Konformit\u00e4tserkl\u00e4rung zu Richtlinien und Vorschriften wird nach unserem aktuellen Kenntnisstand erstellt und kann aktualisiert werden, wenn neue Informationen verf\u00fcgbar werden. Sie gilt nur f\u00fcr die oben beschriebenen Produkte.<\/i><\/p>\n","protected":false},"excerpt":{"rendered":"<p>FormFutura Tough PLA Black (2300gr, 1.75mm) combines the durability of ABS-like strength properties and is significantly more stiff than ABS filaments<\/p>\n","protected":false},"featured_media":84425,"template":"","meta":[],"pwb-brand":[2315],"product_cat":[1478],"product_tag":[],"class_list":{"0":"post-85254","1":"product","2":"type-product","3":"status-publish","4":"has-post-thumbnail","6":"pwb-brand-formfutura","7":"product_cat-filament-de","9":"first","10":"outofstock","11":"taxable","12":"shipping-taxable","13":"purchasable","14":"product-type-simple"},"acf":[],"brands":[{"id":2315,"name":"FormFutura","slug":"formfutura"}],"_links":{"self":[{"href":"https:\/\/www.seaflowerstore.com\/de\/wp-json\/wp\/v2\/product\/85254","targetHints":{"allow":["GET"]}}],"collection":[{"href":"https:\/\/www.seaflowerstore.com\/de\/wp-json\/wp\/v2\/product"}],"about":[{"href":"https:\/\/www.seaflowerstore.com\/de\/wp-json\/wp\/v2\/types\/product"}],"wp:featuredmedia":[{"embeddable":true,"href":"https:\/\/www.seaflowerstore.com\/de\/wp-json\/wp\/v2\/media\/84425"}],"wp:attachment":[{"href":"https:\/\/www.seaflowerstore.com\/de\/wp-json\/wp\/v2\/media?parent=85254"}],"wp:term":[{"taxonomy":"pwb-brand","embeddable":true,"href":"https:\/\/www.seaflowerstore.com\/de\/wp-json\/wp\/v2\/pwb-brand?post=85254"},{"taxonomy":"product_cat","embeddable":true,"href":"https:\/\/www.seaflowerstore.com\/de\/wp-json\/wp\/v2\/product_cat?post=85254"},{"taxonomy":"product_tag","embeddable":true,"href":"https:\/\/www.seaflowerstore.com\/de\/wp-json\/wp\/v2\/product_tag?post=85254"}],"curies":[{"name":"wp","href":"https:\/\/api.w.org\/{rel}","templated":true}]}}