{"id":85257,"date":"2022-08-07T15:39:41","date_gmt":"2022-08-07T13:39:41","guid":{"rendered":"https:\/\/www.seaflowerstore.com\/nl\/formfutura-reform-rpet-orange-250gr-1-75mm\/"},"modified":"2022-08-07T15:39:41","modified_gmt":"2022-08-07T13:39:42","slug":"formfutura-reform-rpet-orange-250gr-1-75mm","status":"publish","type":"product","link":"https:\/\/www.seaflowerstore.com\/de\/formfutura-reform-rpet-orange-250gr-1-75mm\/","title":{"rendered":"FormFutura ReForm rPET Orange (250gr, 1.75mm)"},"content":{"rendered":"<h2>FormFutura ReForm rPET Orange (250gr, 1.75mm) is <strong>ReefSafe<\/strong><\/h2>\n<p>ReForm rPET ist als <strong>ReefSafe<\/strong> anerkannt und eines der nachhaltigsten Filamente auf PETG-Basis, die heute erh\u00e4ltlich sind.<\/p>\n<p>Dieses Filament wird vollst\u00e4ndig aus erneuerbaren Materialien hergestellt, d. h. bei seiner Herstellung werden keine fossilen oder nat\u00fcrlichen Rohstoffe verwendet. Jetzt wird eines der am h\u00e4ufigsten verwendeten Polymere in einer nachhaltigeren Filamentoption angeboten. ReForm rPET ist in einer breiten Palette leuchtender Farben erh\u00e4ltlich und kombiniert erfolgreich Festigkeit, Z\u00e4higkeit und Bedruckbarkeit.<\/p>\n<p>Sie finden ReForm rPET-Profile auf dem Ultimaker Marketplace, da es sich um ein zugelassenes und validiertes Partnermaterial handelt.<\/p>\n<p><strong>ReForm = Nachhaltigkeit \u2191 + Preise \u2193<\/strong><\/p>\n<p>ReForm von FormFutura bietet nachhaltige Filamente, die ausschlie\u00dflich aus erneuerbaren Materialien hergestellt werden. Wir haben unsere ReForm-Filamente in unserer bislang umweltfreundlichsten Verpackung verpackt. Unser Ziel ist es, unseren \u00f6kologischen Fu\u00dfabdruck zu minimieren und gleichzeitig die Einzelhandelspreise zu senken. Nachhaltigkeit und Erschwinglichkeit k\u00f6nnen tats\u00e4chlich Hand in Hand gehen.<\/p>\n<ul>\n<li>Nur erneuerbare Materialien; keine Verwendung fossiler oder nat\u00fcrlicher Rohstoffe<\/li>\n<li>Alle FormFutura-Verpackungen sind zu 100 % recycelbar<\/li>\n<li>Aufgespult auf stabilen recycelten und FSC-zertifizierten Pappspulen<\/li>\n<li>Verpackt in recycelten und klimaneutralen Pappkartons<\/li>\n<li>ReForm ist die erste Filamentreihe, die auf Pappspulen in Industriegr\u00f6\u00dfe erh\u00e4ltlich ist<\/li>\n<li>Unschlagbare Einzelhandelspreise f\u00fcr hochwertige, nachhaltige Filamente<\/li>\n<\/ul>\n<p>FormFutura rPET-Filament besteht vollst\u00e4ndig aus recyceltem postindustriellem PETG-Inhalt, der aus Abfallstr\u00f6men stammt, die bei der Extrusion unserer HDglass-Filamente entstehen. Aufgrund seines hohen Recyclinganteils wird rPET-Filament nicht aus einer nat\u00fcrlichen PETG-Verbindung hergestellt, sondern aus einer homogenen Verbindung, die aus verschiedenen Farben gesammelter Filamentextrusionsabf\u00e4lle gewonnen wird. Die Farbintensit\u00e4t bei homogenen Verbundl\u00e4ufen kann variieren, was zu helleren oder dunkleren 3D-Druckfilamentfarben f\u00fchrt. Normalerweise werden pro Jahr zwei bis drei homogene Verbundl\u00e4ufe produziert. rPET Wei\u00df und Schwarz behalten jedoch durchg\u00e4ngig die gleiche Farbe, da Extrusionsabf\u00e4lle von schwarzem und wei\u00dfem PETG-Filament getrennt gesammelt werden.<\/p>\n<p><strong>Allgemeine Druckrichtlinien*<\/strong><\/p>\n<table class=\"table table-bordered\">\n<tbody>\n<tr>\n<td><strong>D\u00fcsengr\u00f6\u00dfe: <\/strong>\u2265 0,15 mm<\/td>\n<td><strong>Schichth\u00f6he: <\/strong>\u2265 0,1 mm<\/td>\n<td><strong>Kleber: <\/strong>EasyFix Nr. I<\/td>\n<\/tr>\n<tr>\n<td><strong>Drucktemperatur: <\/strong>\u00b1 230 &#8211; 240\u00b0 C<\/td>\n<td><strong>L\u00fcftergeschwindigkeit: <\/strong>0 &#8211; 30%<\/td>\n<td><strong>Erfahrungsstufe: <\/strong>Anf\u00e4nger<\/td>\n<\/tr>\n<tr>\n<td><strong>Heizbett: <\/strong>\u00b1 75 &#8211; 85\u00b0 C<\/td>\n<td><strong>Geh\u00e4use: <\/strong>Nein \/ Empfohlen<\/td>\n<td><strong>Riffsicher: <\/strong>Ja<\/td>\n<\/tr>\n<\/tbody>\n<\/table>\n<p><em><strong>*<\/strong>) Die oben angezeigten Einstellungen sind als Leitfaden gedacht, um Ihnen zu helfen, Ihre optimalen Druckeinstellungen zu finden. Diese Bereiche sollten f\u00fcr die meisten Drucker funktionieren, aber Sie k\u00f6nnen gerne au\u00dferhalb dieser Bereiche experimentieren, wenn Sie glauben, dass es f\u00fcr Ihren Drucker geeignet ist. Es gibt viele verschiedene Arten von Druckern, Hot-Ends und Druckeroffsets, was es schwierig macht, eine Einheitseinstellung bereitzustellen.<\/em><\/p>\n<p><strong>Filamentl\u00e4nge<\/strong><\/p>\n<table class=\"table table-bordered\">\n<tbody>\n<tr>\n<td><em><strong>\u03c1: 1,27 g\/cm\u00b3<\/strong><\/em><\/td>\n<td><strong>0,25 kg Spule<\/strong><\/td>\n<td><strong>1 kg Spule<\/strong><\/td>\n<td><strong>2,3 kg Spule<\/strong><\/td>\n<td><strong>3,5 kg Spule<\/strong><\/td>\n<td><strong>4,5 kg Spule<\/strong><\/td>\n<\/tr>\n<tr>\n<td><strong>\u00d8 1,75 mm<\/strong><\/td>\n<td>\u00b1 82 m<\/td>\n<td>\u00b1 327 m<\/td>\n<td>\u00b1 753 m<\/td>\n<td>\u00b1 1146 m<\/td>\n<td>\u00b1 1473 m<\/td>\n<\/tr>\n<tr>\n<td><strong>\u00d8 2,85 mm<\/strong><\/td>\n<td>\u00b1 31 m<\/td>\n<td>\u00b1 123 m<\/td>\n<td>\u00b1 284 m<\/td>\n<td>\u00b1 432 m<\/td>\n<td>\u00b1 555 m<\/td>\n<\/tr>\n<\/tbody>\n<\/table>\n<p><strong>Abmessungen der Pappspulen<\/strong><\/p>\n<table class=\"table table-bordered\">\n<tbody>\n<tr>\n<td>Gewicht (Filament)<\/td>\n<td>Breite<\/td>\n<td>Au\u00dfendurchmesser<\/td>\n<td>Innendurchmesser<\/td>\n<td>Gewicht (leere Spule)<\/td>\n<\/tr>\n<tr>\n<td>250 g &#8211; 500 g<\/td>\n<td>~40 mm<\/td>\n<td>~200 mm<\/td>\n<td>~56 mm<\/td>\n<td>~130 g<\/td>\n<\/tr>\n<tr>\n<td>750 g<\/td>\n<td>~55 mm<\/td>\n<td>~200 mm<\/td>\n<td>~56 mm<\/td>\n<td>~150 g<\/td>\n<\/tr>\n<tr>\n<td>1000 g<\/td>\n<td>~78 mm<\/td>\n<td>~200 mm<\/td>\n<td>~56 mm<\/td>\n<td>~185 g<\/td>\n<\/tr>\n<tr>\n<td>2300 g<\/td>\n<td>~ 61 mm<\/td>\n<td>~300 mm<\/td>\n<td>~56 mm<\/td>\n<td>~265 g<\/td>\n<\/tr>\n<tr>\n<td>3500 g<\/td>\n<td>~89 mm<\/td>\n<td>~300 mm<\/td>\n<td>~56 mm<\/td>\n<td>~305 g<\/td>\n<\/tr>\n<tr>\n<td>4500 g<\/td>\n<td>~111 mm<\/td>\n<td>~300 mm<\/td>\n<td>~56 mm<\/td>\n<td>~330 g<\/td>\n<\/tr>\n<\/tbody>\n<\/table>\n<p><strong>Konformit\u00e4t *<\/strong><\/p>\n<p>Dieses Filament entspricht den folgenden Richtlinien und Vorschriften:<\/p>\n<ul>\n<li>RoHS-Richtlinie 2011\/65\/EG<\/li>\n<li>REACH-Richtlinie 1907\/2006\/EG<\/li>\n<\/ul>\n<p><em><strong>*<\/strong>) Diese Konformit\u00e4tserkl\u00e4rung zu Richtlinien und Vorschriften wurde auf Grundlage unseres aktuellen Wissens erstellt und kann aktualisiert werden, wenn neue Informationen verf\u00fcgbar werden. Sie gilt nur f\u00fcr die oben beschriebenen Produkte.<\/em><\/p>\n","protected":false},"excerpt":{"rendered":"<p>FormFutura ReForm rPET Orange is <strong>ReefSafe<\/strong> and likely to be the most sustainable PETG-based filament on the market<\/p>\n","protected":false},"featured_media":84422,"template":"","meta":[],"pwb-brand":[2315],"product_cat":[1478],"product_tag":[],"class_list":{"0":"post-85257","1":"product","2":"type-product","3":"status-publish","4":"has-post-thumbnail","6":"pwb-brand-formfutura","7":"product_cat-filament-de","9":"first","10":"instock","11":"taxable","12":"shipping-taxable","13":"purchasable","14":"product-type-simple"},"acf":[],"brands":[{"id":2315,"name":"FormFutura","slug":"formfutura"}],"_links":{"self":[{"href":"https:\/\/www.seaflowerstore.com\/de\/wp-json\/wp\/v2\/product\/85257","targetHints":{"allow":["GET"]}}],"collection":[{"href":"https:\/\/www.seaflowerstore.com\/de\/wp-json\/wp\/v2\/product"}],"about":[{"href":"https:\/\/www.seaflowerstore.com\/de\/wp-json\/wp\/v2\/types\/product"}],"wp:featuredmedia":[{"embeddable":true,"href":"https:\/\/www.seaflowerstore.com\/de\/wp-json\/wp\/v2\/media\/84422"}],"wp:attachment":[{"href":"https:\/\/www.seaflowerstore.com\/de\/wp-json\/wp\/v2\/media?parent=85257"}],"wp:term":[{"taxonomy":"pwb-brand","embeddable":true,"href":"https:\/\/www.seaflowerstore.com\/de\/wp-json\/wp\/v2\/pwb-brand?post=85257"},{"taxonomy":"product_cat","embeddable":true,"href":"https:\/\/www.seaflowerstore.com\/de\/wp-json\/wp\/v2\/product_cat?post=85257"},{"taxonomy":"product_tag","embeddable":true,"href":"https:\/\/www.seaflowerstore.com\/de\/wp-json\/wp\/v2\/product_tag?post=85257"}],"curies":[{"name":"wp","href":"https:\/\/api.w.org\/{rel}","templated":true}]}}