{"id":85258,"date":"2022-08-07T15:30:34","date_gmt":"2022-08-07T13:31:35","guid":{"rendered":"https:\/\/www.seaflowerstore.com\/nl\/formfutura-hdglass-fluor-orange-stained-250gr-1-75mm\/"},"modified":"2022-08-07T15:30:34","modified_gmt":"2022-08-07T13:31:35","slug":"formfutura-hdglass-fluor-orange-stained-250gr-1-75mm","status":"publish","type":"product","link":"https:\/\/www.seaflowerstore.com\/de\/formfutura-hdglass-fluor-orange-stained-250gr-1-75mm\/","title":{"rendered":"FormFutura HDglass Fluor Orange Stained (250gr, 1.75mm)"},"content":{"rendered":"<h2>FormFutura HDglass Fluor Orange Stained (250gr, 1.75mm)<\/h2>\n<p><strong>HDglass<\/strong> ist ein Hochleistungsfilament, das aus einer einzigartigen PETG-Mischung hergestellt wird. Das Ergebnis ist ein amorphes, hochfestes, hochgl\u00e4nzendes und ultratransparentes 3D-Druckerfilament. Das \u201eHD\u201c steht f\u00fcr \u201eHeavy Duty\u201c, da HDglass f\u00fcr optimale thermische Stabilit\u00e4t und hervorragende 3D-Druck-Flie\u00dfeigenschaften ausgelegt ist. Es erwartet Sie ein sehr einfaches Druckerlebnis sowie bemerkenswerter Glanz, Transparenz und beeindruckende Eigenschaften in Bezug auf Festigkeit, Z\u00e4higkeit und Temperaturbest\u00e4ndigkeit.<\/p>\n<p><strong>Einzigartige Merkmale:<\/strong><\/p>\n<ul>\n<li>Extrem transparent und hochgl\u00e4nzend \u2013 90 % optische Lichtdurchl\u00e4ssigkeit mit nur 1 % Tr\u00fcbung.<\/li>\n<li>Einfach zu drucken \u2013 Nahezu verzugsfrei mit perfekter Zwischenschichthaftung und guter Erstschichthaftung auf einem beheizten Glasdruckbett und vielen anderen Oberfl\u00e4chen.<\/li>\n<li>Kompatibel f\u00fcr Drucken bei hohen Geschwindigkeiten.<\/li>\n<li>Geruchslose Verarbeitung und Druck.<\/li>\n<li>Hohe Festigkeit und Z\u00e4higkeit im Vergleich zu \u00e4hnlichen Materialien.<\/li>\n<li>Wasserdichter Druck.<\/li>\n<\/ul>\n<p><strong>Allgemeine Druckrichtlinien *<\/strong><\/p>\n<table class=\"table table-bordered\">\n<tbody>\n<tr>\n<td><strong>D\u00fcsengr\u00f6\u00dfe:<\/strong> \u2265 0,15 mm<\/td>\n<td><strong>Schichth\u00f6he:<\/strong> \u2265 0,1 mm<\/td>\n<td><strong>Durchflussrate:<\/strong> \u00b1 100 %<\/td>\n<\/tr>\n<tr>\n<td><strong>Drucktemperatur:<\/strong> \u00b1 235 &#8211; 260 \u00b0C<\/td>\n<td><strong>Druckgeschwindigkeit:<\/strong> Mittel<\/td>\n<td><strong>R\u00fcckzug:<\/strong> Ja \u00b1 5 mm<\/td>\n<\/tr>\n<tr>\n<td><strong>Heizbett:<\/strong> \u00b1 80 &#8211; 90 \u00b0C<\/td>\n<td><strong>L\u00fcftergeschwindigkeit:<\/strong> 10 &#8211; 30 %<\/td>\n<td><strong>Erfahrungsstufe:<\/strong> Anf\u00e4nger<\/td>\n<\/tr>\n<tr>\n<td><strong>Riffsicher:<\/strong> Ja<\/td>\n<td><\/td>\n<td><\/td>\n<\/tr>\n<\/tbody>\n<\/table>\n<p><em>* Diese Einstellungen sollen Ihnen als Leitfaden dienen, um Ihre optimalen Druckparameter zu finden. Diese Bereiche sollten f\u00fcr die meisten Drucker geeignet sein, Sie k\u00f6nnen aber auch au\u00dferhalb dieser Bereiche experimentieren, wenn Sie glauben, dass dies f\u00fcr Ihren speziellen Drucker geeignet ist. Es gibt viele verschiedene Druckertypen, Hot-Ends und Offsets, was es schwierig macht, eine einheitliche Einstellung bereitzustellen.<\/em><\/p>\n<p><strong>HDglass-Farbterminologie:<\/strong><\/p>\n<p>HDglass ist in einer Reihe von Farben erh\u00e4ltlich, von extrem klar bis v\u00f6llig undurchsichtig. Eine Erkl\u00e4rung der Farbterminologie f\u00fcr unsere HDglass-Filamente finden Sie in der folgenden Tabelle.<\/p>\n<table class=\"table table-bordered\">\n<tbody>\n<tr>\n<td><strong>Transparent \/ Klar<\/strong><\/td>\n<td><strong>Durchscheinend gef\u00e4rbt<\/strong><\/td>\n<td><strong>Leicht durchscheinend gef\u00e4rbt<\/strong><\/td>\n<td><strong>Undurchsichtig<\/strong><\/td>\n<\/tr>\n<tr>\n<td>Klar<\/td>\n<td>Durchsichtig<\/td>\n<td>Gef\u00e4rbt<\/td>\n<td>Blind<\/td>\n<\/tr>\n<\/tbody>\n<\/table>\n<p><strong>Filamentl\u00e4nge:<\/strong><\/p>\n<table class=\"table table-bordered\">\n<tbody>\n<tr>\n<td><em><strong>\u03c1: 1,27 g\/cc<\/strong><\/em><\/td>\n<td><strong>50 g Spule<\/strong><\/td>\n<td><strong>0,75 kg Spule<\/strong><\/td>\n<td><strong>2,3 kg Spule<\/strong><\/td>\n<td><strong>4,5 kg Spule<\/strong><\/td>\n<td><strong>8 kg Spule<\/strong><\/td>\n<\/tr>\n<tr>\n<td><strong>\u00d8 1,75 mm<\/strong><\/td>\n<td>\u00b1 16,4 m<\/td>\n<td>\u00b1 246 m<\/td>\n<td>\u00b1 753 m<\/td>\n<td>\u00b1 1473 m<\/td>\n<td>\u00b1 2619 m<\/td>\n<\/tr>\n<tr>\n<td><strong>\u00d8 2,85 mm<\/strong><\/td>\n<td>\u00b1 6,2 m<\/td>\n<td>\u00b1 93 m<\/td>\n<td>\u00b1 284 m<\/td>\n<td>\u00b1 555 m<\/td>\n<td>\u00b1 987 m<\/td>\n<\/tr>\n<\/tbody>\n<\/table>\n<p><strong>Konformit\u00e4t *<\/strong><\/p>\n<p>Dieses Filament entspricht den folgenden Richtlinien und Vorschriften:<\/p>\n<ul>\n<li>RoHS-Richtlinie 2011\/65\/EG<\/li>\n<li>REACH-Richtlinie 1907\/2006\/EG<\/li>\n<\/ul>\n<p><em>* Diese Konformit\u00e4tserkl\u00e4rung zu Richtlinien und Vorschriften wird nach unserem aktuellen Wissensstand erstellt und kann aktualisiert werden, wenn neue Informationen verf\u00fcgbar werden. Sie gilt nur f\u00fcr die oben beschriebenen Produkte.<\/em><\/p>\n","protected":false},"excerpt":{"rendered":"<p>FormFutura HDglass Fluor Orange Stained (1,75mm, 250gram) Extremely transparent and high gloss PETG<\/p>\n","protected":false},"featured_media":84421,"template":"","meta":[],"pwb-brand":[2315],"product_cat":[1478],"product_tag":[],"class_list":{"0":"post-85258","1":"product","2":"type-product","3":"status-publish","4":"has-post-thumbnail","6":"pwb-brand-formfutura","7":"product_cat-filament-de","9":"first","10":"instock","11":"taxable","12":"shipping-taxable","13":"purchasable","14":"product-type-simple"},"acf":[],"brands":[{"id":2315,"name":"FormFutura","slug":"formfutura"}],"_links":{"self":[{"href":"https:\/\/www.seaflowerstore.com\/de\/wp-json\/wp\/v2\/product\/85258","targetHints":{"allow":["GET"]}}],"collection":[{"href":"https:\/\/www.seaflowerstore.com\/de\/wp-json\/wp\/v2\/product"}],"about":[{"href":"https:\/\/www.seaflowerstore.com\/de\/wp-json\/wp\/v2\/types\/product"}],"wp:featuredmedia":[{"embeddable":true,"href":"https:\/\/www.seaflowerstore.com\/de\/wp-json\/wp\/v2\/media\/84421"}],"wp:attachment":[{"href":"https:\/\/www.seaflowerstore.com\/de\/wp-json\/wp\/v2\/media?parent=85258"}],"wp:term":[{"taxonomy":"pwb-brand","embeddable":true,"href":"https:\/\/www.seaflowerstore.com\/de\/wp-json\/wp\/v2\/pwb-brand?post=85258"},{"taxonomy":"product_cat","embeddable":true,"href":"https:\/\/www.seaflowerstore.com\/de\/wp-json\/wp\/v2\/product_cat?post=85258"},{"taxonomy":"product_tag","embeddable":true,"href":"https:\/\/www.seaflowerstore.com\/de\/wp-json\/wp\/v2\/product_tag?post=85258"}],"curies":[{"name":"wp","href":"https:\/\/api.w.org\/{rel}","templated":true}]}}