{"id":85259,"date":"2022-08-07T00:17:10","date_gmt":"2022-08-06T22:17:10","guid":{"rendered":"https:\/\/www.seaflowerstore.com\/nl\/formfutura-easyfil-abs-glow-in-the-dark\/"},"modified":"2022-08-07T00:17:10","modified_gmt":"2022-08-06T22:17:32","slug":"formfutura-easyfil-abs-glow-in-the-dark","status":"publish","type":"product","link":"https:\/\/www.seaflowerstore.com\/de\/formfutura-easyfil-abs-glow-in-the-dark\/","title":{"rendered":"FormFutura EasyFil ABS Glow in the Dark"},"content":{"rendered":"<h2>FormFutura EasyFil ABS Glow in the Dark (1.75mm, 750 gram)<\/h2>\n<p>EasyFil ABS ist ein benutzerfreundliches und hochwertiges Acrylnitril-Butadien-Styrol-3D-Druckerfilament. Es arbeitet bei leicht erh\u00f6hten Drucktemperaturen im Vergleich zu normalem ABS, doch seine au\u00dfergew\u00f6hnliche Prozessstabilit\u00e4t und physikalischen Eigenschaften machen EasyFil ABS deutlich schlagfester und einfacher zu drucken als Standard-ABS-Filamente.<\/p>\n<p><strong>Einzigartige Eigenschaften<\/strong><\/p>\n<ul>\n<li>Hervorragende Prozessstabilit\u00e4t und minimale Verformung<\/li>\n<li>Wesentlich h\u00f6here Schlagfestigkeit als typisches ABS<\/li>\n<li>Stark und langlebig<\/li>\n<li>Leichtgewichtig<\/li>\n<li>Viscat-Erweichungstemperatur von ca. 103 \u00b0C<\/li>\n<li>Eine gro\u00dfe Auswahl an lebendigen, deckenden Farben<\/li>\n<\/ul>\n<p><strong>Allgemeine Druckrichtlinien *<\/strong><\/p>\n<table class=\"table table-bordered\">\n<tbody>\n<tr>\n<td><strong>D\u00fcsengr\u00f6\u00dfe: <\/strong>\u2265 0,15 mm<\/td>\n<td><strong>Schichth\u00f6he: <\/strong>\u2265 0,1 mm<\/td>\n<td><strong>Durchfluss Rate: <\/strong>\u00b1 104 %<\/td>\n<\/tr>\n<tr>\n<td><strong>Drucktemperatur: <\/strong>\u00b1 225 &#8211; 270 \u00b0C<\/td>\n<td><strong>Druckgeschwindigkeit: <\/strong>Mittel<\/td>\n<td><strong>R\u00fcckzug: <\/strong>Ja \u00b1 5 mm<\/td>\n<\/tr>\n<tr>\n<td><strong>Heizbett: <\/strong>\u00b1 90 &#8211; 110 \u00b0C<\/td>\n<td><strong>L\u00fcftergeschwindigkeit: <\/strong>0-30 %<\/td>\n<td><strong>Erfahrungsstufe: <\/strong>Mittel<\/td>\n<\/tr>\n<tr>\n<td><strong>Riffsicher: <\/strong>Ja<\/td>\n<td><\/td>\n<td><\/td>\n<\/tr>\n<\/tbody>\n<\/table>\n<p><i><strong>*<\/strong> Die angegebenen Einstellungen dienen als Leitfaden f\u00fcr die Ermittlung Ihrer optimalen Druckeinstellungen. Diese Bereiche sollten f\u00fcr die meisten Drucker geeignet sein, Sie k\u00f6nnen jedoch gerne auch au\u00dferhalb dieser Parameter experimentieren, wenn Sie glauben, dass dies f\u00fcr Ihren Drucker besser funktioniert. Es gibt eine Vielzahl von Druckern, Hot-Ends und Drucker-Offsets, was es ziemlich schwierig macht, eine universell anwendbare Einstellung bereitzustellen.<\/i><\/p>\n<p><strong>Filamentl\u00e4nge<\/strong><\/p>\n<table class=\"table table-bordered\">\n<tbody>\n<tr>\n<td><i><strong>\u03c1: 1,03 g\/cc<\/strong><\/i><\/td>\n<td><strong>50-g-Spule<\/strong><\/td>\n<td><strong>0,75-kg-Spule<\/strong><\/td>\n<td><strong>2,3-kg-Spule<\/strong><\/td>\n<td><\/td>\n<td><\/td>\n<\/tr>\n<tr>\n<td><strong>\u00d8 1,75 mm<\/strong><\/td>\n<td>Ungef\u00e4hr 20,2 m<\/td>\n<td>Ungef\u00e4hr 303 m<\/td>\n<td>Ungef\u00e4hr 928 m<\/td>\n<td><\/td>\n<td><\/td>\n<\/tr>\n<tr>\n<td><strong>\u00d8 2,85 mm<\/strong><\/td>\n<td>Ungef\u00e4hr 7,6 m<\/td>\n<td>Ungef\u00e4hr 114 m<\/td>\n<td>Ungef\u00e4hr 350 m<\/td>\n<td><\/td>\n<td><\/td>\n<\/tr>\n<\/tbody>\n<\/table>\n<p><strong>Informationen zum Produktexport<\/strong><\/p>\n<table class=\"table table-bordered\">\n<tbody>\n<tr>\n<td><strong>HS-Code:<\/strong> 39169090<\/td>\n<td><strong>Beschreibung: <\/strong>Monofilament<\/td>\n<td><strong>Herkunftsland: <\/strong>Niederlande<\/td>\n<\/tr>\n<\/tbody>\n<\/table>\n<p><strong>Konformit\u00e4t *<\/strong><\/p>\n<p>Dieses Filament entspricht den unten aufgef\u00fchrten Richtlinien und Vorschriften:<\/p>\n<ul>\n<li>RoHS-Richtlinie 2011\/65\/EG<\/li>\n<li>REACH-Richtlinie 1907\/2006\/EG<\/li>\n<\/ul>\n<p><i><strong>*<\/strong> Diese Konformit\u00e4tserkl\u00e4rung zu Richtlinien und Vorschriften basiert auf unserem aktuellen Wissen und kann aktualisiert werden, wenn neue Informationen verf\u00fcgbar werden. Sie gilt nur f\u00fcr die oben beschriebenen Produkte.<\/i><\/p>\n","protected":false},"excerpt":{"rendered":"<p>FormFutura EasyFil ABS Glow in the Dark is an easy to use and high-end Acrylonitrile Butadiene Styrene 3D printer filament<\/p>\n","protected":false},"featured_media":84420,"template":"","meta":[],"pwb-brand":[2315],"product_cat":[1478],"product_tag":[],"class_list":{"0":"post-85259","1":"product","2":"type-product","3":"status-publish","4":"has-post-thumbnail","6":"pwb-brand-formfutura","7":"product_cat-filament-de","9":"first","10":"outofstock","11":"taxable","12":"shipping-taxable","13":"purchasable","14":"product-type-simple"},"acf":[],"brands":[{"id":2315,"name":"FormFutura","slug":"formfutura"}],"_links":{"self":[{"href":"https:\/\/www.seaflowerstore.com\/de\/wp-json\/wp\/v2\/product\/85259","targetHints":{"allow":["GET"]}}],"collection":[{"href":"https:\/\/www.seaflowerstore.com\/de\/wp-json\/wp\/v2\/product"}],"about":[{"href":"https:\/\/www.seaflowerstore.com\/de\/wp-json\/wp\/v2\/types\/product"}],"wp:featuredmedia":[{"embeddable":true,"href":"https:\/\/www.seaflowerstore.com\/de\/wp-json\/wp\/v2\/media\/84420"}],"wp:attachment":[{"href":"https:\/\/www.seaflowerstore.com\/de\/wp-json\/wp\/v2\/media?parent=85259"}],"wp:term":[{"taxonomy":"pwb-brand","embeddable":true,"href":"https:\/\/www.seaflowerstore.com\/de\/wp-json\/wp\/v2\/pwb-brand?post=85259"},{"taxonomy":"product_cat","embeddable":true,"href":"https:\/\/www.seaflowerstore.com\/de\/wp-json\/wp\/v2\/product_cat?post=85259"},{"taxonomy":"product_tag","embeddable":true,"href":"https:\/\/www.seaflowerstore.com\/de\/wp-json\/wp\/v2\/product_tag?post=85259"}],"curies":[{"name":"wp","href":"https:\/\/api.w.org\/{rel}","templated":true}]}}