{"id":85262,"date":"2022-08-03T11:57:50","date_gmt":"2022-08-03T10:28:40","guid":{"rendered":"https:\/\/www.seaflowerstore.com\/nl\/microbe-lift-aqua-pure\/"},"modified":"2022-08-03T11:57:50","modified_gmt":"2022-08-03T10:28:40","slug":"microbe-lift-aqua-pure","status":"publish","type":"product","link":"https:\/\/www.seaflowerstore.com\/de\/microbe-lift-aqua-pure\/","title":{"rendered":"Microbe-Lift Aqua Pure"},"content":{"rendered":"<h2>Microbe-Lift Aqua Pure sustainably enhances the biology of your aquarium by visibly and measurably improving its water quality<\/h2>\n<p><strong>Aqua-Pure<\/strong> ist eine speziell formulierte Mischung aus n\u00fctzlichen Bakterienkulturen und 100 % nat\u00fcrlichen Adsorptionsmedien, die f\u00fcr die Pflege von Salzwasser- und S\u00fc\u00dfwasseraquarien, insbesondere in anspruchsvollen Situationen, entwickelt wurde. Seine einzigartige Zusammensetzung bietet zahlreiche Vorteile, darunter:<\/p>\n<ul>\n<li>Langfristige Entfernung von Ammonium und Nitrit<\/li>\n<li>Neutralisierung von Schwermetallen<\/li>\n<li>Vorbeugung von Algenproblemen<\/li>\n<li>Bildung von kristallklarem Wasser<\/li>\n<li>Schutz Ihrer Aquarienbewohner<\/li>\n<\/ul>\n<p><strong>Aqua-Pure<\/strong> verbessert die Biologie Ihres Aquariums erheblich und gleichzeitig sichtbar und messbar die Wasserqualit\u00e4t.<\/p>\n<p><strong>Tipps:<\/strong><\/p>\n<ul>\n<li>Bei Problemen wie Nitritspitzen, Algenwachstum oder allgemein schlechter Wasserqualit\u00e4t k\u00f6nnen Sie <strong>Aqua-Pure<\/strong> t\u00e4glich verwenden.<\/li>\n<li>Wenden Sie <strong>Aqua-Pure<\/strong> nach dem Filterwechsel, der Anwendung medizinischer Behandlungen oder dem Wasserwechsel an.<\/li>\n<li>F\u00fcr optimale Ergebnisse kombinieren Sie <strong>Aqua-Pure<\/strong> mit unserer <strong>MICROBE-LIFT Pflegeserie<\/strong> f\u00fcr ein gesundes und stabiles Aquarium.<\/li>\n<\/ul>\n<p>Nach dem \u00d6ffnen unbedingt im K\u00fchlschrank aufbewahren!<\/p>\n<p><strong>Pflegedosierung:<\/strong> Einmal w\u00f6chentlich 20 ml auf 100 Liter Wasser zugeben.<\/p>\n<p><strong>Dosierung bei Problemen:<\/strong> Eine Woche lang einmal t\u00e4glich 10 ml auf 100 Liter Wasser zugeben.<\/p>\n<h2>Alle Vorteile<\/h2>\n<ul>\n<li>100 % biologisch<\/li>\n<li>Enth\u00e4lt n\u00fctzliche lebende Bakterienkulturen und 100 % nat\u00fcrliche Adsorptionsmedien<\/li>\n<li>Geeignet f\u00fcr alle Meer- und S\u00fc\u00dfwasseraquarien<\/li>\n<li>Sorgt f\u00fcr kristallklares Wasser<\/li>\n<li>Sorgt f\u00fcr eine langfristige Entfernung von Ammonium und Nitrit<\/li>\n<li>Neutralisiert Schwermetalle<\/li>\n<li>Verhindert Algenprobleme<\/li>\n<li>Verbessert die allgemeine Wasserqualit\u00e4t<\/li>\n<li>Sch\u00fctzt Ihre Aquarienpopulation<\/li>\n<\/ul>\n","protected":false},"excerpt":{"rendered":"<p>Microbe-Lift Aqua Pure sustainably enhances the biology of your aquarium by visibly and measurably improving its water quality<\/p>\n","protected":false},"featured_media":84416,"template":"","meta":[],"pwb-brand":[2227],"product_cat":[1391],"product_tag":[],"class_list":{"0":"post-85262","1":"product","2":"type-product","3":"status-publish","4":"has-post-thumbnail","6":"pwb-brand-microbe-lift","7":"product_cat-ergaenzungen","8":"pa_inhoud-118-ml-de","9":"pa_inhoud-236-ml-de","10":"pa_inhoud-473-ml-de","12":"first","13":"instock","14":"taxable","15":"shipping-taxable","16":"purchasable","17":"product-type-variable"},"acf":[],"brands":[{"id":2227,"name":"Microbe-Lift","slug":"microbe-lift"}],"_links":{"self":[{"href":"https:\/\/www.seaflowerstore.com\/de\/wp-json\/wp\/v2\/product\/85262","targetHints":{"allow":["GET"]}}],"collection":[{"href":"https:\/\/www.seaflowerstore.com\/de\/wp-json\/wp\/v2\/product"}],"about":[{"href":"https:\/\/www.seaflowerstore.com\/de\/wp-json\/wp\/v2\/types\/product"}],"wp:featuredmedia":[{"embeddable":true,"href":"https:\/\/www.seaflowerstore.com\/de\/wp-json\/wp\/v2\/media\/84416"}],"wp:attachment":[{"href":"https:\/\/www.seaflowerstore.com\/de\/wp-json\/wp\/v2\/media?parent=85262"}],"wp:term":[{"taxonomy":"pwb-brand","embeddable":true,"href":"https:\/\/www.seaflowerstore.com\/de\/wp-json\/wp\/v2\/pwb-brand?post=85262"},{"taxonomy":"product_cat","embeddable":true,"href":"https:\/\/www.seaflowerstore.com\/de\/wp-json\/wp\/v2\/product_cat?post=85262"},{"taxonomy":"product_tag","embeddable":true,"href":"https:\/\/www.seaflowerstore.com\/de\/wp-json\/wp\/v2\/product_tag?post=85262"}],"curies":[{"name":"wp","href":"https:\/\/api.w.org\/{rel}","templated":true}]}}