{"id":85266,"date":"2022-07-28T12:29:07","date_gmt":"2022-07-28T10:29:08","guid":{"rendered":"https:\/\/www.seaflowerstore.com\/nl\/maxspect-clear-cube-support\/"},"modified":"2022-07-28T12:29:07","modified_gmt":"2022-07-28T10:29:08","slug":"maxspect-clear-cube-support","status":"publish","type":"product","link":"https:\/\/www.seaflowerstore.com\/de\/maxspect-clear-cube-support\/","title":{"rendered":"Maxspect Clear Cube Support"},"content":{"rendered":"<h2>Support for the Maxspect Nano Tech Clear Cubes<\/h2>\n<p>Wir bieten eine gro\u00dfartige riffsichere St\u00fctzl\u00f6sung, die 8 Maxspect Clear Cubes in Ihrem Sumpf h\u00e4lt. Diese Anordnung f\u00f6rdert einen hervorragenden Wasserfluss \u00fcber die Bl\u00f6cke und verringert die Wahrscheinlichkeit, dass sich darunter Detritus ansammelt, erheblich. Durch das Stapeln der Bl\u00f6cke k\u00f6nnen Sie au\u00dferdem wertvollen Platz in Ihrem Sumpf sparen.<\/p>\n<p><strong>Bitte beachten Sie, dass die Bl\u00f6cke nicht im Lieferumfang enthalten sind.<\/strong><\/p>\n","protected":false},"excerpt":{"rendered":"<p>Support for the Maxspect Clear Cubes <strong>(blocks are not included)<\/strong><\/p>\n","protected":false},"featured_media":84412,"template":"","meta":[],"pwb-brand":[2161],"product_cat":[1385,1483,1386,1442],"product_tag":[],"class_list":{"0":"post-85266","1":"product","2":"type-product","3":"status-publish","4":"has-post-thumbnail","6":"pwb-brand-seaflower","7":"product_cat-neue-produkte","8":"product_cat-refugium-de","9":"product_cat-steine","10":"product_cat-3d-print-de","11":"pa_show-myparcel-options-male-de","13":"first","14":"instock","15":"taxable","16":"shipping-taxable","17":"purchasable","18":"product-type-simple"},"acf":[],"brands":[{"id":2161,"name":"Seaflower","slug":"seaflower"}],"_links":{"self":[{"href":"https:\/\/www.seaflowerstore.com\/de\/wp-json\/wp\/v2\/product\/85266","targetHints":{"allow":["GET"]}}],"collection":[{"href":"https:\/\/www.seaflowerstore.com\/de\/wp-json\/wp\/v2\/product"}],"about":[{"href":"https:\/\/www.seaflowerstore.com\/de\/wp-json\/wp\/v2\/types\/product"}],"wp:featuredmedia":[{"embeddable":true,"href":"https:\/\/www.seaflowerstore.com\/de\/wp-json\/wp\/v2\/media\/84412"}],"wp:attachment":[{"href":"https:\/\/www.seaflowerstore.com\/de\/wp-json\/wp\/v2\/media?parent=85266"}],"wp:term":[{"taxonomy":"pwb-brand","embeddable":true,"href":"https:\/\/www.seaflowerstore.com\/de\/wp-json\/wp\/v2\/pwb-brand?post=85266"},{"taxonomy":"product_cat","embeddable":true,"href":"https:\/\/www.seaflowerstore.com\/de\/wp-json\/wp\/v2\/product_cat?post=85266"},{"taxonomy":"product_tag","embeddable":true,"href":"https:\/\/www.seaflowerstore.com\/de\/wp-json\/wp\/v2\/product_tag?post=85266"}],"curies":[{"name":"wp","href":"https:\/\/api.w.org\/{rel}","templated":true}]}}