{"id":85269,"date":"2022-07-14T10:43:14","date_gmt":"2022-07-14T08:43:15","guid":{"rendered":"https:\/\/www.seaflowerstore.com\/nl\/maxspect-anaerobic-block-support\/"},"modified":"2022-07-14T10:43:14","modified_gmt":"2022-07-14T08:43:15","slug":"maxspect-anaerobic-block-support","status":"publish","type":"product","link":"https:\/\/www.seaflowerstore.com\/de\/maxspect-anaerobic-block-support\/","title":{"rendered":"Maxspect Anaerobic Block Support"},"content":{"rendered":"<h2>Support for the Maxspect Anaerobic blocks<\/h2>\n<p>Wir stellen Ihnen eine fantastische riffsichere Halterung vor, die zwei Maxspect Anaerobic-Bl\u00f6cke in Ihrem Sumpf h\u00e4lt. Diese Anordnung f\u00f6rdert einen ausgezeichneten Wasserfluss \u00fcber die Bl\u00f6cke und verringert die Wahrscheinlichkeit, dass sich darunter Detritus ansammelt, erheblich. Indem Sie die Bl\u00f6cke stapeln, k\u00f6nnen Sie au\u00dferdem wertvollen Platz in Ihrem Sumpf sparen.<\/p>\n<p><strong>Bitte beachten Sie, dass die Bl\u00f6cke nicht im Lieferumfang enthalten sind.<\/strong><\/p>\n","protected":false},"excerpt":{"rendered":"<p>Support for the Maxspect Anaerobic blocks <strong>(blocks are not included)<\/strong><\/p>\n","protected":false},"featured_media":84408,"template":"","meta":[],"pwb-brand":[2161],"product_cat":[1385,1483,1386,1442],"product_tag":[],"class_list":{"0":"post-85269","1":"product","2":"type-product","3":"status-publish","4":"has-post-thumbnail","6":"pwb-brand-seaflower","7":"product_cat-neue-produkte","8":"product_cat-refugium-de","9":"product_cat-steine","10":"product_cat-3d-print-de","11":"pa_show-myparcel-options-male-de","13":"first","14":"instock","15":"taxable","16":"shipping-taxable","17":"purchasable","18":"product-type-simple"},"acf":[],"brands":[{"id":2161,"name":"Seaflower","slug":"seaflower"}],"_links":{"self":[{"href":"https:\/\/www.seaflowerstore.com\/de\/wp-json\/wp\/v2\/product\/85269","targetHints":{"allow":["GET"]}}],"collection":[{"href":"https:\/\/www.seaflowerstore.com\/de\/wp-json\/wp\/v2\/product"}],"about":[{"href":"https:\/\/www.seaflowerstore.com\/de\/wp-json\/wp\/v2\/types\/product"}],"wp:featuredmedia":[{"embeddable":true,"href":"https:\/\/www.seaflowerstore.com\/de\/wp-json\/wp\/v2\/media\/84408"}],"wp:attachment":[{"href":"https:\/\/www.seaflowerstore.com\/de\/wp-json\/wp\/v2\/media?parent=85269"}],"wp:term":[{"taxonomy":"pwb-brand","embeddable":true,"href":"https:\/\/www.seaflowerstore.com\/de\/wp-json\/wp\/v2\/pwb-brand?post=85269"},{"taxonomy":"product_cat","embeddable":true,"href":"https:\/\/www.seaflowerstore.com\/de\/wp-json\/wp\/v2\/product_cat?post=85269"},{"taxonomy":"product_tag","embeddable":true,"href":"https:\/\/www.seaflowerstore.com\/de\/wp-json\/wp\/v2\/product_tag?post=85269"}],"curies":[{"name":"wp","href":"https:\/\/api.w.org\/{rel}","templated":true}]}}