{"id":85273,"date":"2022-07-08T17:00:11","date_gmt":"2022-07-08T15:03:28","guid":{"rendered":"https:\/\/www.seaflowerstore.com\/nl\/xepta-np-out\/"},"modified":"2022-07-08T17:00:11","modified_gmt":"2022-07-08T15:03:28","slug":"xepta-np-out","status":"publish","type":"product","link":"https:\/\/www.seaflowerstore.com\/de\/xepta-np-out\/","title":{"rendered":"XEPTA NP-out"},"content":{"rendered":"<h2>XEPTA NP-out are carbon sources for biological and natural removal of nitrates and phosphates<\/h2>\n<p>Bakterien spielen in jedem Aquarium eine entscheidende Rolle und ben\u00f6tigen bestimmte Elemente, um zu gedeihen und ihre Funktionen zu verbessern. F\u00fcr optimales Wachstum ben\u00f6tigen diese Mikroorganismen eine zuverl\u00e4ssige Energiequelle sowie andere wichtige N\u00e4hrstoffe. <strong>XEPTA NP-out<\/strong> dient als Kohlenstoffquelle, die die biologische und nat\u00fcrliche Entfernung von Nitraten und Phosphaten erleichtert.<\/p>\n<p>Dieses Produkt f\u00f6rdert nicht nur die lebendige nat\u00fcrliche F\u00e4rbung des Korallengewebes, sondern hilft auch, das Vorhandensein von Zooxanthellen zu reduzieren, die zu Br\u00e4unung f\u00fchren k\u00f6nnen. Dar\u00fcber hinaus unterst\u00fctzt es indirekt die Korallenern\u00e4hrung, indem es die Bakterienpopulation im Aquarium deutlich erh\u00f6ht und so die Denitrifikations- und Phosphatreduzierungsraten verbessert.<\/p>\n<p>Dar\u00fcber hinaus f\u00fchrt die Verwendung von <strong>XEPTA NP-out<\/strong> zu einer sp\u00fcrbaren Verbesserung der Absch\u00e4umerleistung und stellt sicher, dass die Wasserbedingungen im Aquarium denen einer nat\u00fcrlichen Meeresumgebung sehr nahe kommen. Es wird empfohlen, dieses Produkt in Verbindung mit <strong>XEPTA Reef Bac<\/strong> zu verwenden.<\/p>\n<p><strong>Dosierung:<\/strong> 1-4 ml pro 100 Liter Aquarienwasser t\u00e4glich, abh\u00e4ngig vom Nitratgehalt (NO3).<\/p>\n<p><strong>Inhalt:<\/strong> Methanol, Toluol, Glukose und Essigs\u00e4ure.<\/p>\n","protected":false},"excerpt":{"rendered":"<p>XEPTA NP-out are carbon sources for biological and natural removal of nitrates and phosphates<\/p>\n","protected":false},"featured_media":84406,"template":"","meta":[],"pwb-brand":[2313],"product_cat":[1391,1453],"product_tag":[],"class_list":{"0":"post-85273","1":"product","2":"type-product","3":"status-publish","4":"has-post-thumbnail","6":"pwb-brand-xepta","7":"product_cat-ergaenzungen","8":"product_cat-nitrat-und-phosphatentferner","9":"pa_inhoud-1000-ml-de","10":"pa_inhoud-500-ml-de","11":"pa_inhoud-5000-ml-de","13":"first","14":"instock","15":"taxable","16":"shipping-taxable","17":"purchasable","18":"product-type-variable"},"acf":[],"brands":[{"id":2313,"name":"Xepta","slug":"xepta"}],"_links":{"self":[{"href":"https:\/\/www.seaflowerstore.com\/de\/wp-json\/wp\/v2\/product\/85273","targetHints":{"allow":["GET"]}}],"collection":[{"href":"https:\/\/www.seaflowerstore.com\/de\/wp-json\/wp\/v2\/product"}],"about":[{"href":"https:\/\/www.seaflowerstore.com\/de\/wp-json\/wp\/v2\/types\/product"}],"wp:featuredmedia":[{"embeddable":true,"href":"https:\/\/www.seaflowerstore.com\/de\/wp-json\/wp\/v2\/media\/84406"}],"wp:attachment":[{"href":"https:\/\/www.seaflowerstore.com\/de\/wp-json\/wp\/v2\/media?parent=85273"}],"wp:term":[{"taxonomy":"pwb-brand","embeddable":true,"href":"https:\/\/www.seaflowerstore.com\/de\/wp-json\/wp\/v2\/pwb-brand?post=85273"},{"taxonomy":"product_cat","embeddable":true,"href":"https:\/\/www.seaflowerstore.com\/de\/wp-json\/wp\/v2\/product_cat?post=85273"},{"taxonomy":"product_tag","embeddable":true,"href":"https:\/\/www.seaflowerstore.com\/de\/wp-json\/wp\/v2\/product_tag?post=85273"}],"curies":[{"name":"wp","href":"https:\/\/api.w.org\/{rel}","templated":true}]}}