{"id":85276,"date":"2022-07-07T16:44:53","date_gmt":"2022-07-07T14:44:53","guid":{"rendered":"https:\/\/www.seaflowerstore.com\/nl\/original-balling-components-part-b-1-kg\/"},"modified":"2022-07-07T16:44:53","modified_gmt":"2022-07-07T14:44:53","slug":"original-balling-components-part-b-1-kg","status":"publish","type":"product","link":"https:\/\/www.seaflowerstore.com\/de\/original-balling-components-part-b-1-kg\/","title":{"rendered":"Original Balling Components Part B &#8211; 1 kg"},"content":{"rendered":"<h2>Tropic Marin Original Balling Components Part B &#8211; 1 kg creates the best conditions for good growth of corals<\/h2>\n<p>Tropic Marin\u00ae Original Balling Components bestehen aus drei Salzkomponenten, die im Balling-Verfahren verwendet werden und eine unabh\u00e4ngige, auf das jeweilige Aquarium abgestimmte Dosierung von Calcium und Carbonaten erm\u00f6glichen. Das dreiteilige Verfahren umfasst Calciumchlorid-Dihydrat (Teil A) und Natriumcarbonat\/Natriumbicarbonat (Teil B), w\u00e4hrend die Zugabe von natriumchloridfreiem Meersalz (Teil C) dabei hilft, das essentielle Ionengleichgewicht im Aquarienwasser aufrechtzuerhalten. Diese ausgewogene Calciumdosierung schafft optimale Bedingungen f\u00fcr das gesunde Wachstum von Korallen und Kalkalgen und verhindert gleichzeitig den bei Zweikomponentenmethoden h\u00e4ufig beobachteten R\u00fcckgang lebenswichtiger Elemente.<\/p>\n<p><strong>Vorteile:<\/strong><\/p>\n<ul>\n<li>Hocheffiziente Calciumversorgung mit der Balling-Methode<\/li>\n<li>Das Ionengleichgewicht bleibt erhalten<\/li>\n<li>Alle Komponenten sind einzeln in Packungen zu 1 kg oder als Set (3 x 1 kg) erh\u00e4ltlich<\/li>\n<li>Die drei Pulversalzmischungen A, B und C werden separat in Wasser gel\u00f6st<\/li>\n<li>Die einzelnen L\u00f6sungen k\u00f6nnen direkt oder mit einer Dosierpumpe in das Becken gegeben werden<\/li>\n<li>Enth\u00e4lt alle 70 Spurenelemente, die in nat\u00fcrlichem Meerwasser vorkommen<\/li>\n<li>Keine unnat\u00fcrlichen Nebenprodukte<\/li>\n<li>Frei von Phosphaten und anderen Schadstoffen<\/li>\n<\/ul>\n<p class=\"font_8\">Die Tropic Marin\u00ae Original-Komponenten umfassen:<\/p>\n<ul>\n<li class=\"font_8\">Teil A: Calciumchlorid-Dihydrat (20.000 ppm Ca)<\/li>\n<li class=\"font_8\">Teil B: Natriumcarbonat\/Natriumbicarbonat (2.800 \u00b0dH\/l)<\/li>\n<li class=\"font_8\">Teil C: Natriumchloridfreies Meersalz (~ 3.350 ppm Mg; ~ 980 ppm K)<\/li>\n<\/ul>\n<h4>Anwendung:<\/h4>\n<p>L\u00f6sen Sie die angegebenen Mengen der Salze wie unten beschrieben separat in einzelnen Beh\u00e4ltern mit Umkehrosmosewasser auf. Die resultierenden L\u00f6sungen sind dann gebrauchsfertig. Sie k\u00f6nnen t\u00e4glich gleiche Mengen der einzelnen L\u00f6sungen dosieren oder die Mengen jeder L\u00f6sung anpassen, um die empfohlenen Werte im Aquarium zu erreichen. Diese Einzell\u00f6sungen sind hochstabil und unbegrenzt lagerf\u00e4hig. Die Verwendung hochreiner Salze in pharmazeutischer Qualit\u00e4t stellt sicher, dass die resultierenden L\u00f6sungen klar und rein sind.<\/p>\n<h4><strong>Dosierung:<\/strong><\/h4>\n<p>30 ml \/ 1 fl. oz. jeder L\u00f6sung erh\u00f6hen die Kalziumkonzentration von 35 l \/ 10 US-Gallonen um 15 mg\/l (ppm) Kalzium und 2,2 \u00b0dH. Die maximal empfohlene Dosis betr\u00e4gt 60 ml \/ 2 fl. oz. jeder L\u00f6sung pro 35 l \/ 10 US-Gallonen pro Tag.<\/p>\n","protected":false},"excerpt":{"rendered":"<p>Tropic Marin Original Balling Components Part B creates the best conditions for good growth of corals<\/p>\n","protected":false},"featured_media":84405,"template":"","meta":[],"pwb-brand":[2151],"product_cat":[1391],"product_tag":[],"class_list":{"0":"post-85276","1":"product","2":"type-product","3":"status-publish","4":"has-post-thumbnail","6":"pwb-brand-tropic-marin","7":"product_cat-ergaenzungen","9":"first","10":"instock","11":"taxable","12":"shipping-taxable","13":"purchasable","14":"product-type-simple"},"acf":[],"brands":[{"id":2151,"name":"Tropic Marin","slug":"tropic-marin"}],"_links":{"self":[{"href":"https:\/\/www.seaflowerstore.com\/de\/wp-json\/wp\/v2\/product\/85276","targetHints":{"allow":["GET"]}}],"collection":[{"href":"https:\/\/www.seaflowerstore.com\/de\/wp-json\/wp\/v2\/product"}],"about":[{"href":"https:\/\/www.seaflowerstore.com\/de\/wp-json\/wp\/v2\/types\/product"}],"wp:featuredmedia":[{"embeddable":true,"href":"https:\/\/www.seaflowerstore.com\/de\/wp-json\/wp\/v2\/media\/84405"}],"wp:attachment":[{"href":"https:\/\/www.seaflowerstore.com\/de\/wp-json\/wp\/v2\/media?parent=85276"}],"wp:term":[{"taxonomy":"pwb-brand","embeddable":true,"href":"https:\/\/www.seaflowerstore.com\/de\/wp-json\/wp\/v2\/pwb-brand?post=85276"},{"taxonomy":"product_cat","embeddable":true,"href":"https:\/\/www.seaflowerstore.com\/de\/wp-json\/wp\/v2\/product_cat?post=85276"},{"taxonomy":"product_tag","embeddable":true,"href":"https:\/\/www.seaflowerstore.com\/de\/wp-json\/wp\/v2\/product_tag?post=85276"}],"curies":[{"name":"wp","href":"https:\/\/api.w.org\/{rel}","templated":true}]}}