{"id":85277,"date":"2022-07-07T16:26:13","date_gmt":"2022-07-07T14:29:49","guid":{"rendered":"https:\/\/www.seaflowerstore.com\/nl\/original-balling-components-part-a-1-kg\/"},"modified":"2022-07-07T16:26:13","modified_gmt":"2022-07-07T14:29:49","slug":"original-balling-components-part-a-1-kg","status":"publish","type":"product","link":"https:\/\/www.seaflowerstore.com\/de\/original-balling-components-part-a-1-kg\/","title":{"rendered":"Original Balling Components Part A &#8211; 1 kg"},"content":{"rendered":"<h2>Original Balling Components Part A &#8211; 1 kg<\/h2>\n<p>Tropic Marin\u00ae Original Balling Components wurden entwickelt, um ideale Bedingungen f\u00fcr Korallenwachstum zu schaffen. Diese Komponenten bestehen aus drei separaten Salzmischungen, die in der Balling-Methode verwendet werden, sodass Sie Kalzium und Karbonate entsprechend den spezifischen Anforderungen Ihres Aquariums dosieren k\u00f6nnen. Die Methode umfasst Kalziumchlorid-Dihydrat (Teil A) und Natriumkarbonat\/Natriumbikarbonat (Teil B). Gleichzeitig hilft natriumchloridfreies Meersalz (Teil C) dabei, das wichtige Ionengleichgewicht in Ihrem Aquarienwasser aufrechtzuerhalten. Diese sorgf\u00e4ltige Kalziumdosierung f\u00f6rdert optimales Wachstum f\u00fcr Korallen und Kalkalgen und verhindert gleichzeitig den R\u00fcckgang wichtiger Elemente, der bei Zweikomponentenmethoden h\u00e4ufig auftritt.<\/p>\n<p><strong>Vorteile:<\/strong><\/p>\n<ul>\n<li>Hocheffiziente Kalziumversorgung mit der Balling-Methode.<\/li>\n<li>Erh\u00e4lt das ionische Gleichgewicht.<\/li>\n<li>Alle Komponenten sind einzeln in Packungen zu 1 kg (35,3 oz) oder als Set (3 x 1 kg) erh\u00e4ltlich.<\/li>\n<li>Die drei Salzpulvermischungen A, B und C werden separat in Wasser gel\u00f6st.<\/li>\n<li>Die resultierenden L\u00f6sungen k\u00f6nnen direkt oder \u00fcber eine Dosierpumpe in das Becken gegeben werden.<\/li>\n<li>Enth\u00e4lt alle 70 Spurenelemente, die in nat\u00fcrlichem Meerwasser vorkommen.<\/li>\n<li>Keine unnat\u00fcrlichen Nebenprodukte.<\/li>\n<li>Frei von Phosphaten und anderen Schadstoffen.<\/li>\n<\/ul>\n<p class=\"font_8\">Die Tropic Marin\u00ae Originalkomponenten umfassen:<\/p>\n<ul>\n<li class=\"font_8\">Teil A: Calciumchlorid-Dihydrat (20.000 ppm Ca)<\/li>\n<li class=\"font_8\">Teil B: Natriumcarbonat\/Natriumbicarbonat (2.800 \u00b0dH\/l)<\/li>\n<li class=\"font_8\">Teil C: Natriumchloridfreies Meersalz (~ 3.350 ppm Mg; ~ 980 ppm K)<\/li>\n<\/ul>\n<h4>Anwendung:<\/h4>\n<p>L\u00f6sen Sie die angegebenen Mengen der Salze separat in einzelnen Beh\u00e4ltern mit Umkehrosmosewasser auf, wie unten angegeben. Nach der Zubereitung sind die L\u00f6sungen gebrauchsfertig. Sie k\u00f6nnen t\u00e4glich gleiche Mengen jeder L\u00f6sung dosieren oder die Mengen jeder L\u00f6sung anpassen, um die gew\u00fcnschten Werte in Ihrem Aquarium zu erreichen. Diese L\u00f6sungen sind sehr stabil und k\u00f6nnen unbegrenzt gelagert werden. Durch die Verwendung hochreiner Salze in pharmazeutischer Qualit\u00e4t stellen Sie sicher, dass die resultierenden L\u00f6sungen klar und rein sind.<\/p>\n<h4><strong>Dosierung:<\/strong><\/h4>\n<p>Die Verwendung von 30 ml (1 fl. oz) jeder L\u00f6sung erh\u00f6ht die Kalziumkonzentration von 35 l (10 US gal) um 15 mg\/l (ppm) Kalzium und 2,2 \u00b0dH. Die maximal empfohlene Dosis betr\u00e4gt 60 ml (2 fl. oz) jeder L\u00f6sung pro 35 l (10 US gal) pro Tag.<\/p>\n","protected":false},"excerpt":{"rendered":"<p>Tropic Marin Original Balling Components Part A creates the best conditions for good growth of corals<\/p>\n","protected":false},"featured_media":84404,"template":"","meta":[],"pwb-brand":[2151],"product_cat":[1391],"product_tag":[],"class_list":{"0":"post-85277","1":"product","2":"type-product","3":"status-publish","4":"has-post-thumbnail","6":"pwb-brand-tropic-marin","7":"product_cat-ergaenzungen","9":"first","10":"instock","11":"taxable","12":"shipping-taxable","13":"purchasable","14":"product-type-simple"},"acf":[],"brands":[{"id":2151,"name":"Tropic Marin","slug":"tropic-marin"}],"_links":{"self":[{"href":"https:\/\/www.seaflowerstore.com\/de\/wp-json\/wp\/v2\/product\/85277","targetHints":{"allow":["GET"]}}],"collection":[{"href":"https:\/\/www.seaflowerstore.com\/de\/wp-json\/wp\/v2\/product"}],"about":[{"href":"https:\/\/www.seaflowerstore.com\/de\/wp-json\/wp\/v2\/types\/product"}],"wp:featuredmedia":[{"embeddable":true,"href":"https:\/\/www.seaflowerstore.com\/de\/wp-json\/wp\/v2\/media\/84404"}],"wp:attachment":[{"href":"https:\/\/www.seaflowerstore.com\/de\/wp-json\/wp\/v2\/media?parent=85277"}],"wp:term":[{"taxonomy":"pwb-brand","embeddable":true,"href":"https:\/\/www.seaflowerstore.com\/de\/wp-json\/wp\/v2\/pwb-brand?post=85277"},{"taxonomy":"product_cat","embeddable":true,"href":"https:\/\/www.seaflowerstore.com\/de\/wp-json\/wp\/v2\/product_cat?post=85277"},{"taxonomy":"product_tag","embeddable":true,"href":"https:\/\/www.seaflowerstore.com\/de\/wp-json\/wp\/v2\/product_tag?post=85277"}],"curies":[{"name":"wp","href":"https:\/\/api.w.org\/{rel}","templated":true}]}}