{"id":85278,"date":"2022-07-07T13:14:52","date_gmt":"2022-07-07T11:14:52","guid":{"rendered":"https:\/\/www.seaflowerstore.com\/nl\/seachem-ammonia-alert\/"},"modified":"2022-07-07T13:14:52","modified_gmt":"2022-07-07T11:21:06","slug":"seachem-ammonia-alert","status":"publish","type":"product","link":"https:\/\/www.seaflowerstore.com\/de\/seachem-ammonia-alert\/","title":{"rendered":"Seachem Ammonia Alert"},"content":{"rendered":"<h2>Seachem Ammonia Alert Continuously detects and monitors free ammonia<\/h2>\n<p><strong>Seachem Ammonia Alert\u00ae<\/strong> ist ein innovatives Farbger\u00e4t, das f\u00fcr die kontinuierliche Erkennung und \u00dcberwachung von giftigem freiem Ammoniak entwickelt wurde. Der Sensor \u00e4ndert seine Farbe von Gelb \u00fcber Gr\u00fcn zu Blau, je nach Ammoniakkonzentration. Es sind keine Testkits, Chemikalien oder komplexen Verfahren erforderlich; er liefert konstante Messwerte.<\/p>\n<ul>\n<li>Es sind keine Testkits, Chemikalien oder Verfahren erforderlich; nur konstante Messwerte.<\/li>\n<li>H\u00e4lt \u00fcber ein Jahr.<\/li>\n<li>Geeignet f\u00fcr Meeres- und S\u00fc\u00dfwasserumgebungen.<\/li>\n<\/ul>\n<p>Dieses Ger\u00e4t erkennt freie Ammoniakwerte von weniger als 0,05 mg\/l (ppm) und warnt Sie vor potenziellen Gefahren, bevor Anzeichen von Stress in Ihrem Wasserleben auftreten. In Abwesenheit von freiem Ammoniak zeigt das Ger\u00e4t eine gelbe oder schwach gelbgr\u00fcne Farbe an. Es ist normal, dass der trockene Sensor einen gr\u00fcnlichen Farbton aufweist, und es kann einige Tage dauern, bis er sich mit dem Wasser ausgleicht. Das Vorhandensein von freiem Ammoniak wird kontinuierlich erkannt, die Reaktionszeit betr\u00e4gt etwa 15 Minuten. Wenn der Ammoniakspiegel jedoch sinkt, kann es etwa 4 Stunden dauern, bis der Sensor eine Reduzierung von GIFTIG auf SICHER anzeigt.<\/p>\n<h3>Interpretation<\/h3>\n<div class=\"row pb-lg\">\n<div class=\"col-md-6 pr-xlg\">\n<div class=\"progress-bars\">\n<div class=\"progress-label\"><strong>Sicher<\/strong><\/div>\n<div class=\"progress\">\n<div class=\"progress-bar progress-bar-safe\" data-appear-progress-animation=\"10%\">\n<span class=\"progress-bar-tooltip\">&lt;0,02 mg\/l<\/span>\n<\/div>\n<\/div>\n<p class=\"font-size-sm\">Keine Aktion erforderlich.<\/p>\n<div class=\"progress-label\"><strong>Alarm<\/strong><\/div>\n<div class=\"progress\">\n<div class=\"progress-bar progress-bar-alert\" data-appear-animation-delay=\"300\" data-appear-progress-animation=\"20%\">\n<span class=\"progress-bar-tooltip\">0,05 mg\/L<\/span>\n<\/div>\n<\/div>\n<p class=\"font-size-sm\">3-5 Tage toleriert. Beobachten Sie es und ziehen Sie bald einen Wasserwechsel in Betracht.<\/p>\n<div class=\"progress-label\"><strong>Alarm<\/strong><\/div>\n<div class=\"progress\">\n<div class=\"progress-bar progress-bar-alarm\" data-appear-animation-delay=\"600\" data-appear-progress-animation=\"40%\">\n<span class=\"progress-bar-tooltip\">0,2 mg\/L<\/span>\n<\/div>\n<\/div>\n<p class=\"font-size-sm\">1-3 Tage toleriert. F\u00fchren Sie bald einen Wasserwechsel durch.<\/p>\n<div class=\"progress-label\"><strong>Giftig<\/strong><\/div>\n<div class=\"progress\">\n<div class=\"progress-bar progress-bar-toxic\" data-appear-animation-delay=\"900\" data-appear-progress-animation=\"90%\">\n<span class=\"progress-bar-tooltip\">0,5 mg\/l<\/span>\n<\/div>\n<\/div>\n<p class=\"font-size-sm\">F\u00fchren Sie einen Wasserwechsel durch oder behandeln Sie das Wasser mit AmGuard\u2122 zur Notfall-Ammoniakentfernung.<\/p>\n<\/div>\n<\/div>\n<div class=\"col-md-6\">\n<p>Bereits 0,02 mg\/l freies Ammoniak erzeugen einen gr\u00fcnlichen Farbton auf der Detektoroberfl\u00e4che. Dies entspricht einer Gesamtammoniakkonzentration von 0,25 mg\/l in Meerwasser bei pH 8,3 und 3,6 mg\/l in S\u00fc\u00dfwasser bei pH 7,0.<\/p>\n<p>Es ist wichtig zu beachten, dass freies Ammoniak deutlich giftiger ist als ionisiertes Ammoniak. Die Farbe ALERT entspricht ungef\u00e4hr 0,05 mg\/l freiem Ammoniak, ALARM ungef\u00e4hr 0,2 mg\/l und TOXIC ungef\u00e4hr 0,5 mg\/l. Bei allen anderen Werten als SAFE sollte ein Wasserwechsel in Betracht gezogen werden. Die ALERT-Konzentration kann 3-5 Tage lang toleriert werden, ALARM 1-3 Tage und TOXIC-Werte sind dringend sch\u00e4dlich und erfordern sofortiges Handeln.<\/p>\n<\/div>\n<\/div>\n<p class=\"pb-xlg mb-xlg\">Au\u00dfer dem Entfernen von Algen mit einem sauberen, weichen Material ist keine besondere Pflege erforderlich. Bitte vermeiden Sie es, den Sensor mit den Fingern zu ber\u00fchren, da Haut\u00f6le ihn besch\u00e4digen k\u00f6nnen. Es ist auch ratsam, zum Reinigen keine Bleiche, Seife, Reinigungsmittel oder harte Gegenst\u00e4nde zu verwenden. Einige Farbstoffmedikamente k\u00f6nnen den Sensor verf\u00e4rben. Die Empfindlichkeit des Sensors verbessert sich mit der Zeit, solange er nicht austrocknet; das Austrocknen beeintr\u00e4chtigt das Ger\u00e4t jedoch nicht dauerhaft. F\u00fcr genaueste Messwerte sollte das Ger\u00e4t bei nat\u00fcrlichem Tageslicht oder einer tageslicht\u00e4hnlichen Beleuchtung betrachtet werden. Rot verst\u00e4rkendes Licht kann gr\u00fcne und blaue Farbt\u00f6ne minimieren und so die scheinbare Empfindlichkeit des Sensors verringern. Sie k\u00f6nnen die Reaktion pr\u00fcfen, indem Sie ihn kurz \u00fcber eine Ammoniakflasche halten; die Farbe sollte sich schnell \u00e4ndern.<\/p>\n<h4><strong>FAQ<\/strong><\/h4>\n<h4>F: Wie lange funktioniert ein Seachem Ammonia Alert\u00ae?<\/h4>\n<h4>A: Der Ammonia Alert\u00ae-Sensor sollte etwa ein Jahr lang funktionieren, bevor er ersetzt werden muss. Um ihn zu testen, halten Sie die Karte vorsichtig \u00fcber eine Ammoniakflasche; der Sensor sollte schnell eine dunkelblaue Farbe annehmen. Es kann etwa eine Stunde dauern, bis er seine urspr\u00fcngliche Farbe wieder annimmt.<\/h4>\n<h4>F: Ich habe ein anderes Testkit, das positiv auf Ammoniak ausfiel, aber der Seachem Ammonia Alert\u00ae hat nie seine Farbe ge\u00e4ndert. Ist er noch g\u00fcltig?<\/h4>\n<h4>A: Es ist wahrscheinlich, dass das andere Testkit den Gesamtammoniak gemessen hat, der sowohl freies (NH<sub style=\"color: #555555\">3<\/sub>) als auch ionisches (NH<sub style=\"color: #555555\">4<\/sub>) Ammoniak umfasst. Der Ammonia Alert\u00ae misst speziell freies Ammoniak, die sch\u00e4dliche Form. Ionisches Ammoniak stellt keine Gefahr f\u00fcr Fische dar. Mit steigendem pH-Wert wandelt sich jedoch mehr des Gesamtammoniaks von ionischem in freies Ammoniak um, weshalb es wichtig ist, auch den Gesamtammoniakspiegel zu kennen.<\/h4>\n<div class=\"toggle-content\">\n<label>F: Seachem Ammonia Alert\u00ae scheint \u00fcberhaupt nicht zu funktionieren, obwohl ich alle Anweisungen befolgt habe. Die Farbe \u00e4ndert sich nie?<\/label><\/p>\n<div class=\"toggle-content\">A: Die Technologie hinter diesem Ger\u00e4t ist einzigartig f\u00fcr unser Unternehmen und seit vielen Jahren ein Verkaufsschlager bei Hobbyisten, Z\u00fcchtern und \u00f6ffentlichen Einrichtungen. Der Seachem Ammonia Alert\u00ae ist so konzipiert, dass er seine Farbe in Gegenwart von freiem (gasf\u00f6rmigem) Ammoniak \u00e4ndert, nicht bei Ammonium (ionisiertem Ammoniak), das f\u00fcr Wasserlebewesen harmlos ist. Je l\u00e4nger es in einem bestimmten Gew\u00e4sser oder Aquarium verbleibt, desto empfindlicher reagiert es auf diese Umgebung. Die meisten herk\u00f6mmlichen Testkits messen den Gesamtammoniakgehalt, also die Summe aus freiem Ammoniak und Ammonium. Der pH-Wert bestimmt, welche Form vorhanden ist. Wenn Ihr pH-Wert sauer ist (unter 7,0), ist es chemisch unm\u00f6glich, dass sch\u00e4dliches Ammoniakgas vorhanden ist. Ein Gesamtammoniak-Testkit liefert jedoch dennoch einen Messwert, da es beide Formen erkennt. Je h\u00f6her Ihr pH-Wert, desto gr\u00f6\u00dfer ist die Wahrscheinlichkeit, dass Ammoniak vorhanden ist. Wenn Sie beispielsweise 1,0 ppm Gesamtammoniak haben und Ihr pH-Wert unter 7,0 liegt, wird es vollst\u00e4ndig als Ammonium vorliegen. Wenn Ihr pH-Wert 7,6 (leicht basisch) betr\u00e4gt, ist nur ein Teil des gesamten Ammoniaks freies Ammoniak, w\u00e4hrend der Rest Ammonium ist. Um zu \u00fcberpr\u00fcfen, ob Ihr Ammonia Alert\u00ae richtig funktioniert, halten Sie den Sensor einfach \u00fcber einen offenen Beh\u00e4lter mit Ammoniak (Windex-Glasreiniger funktioniert gut); er erkennt die D\u00e4mpfe und \u00e4ndert seine Farbe. Bitte vermeiden Sie es, den Sensor in der Mitte der Plastikkarte zu ber\u00fchren, da die \u00d6le Ihrer Haut seine Poren verstopfen k\u00f6nnen.<\/div>\n<\/div>\n<p><label>F: Ich habe gerade einen Seachem Ammonia Alert gekauft und er ist seit Tagen auf eine graue Einstellung eingestellt. Was bedeutet das?<\/label><\/p>\n<div class=\"toggle-content\">A: Eine gr\u00e4uliche Farbe zeigt an, dass sich das Ger\u00e4t im \u201eAlarm\u201c-Zustand f\u00fcr Ammoniak befindet. Wenn es gelb war, als Sie es zum ersten Mal in den Tank gelegt haben, und jetzt grau ist, bedeutet das, dass Sie einen hohen Ammoniakspiegel haben und sehr bald einen Wasserwechsel durchf\u00fchren oder mit unserem AmGuard behandeln sollten, wenn ein Wasserwechsel nicht innerhalb von 24 Stunden m\u00f6glich ist.<\/div>\n","protected":false},"excerpt":{"rendered":"<p>Seachem Ammonia Alert Continuously detects and monitors free ammonia<\/p>\n","protected":false},"featured_media":84402,"template":"","meta":[],"pwb-brand":[2215],"product_cat":[1400],"product_tag":[],"class_list":{"0":"post-85278","1":"product","2":"type-product","3":"status-publish","4":"has-post-thumbnail","6":"pwb-brand-seachem","7":"product_cat-tester","9":"first","10":"outofstock","11":"taxable","12":"shipping-taxable","13":"purchasable","14":"product-type-simple"},"acf":[],"brands":[{"id":2215,"name":"Seachem","slug":"seachem"}],"_links":{"self":[{"href":"https:\/\/www.seaflowerstore.com\/de\/wp-json\/wp\/v2\/product\/85278","targetHints":{"allow":["GET"]}}],"collection":[{"href":"https:\/\/www.seaflowerstore.com\/de\/wp-json\/wp\/v2\/product"}],"about":[{"href":"https:\/\/www.seaflowerstore.com\/de\/wp-json\/wp\/v2\/types\/product"}],"wp:featuredmedia":[{"embeddable":true,"href":"https:\/\/www.seaflowerstore.com\/de\/wp-json\/wp\/v2\/media\/84402"}],"wp:attachment":[{"href":"https:\/\/www.seaflowerstore.com\/de\/wp-json\/wp\/v2\/media?parent=85278"}],"wp:term":[{"taxonomy":"pwb-brand","embeddable":true,"href":"https:\/\/www.seaflowerstore.com\/de\/wp-json\/wp\/v2\/pwb-brand?post=85278"},{"taxonomy":"product_cat","embeddable":true,"href":"https:\/\/www.seaflowerstore.com\/de\/wp-json\/wp\/v2\/product_cat?post=85278"},{"taxonomy":"product_tag","embeddable":true,"href":"https:\/\/www.seaflowerstore.com\/de\/wp-json\/wp\/v2\/product_tag?post=85278"}],"curies":[{"name":"wp","href":"https:\/\/api.w.org\/{rel}","templated":true}]}}