{"id":85280,"date":"2022-07-03T18:37:00","date_gmt":"2022-07-03T16:39:39","guid":{"rendered":"https:\/\/www.seaflowerstore.com\/nl\/chemi-pure-elite-bulk-6-pack\/"},"modified":"2025-01-15T19:25:43","modified_gmt":"2025-01-15T18:25:43","slug":"chemi-pure-elite-bulk-6-pack","status":"publish","type":"product","link":"https:\/\/www.seaflowerstore.com\/de\/chemi-pure-elite-bulk-6-pack\/","title":{"rendered":"Chemi Pure Elite Bulk (6 pack)"},"content":{"rendered":"<h2>Chemi Pure Elite Bulk (6 pack)<\/h2>\n<p>Chemi Pure Elite Bulk (6er-Packung x 311 g) wurde mit GFO (granuliertes Eisenoxid) entwickelt, um Phosphate und Silikate effektiv aus Ihrem Aquarienwasser zu entfernen.<\/p>\n<ul>\n<li>H\u00e4lt den pH-Wert stabil und konstant<\/li>\n<li>Reduziert Fischverluste durch pH-\u00c4nderungen oder verschmutztes Wasser<\/li>\n<li>H\u00e4lt Aquarien kristallklar<\/li>\n<li>F\u00f6rdert positive neurologische Reaktionen bei Fischen und simuliert eine nat\u00fcrliche Umgebung<\/li>\n<li>Filtert Phosphate (PO4) und Silikate (SIO2) heraus<\/li>\n<li>Hilft, l\u00e4stige Algen zu reduzieren<\/li>\n<li>Entfernt gel\u00f6ste organische Stoffe<\/li>\n<li>Steigert den Appetit der Fische<\/li>\n<li>Beseitigt osmotischen Schock<\/li>\n<li>Verl\u00e4ngert die Lebensdauer der Fische<\/li>\n<li>Filtert Kupfer, Metalle, Ger\u00fcche und Phenol heraus<\/li>\n<li>Verhindert Ionenantagonismus<\/li>\n<\/ul>\n<p style=\"font-size: 14.4px;\"><strong>Chemi Pure Elite<\/strong> enth\u00e4lt GFO (Granular Ferric Oxide), um Phosphate und Silikate effektiv aus Ihrem Aquarienwasser zu entfernen. GFO gilt als eine der besten M\u00f6glichkeiten zur Verwaltung und Kontrolle des Phosphat- und Silikatgehalts in Ihrem Aquarium.<\/p>\n<p>Genie\u00dfen Sie alle urspr\u00fcnglichen Vorteile von Chemi Pure mit unserer exklusiven GFO-Mischung, mit der Sie Phosphate und Silikate aus dem Wasser Ihres Aquariums entfernen k\u00f6nnen. Unsere neueste Verbesserung der urspr\u00fcnglichen Chemi Pure-Formel, QuickWash Carbon\u2122, ist jetzt enthalten. Sie ben\u00f6tigen keine gro\u00dfen Mengen an Eisenoxid-Entfernern oder zus\u00e4tzliche Ausgaben f\u00fcr einen Phosphatreaktor. Chemi Pure Elite vereinfacht die Wartung Ihres Aquariums, da es vorverpackt in einem Nylonfilterbeutel geliefert wird. Sp\u00fclen Sie ihn einfach unter Wasser aus, bevor Sie ihn in Ihr Aquarium geben, und Sie werden eine wartungsfreiere Umgebung erleben, die dabei hilft, l\u00e4stige Algen zu kontrollieren und Ihr Aquarienwasser kristallklar zu halten!<\/p>\n<h4><strong>Anleitung:<\/strong><\/h4>\n<p>Bewahren Sie Chemi Pure Elite versiegelt und nass in seinem Beh\u00e4lter auf, bis Sie es verwenden m\u00f6chten. Sp\u00fclen Sie den Beutel 5 bis 10 Sekunden lang unter flie\u00dfendem Wasser aus und legen Sie die Beutel dann in einen Bereich mit hohem Durchfluss Ihres Sumpfes, Kanisterfilters oder HOB-Filters. Chemi Pure Elite sollte je nach Biolast etwa alle 2 bis 4 Monate ausgetauscht werden. Wenn Sie mehr als einen Chemi Pure Elite-Filterbeutel verwenden, wechseln Sie jede Woche einen Beutel nach dem anderen, bis alle Beutel ausgetauscht wurden.<\/p>\n","protected":false},"excerpt":{"rendered":"<p>Chemi Pure Elite Bulk (6 pack x 311gr) contains GFO (granular iron oxide) to remove phosphates and silicates from the aquarium water<\/p>\n","protected":false},"featured_media":84400,"template":"","meta":[],"pwb-brand":[2211],"product_cat":[1485],"product_tag":[],"class_list":{"0":"post-85280","1":"product","2":"type-product","3":"status-publish","4":"has-post-thumbnail","6":"pwb-brand-boyd-enterprises","7":"product_cat-chemi-pure-boyd-enterprises-de","9":"first","10":"instock","11":"taxable","12":"shipping-taxable","13":"purchasable","14":"product-type-simple"},"acf":[],"brands":[{"id":2211,"name":"Boyd Enterprises","slug":"boyd-enterprises"}],"_links":{"self":[{"href":"https:\/\/www.seaflowerstore.com\/de\/wp-json\/wp\/v2\/product\/85280","targetHints":{"allow":["GET"]}}],"collection":[{"href":"https:\/\/www.seaflowerstore.com\/de\/wp-json\/wp\/v2\/product"}],"about":[{"href":"https:\/\/www.seaflowerstore.com\/de\/wp-json\/wp\/v2\/types\/product"}],"wp:featuredmedia":[{"embeddable":true,"href":"https:\/\/www.seaflowerstore.com\/de\/wp-json\/wp\/v2\/media\/84400"}],"wp:attachment":[{"href":"https:\/\/www.seaflowerstore.com\/de\/wp-json\/wp\/v2\/media?parent=85280"}],"wp:term":[{"taxonomy":"pwb-brand","embeddable":true,"href":"https:\/\/www.seaflowerstore.com\/de\/wp-json\/wp\/v2\/pwb-brand?post=85280"},{"taxonomy":"product_cat","embeddable":true,"href":"https:\/\/www.seaflowerstore.com\/de\/wp-json\/wp\/v2\/product_cat?post=85280"},{"taxonomy":"product_tag","embeddable":true,"href":"https:\/\/www.seaflowerstore.com\/de\/wp-json\/wp\/v2\/product_tag?post=85280"}],"curies":[{"name":"wp","href":"https:\/\/api.w.org\/{rel}","templated":true}]}}