{"id":85281,"date":"2022-07-03T17:50:35","date_gmt":"2022-07-03T15:50:35","guid":{"rendered":"https:\/\/www.seaflowerstore.com\/nl\/aquaforest-testpro-pack-cakhmg\/"},"modified":"2022-07-03T17:50:35","modified_gmt":"2022-07-03T15:51:21","slug":"aquaforest-testpro-pack-cakhmg","status":"publish","type":"product","link":"https:\/\/www.seaflowerstore.com\/de\/aquaforest-testpro-pack-cakhmg\/","title":{"rendered":"Aquaforest TestPro Pack (CA,KH,MG)"},"content":{"rendered":"<h2>Aquaforest TestPro Pack (CA,KH,MG) Multipack of drop test to determine levels of the most crucial parameters<\/h2>\n<p>Das <strong>Aquaforest TestPro Pack<\/strong> ist ein unverzichtbares Werkzeug f\u00fcr Aquarienliebhaber und erm\u00f6glicht schnelle und genaue Tests wichtiger Wasserparameter.<\/p>\n<ul>\n<li><strong>Aquaforest TestPro Ca<\/strong> wurde entwickelt, um den Kalziumgehalt in Meerwasseraquarien, S\u00fc\u00dfwassertanks, Teichen oder Wasserreservoirs schnell zu messen. Die Aufrechterhaltung eines Kalziumgehalts zwischen <em>380-460 mg\/l (ppm)<\/em> ist f\u00fcr den gesunden Betrieb von Meerwasseraquarien von entscheidender Bedeutung. Dieses Set enth\u00e4lt gen\u00fcgend Reagenzien f\u00fcr ungef\u00e4hr <em>55-65 Bestimmungen<\/em> des Kalziumgehalts.<\/li>\n<li><strong>Aquaforest TestPro KH<\/strong> erm\u00f6glicht eine schnelle Messung der Karbonath\u00e4rte in Meerwasseraquarien. Um eine optimale Funktion zu gew\u00e4hrleisten, sollte die Alkalinit\u00e4t bei Ultra Low Nutrient Systems (ULNS) zwischen <em>6,5-8,0 dKH<\/em> liegen, w\u00e4hrend h\u00f6here Werte f\u00fcr Aquarien mit erh\u00f6htem N\u00e4hrstoffgehalt akzeptabel sind. Dieses Kit enth\u00e4lt gen\u00fcgend Reagenzien f\u00fcr etwa <em>78-100 Bestimmungen<\/em> der Karbonath\u00e4rte.<\/li>\n<li><strong>Aquaforest TestPro Magnesium<\/strong> misst die Konzentration von Magnesium (Mg) in Meerwasser. Magnesium ist f\u00fcr verschiedene biologische Prozesse von entscheidender Bedeutung, einschlie\u00dflich der Bildung des Kalziumkarbonatskeletts von Steinkorallen. Seine einzigartigen chemischen Eigenschaften beeinflussen die Pufferkapazit\u00e4t von Meerwasser erheblich und helfen, \u00fcberm\u00e4\u00dfige Kalziumkarbonatablagerungen in der Aquarienausstattung zu verhindern. Eine regelm\u00e4\u00dfige Analyse des Magnesiumspiegels sowie von Kalzium und Alkalinit\u00e4t ist f\u00fcr die Aufrechterhaltung eines ausgewogenen Riffaquariums unerl\u00e4sslich. Die nat\u00fcrliche Konzentration von Magnesium in Meerwasser liegt normalerweise zwischen <em>1260 und 1460 mg\/l (ppm)<\/em>. Dieses Testkit enth\u00e4lt gen\u00fcgend Reagenzien f\u00fcr etwa <em>55-60 Tests<\/em> in diesem Bereich.<\/li>\n<\/ul>\n","protected":false},"excerpt":{"rendered":"<p>Aquaforest TestPro Pack (CA,KH,MG) Multipack of drop test to determine levels of the most crucial parameters<\/p>\n","protected":false},"featured_media":84399,"template":"","meta":[],"pwb-brand":[2199],"product_cat":[1400,1414],"product_tag":[],"class_list":{"0":"post-85281","1":"product","2":"type-product","3":"status-publish","4":"has-post-thumbnail","6":"pwb-brand-aquaforest","7":"product_cat-tester","8":"product_cat-aquaforest-de","10":"first","11":"instock","12":"taxable","13":"shipping-taxable","14":"purchasable","15":"product-type-simple"},"acf":[],"brands":[{"id":2199,"name":"Aquaforest","slug":"aquaforest"}],"_links":{"self":[{"href":"https:\/\/www.seaflowerstore.com\/de\/wp-json\/wp\/v2\/product\/85281","targetHints":{"allow":["GET"]}}],"collection":[{"href":"https:\/\/www.seaflowerstore.com\/de\/wp-json\/wp\/v2\/product"}],"about":[{"href":"https:\/\/www.seaflowerstore.com\/de\/wp-json\/wp\/v2\/types\/product"}],"wp:featuredmedia":[{"embeddable":true,"href":"https:\/\/www.seaflowerstore.com\/de\/wp-json\/wp\/v2\/media\/84399"}],"wp:attachment":[{"href":"https:\/\/www.seaflowerstore.com\/de\/wp-json\/wp\/v2\/media?parent=85281"}],"wp:term":[{"taxonomy":"pwb-brand","embeddable":true,"href":"https:\/\/www.seaflowerstore.com\/de\/wp-json\/wp\/v2\/pwb-brand?post=85281"},{"taxonomy":"product_cat","embeddable":true,"href":"https:\/\/www.seaflowerstore.com\/de\/wp-json\/wp\/v2\/product_cat?post=85281"},{"taxonomy":"product_tag","embeddable":true,"href":"https:\/\/www.seaflowerstore.com\/de\/wp-json\/wp\/v2\/product_tag?post=85281"}],"curies":[{"name":"wp","href":"https:\/\/api.w.org\/{rel}","templated":true}]}}