{"id":85282,"date":"2022-07-02T21:29:18","date_gmt":"2022-07-02T19:29:18","guid":{"rendered":"https:\/\/www.seaflowerstore.com\/nl\/dr-bassleer-power-fish-100-ml\/"},"modified":"2022-07-02T21:29:18","modified_gmt":"2022-07-02T19:30:08","slug":"dr-bassleer-power-fish-100-ml","status":"publish","type":"product","link":"https:\/\/www.seaflowerstore.com\/de\/dr-bassleer-power-fish-100-ml\/","title":{"rendered":"Dr. Bassleer Power-Fish &#8211; 100 ml"},"content":{"rendered":"<h2>Dr. Bassleer Power-Fish &#8211; 100 ml<\/h2>\n<p>Dr. Bassleer Power-Fish verleiht Fischfutter anderer Marken das aufregende Geschmackserlebnis von DR. BASSLEER BIOFISH FOOD. Durch die Zugabe von POWER-FISH k\u00f6nnen Sie handels\u00fcbliches Zierfischfutter mit lebenswichtigen Vitaminen und Spurenelementen aufwerten.<\/p>\n<p>Diese Erg\u00e4nzung hilft, Mangelerscheinungen vorzubeugen und sorgt daf\u00fcr, dass Ihre Fische stark, gesund und mit einem robusten Immunsystem ausgestattet bleiben. POWER-FISH ist vollgepackt mit einer Vielzahl von Vitaminen und Provitaminen, darunter:<\/p>\n<ul>\n<li>Vitamin D3<\/li>\n<li>Vitamin E<\/li>\n<li>Vitamin B1<\/li>\n<li>Vitamin B2<\/li>\n<li>Vitamin B6<\/li>\n<li>Vitamin B12<\/li>\n<li>Vitamin K3<\/li>\n<li>Vitamin C<\/li>\n<li>Niacinamid<\/li>\n<li>Calcium-D-pantothenat<\/li>\n<li>Fols\u00e4ure<\/li>\n<li>Biotin<\/li>\n<\/ul>\n<p>Zus\u00e4tzlich enth\u00e4lt es wichtige Spurenelemente wie:<\/p>\n<ul>\n<li>Zink<\/li>\n<li>Mangan<\/li>\n<li>Eisen<\/li>\n<li>Kupfer<\/li>\n<li>Jod<\/li>\n<li>Selen<\/li>\n<\/ul>\n<p><strong>F\u00fcr S\u00fc\u00df- und Meerwasser<\/strong><\/p>\n","protected":false},"excerpt":{"rendered":"<p>Dr. Bassleer Power-Fish &#8211; 100 ml gives fish food of other brands an entry into the world of taste from DR. BASSLEER BIOFISH FOOD<\/p>\n","protected":false},"featured_media":84398,"template":"","meta":[],"pwb-brand":[2311],"product_cat":[1402,1447],"product_tag":[],"class_list":{"0":"post-85282","1":"product","2":"type-product","3":"status-publish","4":"has-post-thumbnail","6":"pwb-brand-dr-bassleer","7":"product_cat-verschieden","8":"product_cat-futter-de","10":"first","11":"instock","12":"taxable","13":"shipping-taxable","14":"purchasable","15":"product-type-simple"},"acf":[],"brands":[{"id":2311,"name":"Dr. Bassleer","slug":"dr-bassleer"}],"_links":{"self":[{"href":"https:\/\/www.seaflowerstore.com\/de\/wp-json\/wp\/v2\/product\/85282","targetHints":{"allow":["GET"]}}],"collection":[{"href":"https:\/\/www.seaflowerstore.com\/de\/wp-json\/wp\/v2\/product"}],"about":[{"href":"https:\/\/www.seaflowerstore.com\/de\/wp-json\/wp\/v2\/types\/product"}],"wp:featuredmedia":[{"embeddable":true,"href":"https:\/\/www.seaflowerstore.com\/de\/wp-json\/wp\/v2\/media\/84398"}],"wp:attachment":[{"href":"https:\/\/www.seaflowerstore.com\/de\/wp-json\/wp\/v2\/media?parent=85282"}],"wp:term":[{"taxonomy":"pwb-brand","embeddable":true,"href":"https:\/\/www.seaflowerstore.com\/de\/wp-json\/wp\/v2\/pwb-brand?post=85282"},{"taxonomy":"product_cat","embeddable":true,"href":"https:\/\/www.seaflowerstore.com\/de\/wp-json\/wp\/v2\/product_cat?post=85282"},{"taxonomy":"product_tag","embeddable":true,"href":"https:\/\/www.seaflowerstore.com\/de\/wp-json\/wp\/v2\/product_tag?post=85282"}],"curies":[{"name":"wp","href":"https:\/\/api.w.org\/{rel}","templated":true}]}}