{"id":85283,"date":"2022-07-02T20:50:05","date_gmt":"2022-07-02T18:50:40","guid":{"rendered":"https:\/\/www.seaflowerstore.com\/nl\/orca-2-repair\/"},"modified":"2023-10-01T11:12:49","modified_gmt":"2023-10-01T09:12:49","slug":"orca-2-repair","status":"publish","type":"product","link":"https:\/\/www.seaflowerstore.com\/de\/orca-2-repair\/","title":{"rendered":"ORCA 2-Repair"},"content":{"rendered":"<h2>ORCA 2-Repair is a repair adhesive made of two components that form a very strong and permanent bond within seconds<\/h2>\n<p>ORCA 2-Repair ist ein fantastischer Zweikomponentenkleber, der in Sekundenschnelle eine starke und dauerhafte Verbindung herstellt. Er eignet sich perfekt zum Reparieren von Rissen, Br\u00fcchen und sogar zum Auff\u00fcllen fehlender Teile.<\/p>\n<p>Dieser Kleber funktioniert wunderbar auf einer Vielzahl von Materialien, darunter:<\/p>\n<ul>\n<li>Metalle<\/li>\n<li>Glas<\/li>\n<li>Porzellan<\/li>\n<li>Keramik<\/li>\n<li>Gummi<\/li>\n<li>Leder<\/li>\n<li>Holz<\/li>\n<li>Papier<\/li>\n<li>Kunststoff<\/li>\n<\/ul>\n<p>Um ORCA 2-Repair zu verwenden, tragen Sie einfach das Granulat aus Komponente 1 auf den zu reparierenden Bereich auf. Geben Sie anschlie\u00dfend Tropfen der fl\u00fcssigen Komponente 2, Cyanacrylat, darauf, um eine feste und dauerhafte Verbindung herzustellen. Wenn Sie eine gr\u00f6\u00dfere L\u00fccke f\u00fcllen m\u00fcssen, k\u00f6nnen Sie diesen Vorgang mehrmals wiederholen.<\/p>\n<p>Sobald die Reparatur abgeschlossen ist, k\u00f6nnen Sie den verklebten Bereich je nach Bedarf durch Schleifen, Bohren oder mehr weiter behandeln.<\/p>\n<p>Seien Sie versichert, das ausgeh\u00e4rtete Material ist sowohl f\u00fcr Mensch als auch Umwelt unbedenklich. Es setzt keine L\u00f6sungsmittel oder Schadstoffe frei und ist daher eine ausgezeichnete Wahl f\u00fcr die Reparatur von in Aquarien verwendeten Teilen wie Pumpenlaufr\u00e4dern, Reaktoren, Absch\u00e4umern und \u00e4hnlichen Ger\u00e4ten.<\/p>\n","protected":false},"excerpt":{"rendered":"<p>ORCA 2-Repair is a repair adhesive made of two components that form a very strong and permanent bond within seconds<\/p>\n","protected":false},"featured_media":84397,"template":"","meta":[],"pwb-brand":[2225],"product_cat":[1405],"product_tag":[],"class_list":{"0":"post-85283","1":"product","2":"type-product","3":"status-publish","4":"has-post-thumbnail","6":"pwb-brand-aquarium-munster","7":"product_cat-korallenkleber-versiegelungsmittel","9":"first","10":"instock","11":"taxable","12":"shipping-taxable","13":"purchasable","14":"product-type-simple"},"acf":[],"brands":[{"id":2225,"name":"Aquarium M\u00fcnster","slug":"aquarium-munster"}],"_links":{"self":[{"href":"https:\/\/www.seaflowerstore.com\/de\/wp-json\/wp\/v2\/product\/85283","targetHints":{"allow":["GET"]}}],"collection":[{"href":"https:\/\/www.seaflowerstore.com\/de\/wp-json\/wp\/v2\/product"}],"about":[{"href":"https:\/\/www.seaflowerstore.com\/de\/wp-json\/wp\/v2\/types\/product"}],"wp:featuredmedia":[{"embeddable":true,"href":"https:\/\/www.seaflowerstore.com\/de\/wp-json\/wp\/v2\/media\/84397"}],"wp:attachment":[{"href":"https:\/\/www.seaflowerstore.com\/de\/wp-json\/wp\/v2\/media?parent=85283"}],"wp:term":[{"taxonomy":"pwb-brand","embeddable":true,"href":"https:\/\/www.seaflowerstore.com\/de\/wp-json\/wp\/v2\/pwb-brand?post=85283"},{"taxonomy":"product_cat","embeddable":true,"href":"https:\/\/www.seaflowerstore.com\/de\/wp-json\/wp\/v2\/product_cat?post=85283"},{"taxonomy":"product_tag","embeddable":true,"href":"https:\/\/www.seaflowerstore.com\/de\/wp-json\/wp\/v2\/product_tag?post=85283"}],"curies":[{"name":"wp","href":"https:\/\/api.w.org\/{rel}","templated":true}]}}