{"id":85288,"date":"2022-06-29T00:34:38","date_gmt":"2022-06-28T22:34:38","guid":{"rendered":"https:\/\/www.seaflowerstore.com\/nl\/tk-500-chiller-heater\/"},"modified":"2022-06-29T00:34:38","modified_gmt":"2022-06-28T22:34:38","slug":"tk-500-chiller-heater","status":"publish","type":"product","link":"https:\/\/www.seaflowerstore.com\/de\/tk-500-chiller-heater\/","title":{"rendered":"TK 500 Chiller\/Heater"},"content":{"rendered":"<h2>TK 500 Chiller\/Heater<\/h2>\n<p style=\"text-align: justify\"><span style=\"font-size: 1.5em\">Effiziente K\u00fchltechnologie<\/span><\/p>\n<ul>\n<li>Die ausschlie\u00dfliche Verwendung hochwertiger Kompressoren und eines koaxialen Titan-W\u00e4rmetauschers sorgt f\u00fcr hervorragende Leistung bei geringem Energieverbrauch. Diese Technologie tr\u00e4gt zur Reduzierung des Ger\u00e4uschpegels bei und erreicht einen hohen Leistungskoeffizienten (COP), was zu erheblichen Energieeinsparungen f\u00fchrt.<\/li>\n<\/ul>\n<h2>Digitaler Thermostat<\/h2>\n<ul>\n<li>Die intuitive Einstellung der Funktionen erm\u00f6glicht eine genaue Temperaturerkennung mit einer Aufl\u00f6sung von 0,1 \u00b0C\/0,2 \u00b0F. Der Einstellbereich reicht von 5 \u00b0 bis 35 \u00b0C (41 \u00b0F bis 95 \u00b0F) und verf\u00fcgt \u00fcber ein geschlossenes Temperaturregelsystem mit hoher Genauigkeit und einer sehr engen Differenz von 0,5 \u00b0C\/1 \u00b0F. Die angezeigte Temperatur kann entweder in \u00b0C oder \u00b0F angegeben werden, und es sind Sicherheitsalarme enthalten.<\/li>\n<\/ul>\n<h2>Effizientes Design<\/h2>\n<ul>\n<li>Der K\u00fchler verf\u00fcgt \u00fcber ein innovatives Design mit einer robusten Struktur, die hervorragenden Schutz gegen Rost bietet. Seine funktionale Form und kompakte Gr\u00f6\u00dfe machen ihn f\u00fcr beengte R\u00e4ume geeignet.<\/li>\n<\/ul>\n<h2>Einzigartiges Merkmal<\/h2>\n<ul>\n<li>Das innovative TECOair SYSTEM erm\u00f6glicht die Drehung des F\u00f6rderers und sorgt so f\u00fcr optimalen Luftaustausch f\u00fcr den K\u00fchler und eine effektive W\u00e4rmeabgabe aus dem Schrank. Die Wartung ist mit einem magnetischen Luftfilter schnell und einfach. Dar\u00fcber hinaus erleichtert die \u201eAbklemmzange\u201c das Entfernen des K\u00fchlers zu Wartungszwecken.<\/li>\n<\/ul>\n<h5>Technische Details<\/h5>\n<table style=\"width: 450px;height: 214px\" border=\"0\" cellspacing=\"0\" cellpadding=\"0\">\n<tbody>\n<tr>\n<td class=\"list-table-l\" valign=\"top\" width=\"160\">Versorgung<\/td>\n<td class=\"list-table-l\" valign=\"top\" width=\"1\"><img decoding=\"async\" src=\"https:\/\/www.seaflowerstore.com\/nl\/wp-content\/uploads\/content\/tablelistarrow.gif\" alt=\"-\" \/><\/td>\n<td class=\"list-table-r\" valign=\"top\" width=\"100%\">230 V-50 Hz (andere Versorgungen auf Anfrage erh\u00e4ltlich)<\/td>\n<\/tr>\n<tr>\n<td class=\"list-table-l\" valign=\"top\" width=\"160\">K\u00fchlleistungsverbrauch<\/td>\n<td class=\"list-table-l\" valign=\"top\" width=\"1\"><img decoding=\"async\" src=\"https:\/\/www.seaflowerstore.com\/nl\/wp-content\/uploads\/content\/tablelistarrow.gif\" alt=\"-\" \/><\/td>\n<td class=\"list-table-r\" valign=\"top\" width=\"100%\">225 W<\/td>\n<\/tr>\n<tr>\n<td class=\"list-table-l\" valign=\"top\" width=\"160\">\u00d6kologisches K\u00fchlmittel<\/td>\n<td class=\"list-table-l\" valign=\"top\" width=\"1\"><img decoding=\"async\" src=\"https:\/\/www.seaflowerstore.com\/nl\/wp-content\/uploads\/content\/tablelistarrow.gif\" alt=\"-\" \/><\/td>\n<td class=\"list-table-r\" valign=\"top\" width=\"100%\">R290<\/td>\n<\/tr>\n<tr>\n<td class=\"list-table-l\" valign=\"top\" width=\"160\">Min. &amp; Maximale Durchflussrate<\/td>\n<td class=\"list-table-l\" valign=\"top\" width=\"1\"><img decoding=\"async\" src=\"https:\/\/www.seaflowerstore.com\/nl\/wp-content\/uploads\/content\/tablelistarrow.gif\" alt=\"-\" \/><\/td>\n<td class=\"list-table-r\" valign=\"top\" width=\"100%\">400 l\/h &#8211; 800 l\/h<\/td>\n<\/tr>\n<tr>\n<td class=\"list-table-l\" valign=\"top\" width=\"160\">Tankgr\u00f6\u00dfe<\/td>\n<td class=\"list-table-l\" valign=\"top\" width=\"1\"><img decoding=\"async\" src=\"https:\/\/www.seaflowerstore.com\/nl\/wp-content\/uploads\/content\/tablelistarrow.gif\" alt=\"-\" \/><\/td>\n<td class=\"list-table-r\" valign=\"top\" width=\"100%\">bis zu 500 l (Wassertemp. 25\u00b0C &#8211; Raumtemperatur 30\u00b0C &#8211; Heizleistung 0,5 W\/l)<\/td>\n<\/tr>\n<tr>\n<td class=\"list-table-l\" valign=\"top\" width=\"160\">Abmessungen<\/td>\n<td class=\"list-table-l\" valign=\"top\" width=\"1\"><img decoding=\"async\" src=\"https:\/\/www.seaflowerstore.com\/nl\/wp-content\/uploads\/content\/tablelistarrow.gif\" alt=\"-\" \/><\/td>\n<td class=\"list-table-r\" valign=\"top\" width=\"100%\">mm. 310 x 310 x 416 (h)<\/td>\n<\/tr>\n<tr>\n<td class=\"list-table-l\" valign=\"top\" width=\"160\">Abmessungen<\/td>\n<td class=\"list-table-l\" valign=\"top\" width=\"1\"><img decoding=\"async\" src=\"https:\/\/www.seaflowerstore.com\/nl\/wp-content\/uploads\/content\/tablelistarrow.gif\" alt=\"-\" \/><\/td>\n<td class=\"list-table-r\" valign=\"top\" width=\"100%\">Zoll. 12,2 x 12,2 x 16,38 (h)<\/td>\n<\/tr>\n<tr>\n<td class=\"list-table-l\" valign=\"top\" width=\"160\">Gewicht<\/td>\n<td class=\"list-table-l\" valign=\"top\" width=\"1\"><img decoding=\"async\" src=\"https:\/\/www.seaflowerstore.com\/nl\/wp-content\/uploads\/content\/tablelistarrow.gif\" alt=\"-\" \/><\/td>\n<td class=\"list-table-r\" valign=\"top\" width=\"100%\">16,5 kg<\/td>\n<\/tr>\n<tr>\n<td class=\"list-table-l\" valign=\"top\" width=\"160\">Anschl\u00fcsse<\/td>\n<td class=\"list-table-l\" valign=\"top\" width=\"1\"><img decoding=\"async\" src=\"https:\/\/www.seaflowerstore.com\/nl\/wp-content\/uploads\/content\/tablelistarrow.gif\" alt=\"-\" \/><\/td>\n<td class=\"list-table-r\" valign=\"top\" width=\"100%\">Anschluss 3\/4&#8243; &#8211; 16 mm Innenrohrdurchmesser<\/td>\n<\/tr>\n<\/tbody>\n<\/table>\n","protected":false},"excerpt":{"rendered":"<p>Teco TK500 Chiller for aquaria up to 500 lt <strong>(price is excluding pallet transport, please ask for costs before placing an order. When order is placed without contacting us, the customer accepts that the warranty is voided and we ship with the selected parcel service)<\/strong><\/p>\n","protected":false},"featured_media":84391,"template":"","meta":[],"pwb-brand":[2191],"product_cat":[1487,1467],"product_tag":[],"class_list":{"0":"post-85288","1":"product","2":"type-product","3":"status-publish","4":"has-post-thumbnail","6":"pwb-brand-teco","7":"product_cat-kuehlung","8":"product_cat-temperatur","10":"first","11":"outofstock","12":"taxable","13":"shipping-taxable","14":"purchasable","15":"product-type-simple"},"acf":[],"brands":[{"id":2191,"name":"Teco","slug":"teco"}],"_links":{"self":[{"href":"https:\/\/www.seaflowerstore.com\/de\/wp-json\/wp\/v2\/product\/85288","targetHints":{"allow":["GET"]}}],"collection":[{"href":"https:\/\/www.seaflowerstore.com\/de\/wp-json\/wp\/v2\/product"}],"about":[{"href":"https:\/\/www.seaflowerstore.com\/de\/wp-json\/wp\/v2\/types\/product"}],"wp:featuredmedia":[{"embeddable":true,"href":"https:\/\/www.seaflowerstore.com\/de\/wp-json\/wp\/v2\/media\/84391"}],"wp:attachment":[{"href":"https:\/\/www.seaflowerstore.com\/de\/wp-json\/wp\/v2\/media?parent=85288"}],"wp:term":[{"taxonomy":"pwb-brand","embeddable":true,"href":"https:\/\/www.seaflowerstore.com\/de\/wp-json\/wp\/v2\/pwb-brand?post=85288"},{"taxonomy":"product_cat","embeddable":true,"href":"https:\/\/www.seaflowerstore.com\/de\/wp-json\/wp\/v2\/product_cat?post=85288"},{"taxonomy":"product_tag","embeddable":true,"href":"https:\/\/www.seaflowerstore.com\/de\/wp-json\/wp\/v2\/product_tag?post=85288"}],"curies":[{"name":"wp","href":"https:\/\/api.w.org\/{rel}","templated":true}]}}