{"id":85289,"date":"2022-06-27T13:20:33","date_gmt":"2022-06-27T11:20:33","guid":{"rendered":"https:\/\/www.seaflowerstore.com\/nl\/fauna-marin-carb-l-long-lasting-1000-ml\/"},"modified":"2022-06-27T13:20:33","modified_gmt":"2022-06-27T11:20:33","slug":"fauna-marin-carb-l-long-lasting-1000-ml","status":"publish","type":"product","link":"https:\/\/www.seaflowerstore.com\/de\/fauna-marin-carb-l-long-lasting-1000-ml\/","title":{"rendered":"Fauna Marin Carb L Long-lasting &#8211; 1000 ml"},"content":{"rendered":"<h2>Fauna Marin Carb L Long-lasting &#8211; 1000 ml activated carbon specifically made for permanent and long-term use<\/h2>\n<p>Wir stellen vor: <strong>Fauna Marin Carb L<\/strong>, eine extrem reine, dampfaktivierte und vorgewaschene Aktivkohle, die f\u00fcr die effiziente Entfernung von Gelbf\u00e4rbung, Tr\u00fcbung und sch\u00e4dlichen Giftstoffen entwickelt wurde. Dieses Produkt ist f\u00fcr die Aufrechterhaltung einer hervorragenden Wasserqualit\u00e4t in jedem Aquarium unverzichtbar.<\/p>\n<p>Carb L ist nahezu phosphatfrei und verf\u00fcgt \u00fcber eine beeindruckende Absorptionskapazit\u00e4t. Obwohl es f\u00fcr den dauerhaften und langfristigen Gebrauch konzipiert ist, ist es wichtig, es alle 30 Tage auszutauschen. Es ist sowohl f\u00fcr S\u00fc\u00dfwasser- als auch f\u00fcr Meerwasseraquarien geeignet und sorgt f\u00fcr sauberes Wasser ohne negative Nebenwirkungen.<\/p>\n<p>Die Verwendung von Carb L, das superrein und pelletiert ist, ist im <strong>Zeo-Light-System<\/strong> von grundlegender Bedeutung. Es ist besonders wichtig f\u00fcr die Pflege empfindlicher SPS- und LPS-Korallen, weshalb seine kontinuierliche Anwendung entscheidend ist. Die Aktivkohlebehandlung entfernt effektiv Phenole, Proteine, Farbstoffe, Ger\u00fcche sowie Korallen- und Algentoxine und sorgt so f\u00fcr kristallklares Wasser.<\/p>\n<p><strong>Dosierung<\/strong><\/p>\n<ul>\n<li>1 L (500 g) pro 1000 L (260 US-Gallonen) Aquarienwasser bei Verwendung in einer Durchlauffilteranlage (Durchflussrate max. 200 L (52 US-Gallonen) \/h).<\/li>\n<li>2 L (ca. 1000 g) pro 1000 L (260 US-Gallonen) Aquarienwasser bei Verwendung in einem Filterbeutel.<\/li>\n<\/ul>\n<p><strong>Fauna Marin Carb L Intervall<\/strong><\/p>\n<p>Ersetzen Sie die Aktivkohle alle 4 Wochen, und zwar zweiw\u00f6chentlich im Wechsel mit dem Zeolithwechsel.<\/p>\n<p><strong>Vorbereitung<\/strong><\/p>\n<p>Befolgen Sie diese Anweisungen zur Vorbereitung neuer Aktivkohle Einfache Vorgehensweise: Einen Tag vor dem Kohlewechsel die Kohle mit hei\u00dfem Leitungswasser \u00fcbergie\u00dfen und anschlie\u00dfend 24 Stunden einweichen lassen.<\/p>\n","protected":false},"excerpt":{"rendered":"<p>Fauna Marin Carb L Long-lasting &#8211; 1000 ml activated carbon specifically made for permanent and long-term use<\/p>\n","protected":false},"featured_media":84389,"template":"","meta":[],"pwb-brand":[2177],"product_cat":[1394],"product_tag":[],"class_list":{"0":"post-85289","1":"product","2":"type-product","3":"status-publish","4":"has-post-thumbnail","6":"pwb-brand-fauna-marin","7":"product_cat-aktivkohle","8":"pa_show-myparcel-options-male-de","10":"first","11":"instock","12":"taxable","13":"shipping-taxable","14":"purchasable","15":"product-type-simple"},"acf":[],"brands":[{"id":2177,"name":"Fauna Marin","slug":"fauna-marin"}],"_links":{"self":[{"href":"https:\/\/www.seaflowerstore.com\/de\/wp-json\/wp\/v2\/product\/85289","targetHints":{"allow":["GET"]}}],"collection":[{"href":"https:\/\/www.seaflowerstore.com\/de\/wp-json\/wp\/v2\/product"}],"about":[{"href":"https:\/\/www.seaflowerstore.com\/de\/wp-json\/wp\/v2\/types\/product"}],"wp:featuredmedia":[{"embeddable":true,"href":"https:\/\/www.seaflowerstore.com\/de\/wp-json\/wp\/v2\/media\/84389"}],"wp:attachment":[{"href":"https:\/\/www.seaflowerstore.com\/de\/wp-json\/wp\/v2\/media?parent=85289"}],"wp:term":[{"taxonomy":"pwb-brand","embeddable":true,"href":"https:\/\/www.seaflowerstore.com\/de\/wp-json\/wp\/v2\/pwb-brand?post=85289"},{"taxonomy":"product_cat","embeddable":true,"href":"https:\/\/www.seaflowerstore.com\/de\/wp-json\/wp\/v2\/product_cat?post=85289"},{"taxonomy":"product_tag","embeddable":true,"href":"https:\/\/www.seaflowerstore.com\/de\/wp-json\/wp\/v2\/product_tag?post=85289"}],"curies":[{"name":"wp","href":"https:\/\/api.w.org\/{rel}","templated":true}]}}