{"id":85290,"date":"2022-06-26T22:21:49","date_gmt":"2022-06-26T20:21:49","guid":{"rendered":"https:\/\/www.seaflowerstore.com\/nl\/red-sea-reefmat-1200-fleece-roll-35m\/"},"modified":"2022-06-26T22:21:49","modified_gmt":"2022-06-26T20:21:50","slug":"red-sea-reefmat-1200-fleece-roll-35m","status":"publish","type":"product","link":"https:\/\/www.seaflowerstore.com\/de\/red-sea-reefmat-1200-fleece-roll-35m\/","title":{"rendered":"Red Sea ReefMat 1200 Fleece Roll 35m"},"content":{"rendered":"<h2>Red Sea ReefMat 1200 Fleece Roll 35m<\/h2>\n<p>Willkommen zu den Details der <strong>Red Sea ReefMat 1200 Fleecerolle<\/strong>. Dieses Produkt wurde entwickelt, um Ihr Aquarienerlebnis zu verbessern.<\/p>\n<ul>\n<li>Fleecerolle speziell f\u00fcr die Red Sea ReefMat 1200<\/li>\n<li>Breite: 17 cm<\/li>\n<li>L\u00e4nge: 35 Meter<\/li>\n<\/ul>\n<p>Vielen Dank, dass Sie diese fantastische Erg\u00e4nzung f\u00fcr Ihr Setup in Betracht ziehen. Wenn Sie Fragen haben oder weitere Informationen ben\u00f6tigen, k\u00f6nnen Sie sich gerne an uns wenden!<\/p>\n","protected":false},"excerpt":{"rendered":"<p>Red Sea ReefMat 1200 replacement Fleece Roll 35m<\/p>\n","protected":false},"featured_media":84385,"template":"","meta":[],"pwb-brand":[2125],"product_cat":[1403,1404],"product_tag":[],"class_list":{"0":"post-85290","1":"product","2":"type-product","3":"status-publish","4":"has-post-thumbnail","6":"pwb-brand-red-sea","7":"product_cat-beutel-filterung","8":"product_cat-redsea-de","10":"first","11":"instock","12":"taxable","13":"shipping-taxable","14":"purchasable","15":"product-type-simple"},"acf":[],"brands":[{"id":2125,"name":"Red Sea","slug":"red-sea"}],"_links":{"self":[{"href":"https:\/\/www.seaflowerstore.com\/de\/wp-json\/wp\/v2\/product\/85290","targetHints":{"allow":["GET"]}}],"collection":[{"href":"https:\/\/www.seaflowerstore.com\/de\/wp-json\/wp\/v2\/product"}],"about":[{"href":"https:\/\/www.seaflowerstore.com\/de\/wp-json\/wp\/v2\/types\/product"}],"wp:featuredmedia":[{"embeddable":true,"href":"https:\/\/www.seaflowerstore.com\/de\/wp-json\/wp\/v2\/media\/84385"}],"wp:attachment":[{"href":"https:\/\/www.seaflowerstore.com\/de\/wp-json\/wp\/v2\/media?parent=85290"}],"wp:term":[{"taxonomy":"pwb-brand","embeddable":true,"href":"https:\/\/www.seaflowerstore.com\/de\/wp-json\/wp\/v2\/pwb-brand?post=85290"},{"taxonomy":"product_cat","embeddable":true,"href":"https:\/\/www.seaflowerstore.com\/de\/wp-json\/wp\/v2\/product_cat?post=85290"},{"taxonomy":"product_tag","embeddable":true,"href":"https:\/\/www.seaflowerstore.com\/de\/wp-json\/wp\/v2\/product_tag?post=85290"}],"curies":[{"name":"wp","href":"https:\/\/api.w.org\/{rel}","templated":true}]}}