{"id":85291,"date":"2022-06-26T22:13:55","date_gmt":"2022-06-26T20:13:55","guid":{"rendered":"https:\/\/www.seaflowerstore.com\/nl\/red-sea-reefmat-500-fleece-roll-28m\/"},"modified":"2022-06-26T22:13:55","modified_gmt":"2022-06-26T20:17:40","slug":"red-sea-reefmat-500-fleece-roll-28m","status":"publish","type":"product","link":"https:\/\/www.seaflowerstore.com\/de\/red-sea-reefmat-500-fleece-roll-28m\/","title":{"rendered":"Red Sea ReefMat 500 Fleece Roll 28m"},"content":{"rendered":"<h2>Red Sea ReefMat 500 Fleece Roll 28m<\/h2>\n<p>Willkommen zu Ihrem Leitfaden zur <strong>Red Sea ReefMat 500 Fleecerolle<\/strong>. Hier sind einige wichtige Funktionen, die Sie kennen sollten:<\/p>\n<ul>\n<li>Fleecerolle speziell f\u00fcr die Red Sea ReefMat 500<\/li>\n<li>Breite: 11,3 cm<\/li>\n<li>L\u00e4nge: 28 Meter<\/li>\n<\/ul>\n<p>Dieses Produkt ist eine fantastische Erg\u00e4nzung f\u00fcr Ihr Aquarium und bietet hervorragende Filterung und Unterst\u00fctzung f\u00fcr Ihre Riffumgebung. Wenn Sie Fragen haben oder Hilfe ben\u00f6tigen, k\u00f6nnen Sie sich gerne an uns wenden!<\/p>\n","protected":false},"excerpt":{"rendered":"<p>Red Sea ReefMat 500 replacement Fleece Roll 28m<\/p>\n","protected":false},"featured_media":84384,"template":"","meta":[],"pwb-brand":[2125],"product_cat":[1403,1404],"product_tag":[],"class_list":{"0":"post-85291","1":"product","2":"type-product","3":"status-publish","4":"has-post-thumbnail","6":"pwb-brand-red-sea","7":"product_cat-beutel-filterung","8":"product_cat-redsea-de","10":"first","11":"instock","12":"taxable","13":"shipping-taxable","14":"purchasable","15":"product-type-simple"},"acf":[],"brands":[{"id":2125,"name":"Red Sea","slug":"red-sea"}],"_links":{"self":[{"href":"https:\/\/www.seaflowerstore.com\/de\/wp-json\/wp\/v2\/product\/85291","targetHints":{"allow":["GET"]}}],"collection":[{"href":"https:\/\/www.seaflowerstore.com\/de\/wp-json\/wp\/v2\/product"}],"about":[{"href":"https:\/\/www.seaflowerstore.com\/de\/wp-json\/wp\/v2\/types\/product"}],"wp:featuredmedia":[{"embeddable":true,"href":"https:\/\/www.seaflowerstore.com\/de\/wp-json\/wp\/v2\/media\/84384"}],"wp:attachment":[{"href":"https:\/\/www.seaflowerstore.com\/de\/wp-json\/wp\/v2\/media?parent=85291"}],"wp:term":[{"taxonomy":"pwb-brand","embeddable":true,"href":"https:\/\/www.seaflowerstore.com\/de\/wp-json\/wp\/v2\/pwb-brand?post=85291"},{"taxonomy":"product_cat","embeddable":true,"href":"https:\/\/www.seaflowerstore.com\/de\/wp-json\/wp\/v2\/product_cat?post=85291"},{"taxonomy":"product_tag","embeddable":true,"href":"https:\/\/www.seaflowerstore.com\/de\/wp-json\/wp\/v2\/product_tag?post=85291"}],"curies":[{"name":"wp","href":"https:\/\/api.w.org\/{rel}","templated":true}]}}