{"id":85292,"date":"2022-06-26T21:46:50","date_gmt":"2022-06-26T19:46:50","guid":{"rendered":"https:\/\/www.seaflowerstore.com\/nl\/easy-reefs-easyart-prof-1500\/"},"modified":"2022-06-26T21:46:50","modified_gmt":"2022-06-26T19:46:50","slug":"easy-reefs-easyart-prof-1500","status":"publish","type":"product","link":"https:\/\/www.seaflowerstore.com\/de\/easy-reefs-easyart-prof-1500\/","title":{"rendered":"Easy Reefs Easyart PROF 1500"},"content":{"rendered":"<h2>Easy Reefs Easyart PROF 1500 Liquid food for artemia<\/h2>\n<p>Dosierung: Die ben\u00f6tigte Menge h\u00e4ngt von der Anzahl der zu f\u00fctternden Artemia ab. In den ersten f\u00fcnf Tagen (Nauplius- und Metanauplius-Stadium) sollten Sie t\u00e4glich 4 ml Easyart pro 10 Liter Kultur verwenden. Ab dem f\u00fcnften Tag (f\u00fcr Jungtiere und ausgewachsene Artemia) erh\u00f6hen Sie die Dosierung auf 8 ml pro 10 Liter Kultur t\u00e4glich. Wenn Sie feststellen, dass das Wasser in der Artemiakultur einige Stunden nach der Zugabe von Easyart klar wird (was bedeutet, dass die Mikroalgen verbraucht sind), sollten Sie mehr Easyart hinzuf\u00fcgen.<\/p>\n<p><strong>Zusammensetzung:<\/strong> Easy Reefs\u00ae Tetraselmis (100%) Mikroalgenarten.<\/p>\n<p><strong>Beispiel f\u00fcr Artemiakultur in 10 Litern:<\/strong><\/p>\n<ul>\n<li>Inkubieren Sie die Artemiazysten gem\u00e4\u00df den Anweisungen des Herstellers.<\/li>\n<li>Warten Sie nach dem Schl\u00fcpfen sechs Stunden, bevor Sie mit der F\u00fctterung mit Easyart beginnen.<\/li>\n<li>Bereiten Sie 0,5 Liter Meerwasser in einer Sch\u00fcssel zum Mischen vor.<\/li>\n<li>F\u00fcgen Sie 4 ml Easyart hinzu und mischen Sie die Mikroalgen durch Sch\u00fctteln oder R\u00fchren.<\/li>\n<li>Entfernen Sie 0,5 Liter Wasser aus der Kultur, um die n\u00e4chste Algencharge vorzubereiten.<\/li>\n<li>F\u00fcgen Sie die Mikroalgen vorsichtig hinzu zum Tank, um das Sediment nicht aufzuwirbeln.<\/li>\n<\/ul>\n","protected":false},"excerpt":{"rendered":"<p>Easy Reefs Easyart PROF 1500 Liquid food for artemia<\/p>\n","protected":false},"featured_media":84383,"template":"","meta":[],"pwb-brand":[2195],"product_cat":[1402],"product_tag":[],"class_list":{"0":"post-85292","1":"product","2":"type-product","3":"status-publish","4":"has-post-thumbnail","6":"pwb-brand-easy-reefs","7":"product_cat-verschieden","9":"first","10":"instock","11":"taxable","12":"shipping-taxable","13":"purchasable","14":"product-type-simple"},"acf":[],"brands":[{"id":2195,"name":"Easy Reefs","slug":"easy-reefs"}],"_links":{"self":[{"href":"https:\/\/www.seaflowerstore.com\/de\/wp-json\/wp\/v2\/product\/85292","targetHints":{"allow":["GET"]}}],"collection":[{"href":"https:\/\/www.seaflowerstore.com\/de\/wp-json\/wp\/v2\/product"}],"about":[{"href":"https:\/\/www.seaflowerstore.com\/de\/wp-json\/wp\/v2\/types\/product"}],"wp:featuredmedia":[{"embeddable":true,"href":"https:\/\/www.seaflowerstore.com\/de\/wp-json\/wp\/v2\/media\/84383"}],"wp:attachment":[{"href":"https:\/\/www.seaflowerstore.com\/de\/wp-json\/wp\/v2\/media?parent=85292"}],"wp:term":[{"taxonomy":"pwb-brand","embeddable":true,"href":"https:\/\/www.seaflowerstore.com\/de\/wp-json\/wp\/v2\/pwb-brand?post=85292"},{"taxonomy":"product_cat","embeddable":true,"href":"https:\/\/www.seaflowerstore.com\/de\/wp-json\/wp\/v2\/product_cat?post=85292"},{"taxonomy":"product_tag","embeddable":true,"href":"https:\/\/www.seaflowerstore.com\/de\/wp-json\/wp\/v2\/product_tag?post=85292"}],"curies":[{"name":"wp","href":"https:\/\/api.w.org\/{rel}","templated":true}]}}