{"id":85293,"date":"2022-06-26T21:03:52","date_gmt":"2022-06-26T19:07:56","guid":{"rendered":"https:\/\/www.seaflowerstore.com\/nl\/easy-reefs-easyart-250\/"},"modified":"2022-06-26T21:03:52","modified_gmt":"2022-06-26T19:07:56","slug":"easy-reefs-easyart-250","status":"publish","type":"product","link":"https:\/\/www.seaflowerstore.com\/de\/easy-reefs-easyart-250\/","title":{"rendered":"Easy Reefs Easyart 250"},"content":{"rendered":"<h2>Easy Reefs Easyart 250 Liquid food for artemia<\/h2>\n<p>Dosierung: Die zu verwendende Menge h\u00e4ngt davon ab, wie viele Artemia gef\u00fcttert werden. W\u00e4hrend der ersten f\u00fcnf Tage (Nauplius- und Metanauplius-Stadium) ben\u00f6tigen Sie 4 ml Easyart pro 10 Liter Kultur pro Tag. Ab dem f\u00fcnften Tag, wenn Sie junge Artemia und erwachsene Tiere f\u00fcttern, erh\u00f6hen Sie die Dosierung auf 8 ml pro 10 Liter Kultur pro Tag. Wenn das Wasser in Ihrer Artemiakultur einige Stunden nach der Zugabe von Easyart klar wird (was darauf hinweist, dass die Mikroalgen verbraucht wurden), sollten Sie mehr Easyart hinzuf\u00fcgen.<\/p>\n<p><strong>Zusammensetzung:<\/strong> easy reefs\u00ae Tetraselmis (100%) Mikroalgenart.<\/p>\n<p><strong>Beispiel f\u00fcr Artemiakultur in 10 Litern:<\/strong><\/p>\n<ul>\n<li>Inkubieren Sie die Artemiazysten gem\u00e4\u00df den Anweisungen des Herstellers.<\/li>\n<li>Warten Sie nach dem Schl\u00fcpfen 6 Stunden und beginnen Sie mit der F\u00fctterung mit Easyart.<\/li>\n<li>Geben Sie 0,5 Liter Meerwasser in eine Sch\u00fcssel und vermischen Sie es.<\/li>\n<li>F\u00fcgen Sie 4 ml Easyart hinzu und verteilen Sie die Mikroalgen durch Sch\u00fctteln oder R\u00fchren.<\/li>\n<li>Entfernen Sie 0,5 Liter Wasser aus der Kultur, um die n\u00e4chste Algencharge vorzubereiten.<\/li>\n<li>F\u00fcgen Sie die Mikroalgen langsam dem Tank, um ein Aufwirbeln des Sediments zu vermeiden.<\/li>\n<\/ul>\n","protected":false},"excerpt":{"rendered":"<p>Easy Reefs Easyart 250 Liquid food for artemia<\/p>\n","protected":false},"featured_media":84382,"template":"","meta":[],"pwb-brand":[2195],"product_cat":[1402],"product_tag":[],"class_list":{"0":"post-85293","1":"product","2":"type-product","3":"status-publish","4":"has-post-thumbnail","6":"pwb-brand-easy-reefs","7":"product_cat-verschieden","9":"first","10":"instock","11":"taxable","12":"shipping-taxable","13":"purchasable","14":"product-type-simple"},"acf":[],"brands":[{"id":2195,"name":"Easy Reefs","slug":"easy-reefs"}],"_links":{"self":[{"href":"https:\/\/www.seaflowerstore.com\/de\/wp-json\/wp\/v2\/product\/85293","targetHints":{"allow":["GET"]}}],"collection":[{"href":"https:\/\/www.seaflowerstore.com\/de\/wp-json\/wp\/v2\/product"}],"about":[{"href":"https:\/\/www.seaflowerstore.com\/de\/wp-json\/wp\/v2\/types\/product"}],"wp:featuredmedia":[{"embeddable":true,"href":"https:\/\/www.seaflowerstore.com\/de\/wp-json\/wp\/v2\/media\/84382"}],"wp:attachment":[{"href":"https:\/\/www.seaflowerstore.com\/de\/wp-json\/wp\/v2\/media?parent=85293"}],"wp:term":[{"taxonomy":"pwb-brand","embeddable":true,"href":"https:\/\/www.seaflowerstore.com\/de\/wp-json\/wp\/v2\/pwb-brand?post=85293"},{"taxonomy":"product_cat","embeddable":true,"href":"https:\/\/www.seaflowerstore.com\/de\/wp-json\/wp\/v2\/product_cat?post=85293"},{"taxonomy":"product_tag","embeddable":true,"href":"https:\/\/www.seaflowerstore.com\/de\/wp-json\/wp\/v2\/product_tag?post=85293"}],"curies":[{"name":"wp","href":"https:\/\/api.w.org\/{rel}","templated":true}]}}