{"id":85294,"date":"2022-06-21T17:04:21","date_gmt":"2022-06-21T15:04:21","guid":{"rendered":"https:\/\/www.seaflowerstore.com\/nl\/af-air-scrubber\/"},"modified":"2022-06-21T17:04:21","modified_gmt":"2022-06-21T15:08:22","slug":"af-air-scrubber","status":"publish","type":"product","link":"https:\/\/www.seaflowerstore.com\/de\/af-air-scrubber\/","title":{"rendered":"AF Air Scrubber"},"content":{"rendered":"<h2>Aquaforest Air scrubber help prevent harmful fluctuations caused by low pH when used correctly<\/h2>\n<p>Riffaquarien sind komplexe und oft empfindliche \u00d6kosysteme, die von Stabilit\u00e4t leben. T\u00e4gliche Schwankungen des Kohlendioxidgehalts (CO2) durch normale Aktivit\u00e4ten wie Atmen, Haustiere und Kochen k\u00f6nnen den pH-Wert des Aquariums beeinflussen. Je h\u00f6her die CO2-Konzentration ist, die der Absch\u00e4umer ansaugt, desto saurer wird das Wasser, was zu einem Abfall des pH-Werts und instabilen dKH-Werten f\u00fchren und die Korallenverkalkung erheblich behindern kann. Im Laufe der Zeit kann dies zu gestressten Korallen und m\u00f6glicherweise zum Verlust von Korallen f\u00fchren. Wenn die Beleuchtung eingeschaltet ist, hilft die Photosynthese, den pH-Wert des Aquariums zu stabilisieren, aber nachts neigt der pH-Wert dazu, zu sinken, da der Sauerstoffbedarf steigt. Dieses Problem ist besonders im Herbst und Winter sp\u00fcrbar, wenn die Fenster oft geschlossen und die R\u00e4ume weniger bel\u00fcftet sind. Das ist die perfekte Zeit, um mit dem Einsatz des Aquaforest AF Air Scrubber zu beginnen, um ein stabiles Riffaquarium aufrechtzuerhalten.<\/p>\n<p>Der Aquaforest AF Air Scrubber-Reaktor und sein Medium verhindern bei richtiger Verwendung effektiv sch\u00e4dliche Schwankungen, die durch einen niedrigen pH-Wert verursacht werden. Der Reaktor ist aus hochwertigem wei\u00dfem und transparentem Acryl gefertigt und kann dank seines modernen Designs entweder au\u00dferhalb oder bequem innerhalb des Schranks platziert werden. Bei der Entwicklung dieses Produkts war die Funktionalit\u00e4t ein wichtiger Aspekt. So konnte sichergestellt werden, dass der AF Air Scrubber-Reaktor zur Wartung leicht zusammengebaut und auseinandergenommen werden kann und gleichzeitig der richtige Luftstrom durch das CO2-Reinigungsmedium aufrechterhalten wird.<\/p>\n<p>Ein herausragendes Merkmal des Aquaforest AF Air Scrubber-Reaktors ist die Basis, auf der der CO2-Filter ruht. Im Inneren befinden sich drei zugeschnittene Schw\u00e4mme, die in RO-Wasser eingeweicht werden, um die Luft zu befeuchten und die Leistung des Mediums zu verbessern. F\u00fcr optimale Ergebnisse sollten die Schw\u00e4mme immer feucht bleiben. Wenn sie austrocknen, bevor das Medium gewechselt werden muss, entfernen Sie einfach die Basis von der Oberseite des Reaktors, tr\u00e4nken Sie die Schw\u00e4mme in RO-Wasser und bauen Sie sie wieder zusammen. Labortests zeigen, dass dies die Lebensdauer des Mediums erheblich verl\u00e4ngern kann, was es zu einer kosteng\u00fcnstigen Wahl f\u00fcr Riffliebhaber macht.<\/p>\n<p>Was den Reaktork\u00f6rper betrifft, so zieht das Design CO2-haltige Luft durch die Schwammschicht am Boden und leitet sie durch ein Gitter nach oben, um eine maximale CO2-Entfernung zu gew\u00e4hrleisten, bevor sie in den Absch\u00e4umer oder das Riffaquarium gelangt. Das Medium wird durch spezielle staubabsorbierende Schw\u00e4mme sowohl an der Ober- als auch an der Unterseite des Reaktors gesch\u00fctzt. Der Reaktordeckel verf\u00fcgt \u00fcber eine Kappe mit einem intelligenten Drehverschluss f\u00fcr schnellen und einfachen Zugang zum Inneren. Um eine ordnungsgem\u00e4\u00dfe Luftstromabsaugung zu gew\u00e4hrleisten, wurden eine Klappe und eine Dichtung eingebaut, um einen Luftstrom von unten nach oben zu erzeugen. Dadurch wird das farbwechselnde Medium von unten nach oben verwendet, sodass leicht zu erkennen ist, wann es Zeit ist, es auszutauschen. Es ist ratsam, das Medium auszutauschen, bevor es seine Farbe vollst\u00e4ndig \u00e4ndert. Dar\u00fcber hinaus verf\u00fcgt der \u00e4u\u00dfere Teil des Deckels \u00fcber einen 10 mm\/\u215c\u201d-Schlauchanschluss, sodass der Reaktor an einen Eiwei\u00dfabsch\u00e4umer angeschlossen werden kann. Innerhalb weniger Tage werden Sie bemerken, dass das Medium funktioniert und der pH-Wert durch die Absorption von CO2 steigt.<\/p>\n<p>Unseren Tests zufolge kann der Aquaforest AF Air Scrubber den pH-Wert um etwa 0,2 bis 0,4 Grad erh\u00f6hen und ihn im Bereich zwischen 8,0 und 8,4 stabilisieren. Wir empfehlen die Verwendung des Aquaforest AF Air Scrubber in Verbindung mit der Aquaforest AF Air Scrubber Media-Kartusche f\u00fcr die effektivste Entfernung von CO2 aus der vom Absch\u00e4umer angesaugten Luft.<\/p>\n<p><strong>Hauptmerkmale:<\/strong><\/p>\n<ul>\n<li>Reduziert CO2 und erh\u00f6ht gleichzeitig den pH-Wert<\/li>\n<li>Stabilisiert den pH-Wert Tag\/Nacht<\/li>\n<li>Verhindert pl\u00f6tzliche dKH-\u00c4nderungen<\/li>\n<li>Gro\u00dfes Fassungsverm\u00f6gen \u2013 2,3 Liter<\/li>\n<li>Innovative Technologie erh\u00f6ht die Lebensdauer und Effizienz des Mediums<\/li>\n<li>Kompatibel mit einer Vielzahl von Absch\u00e4umern mit einem 10 mm\/\u215c\u201d-Schlauch<\/li>\n<li>Einfach zu verwenden<\/li>\n<li>Hochwertige Materialien<\/li>\n<\/ul>\n<p><strong>Abmessungen:<\/strong><\/p>\n<p>H\u00f6he: 35,5 cm + 3,5 cm (Anschl\u00fcsse) \/ 14\u2033 + 1,4\u2033<\/p>\n<p>Breite: 15,5 cm \/ 6,1\u2033<\/p>\n<p><strong>Wichtig:<\/strong><\/p>\n<p>Das Filterset enth\u00e4lt keine CO2-Absorptionskartusche. Der pH-Wert des Wassers \u00e4ndert sich im Laufe des Tages, daher sollten die Messungen immer zur gleichen Tageszeit durchgef\u00fchrt werden. Wenn gebrauchtes Medium zu lange im Reaktor verbleibt, kann es seine Farbe erneut \u00e4ndern, entfernt aber nicht mehr effektiv CO2 aus der Luft. Tragen Sie beim Auswechseln des Mediums am besten Handschuhe und f\u00fchren Sie die Aufgabe in einem gut bel\u00fcfteten Bereich durch. Im Innenbereich k\u00f6nnen Sie AF Air Scrubber Media zusammen mit Kohlenstoff verwenden.<\/p>\n","protected":false},"excerpt":{"rendered":"<p>Aquaforest Air scrubber help prevent harmful fluctuations caused by low pH when used correctly<\/p>\n","protected":false},"featured_media":84376,"template":"","meta":[],"pwb-brand":[2199],"product_cat":[1434,1414],"product_tag":[],"class_list":{"0":"post-85294","1":"product","2":"type-product","3":"status-publish","4":"has-post-thumbnail","6":"pwb-brand-aquaforest","7":"product_cat-teile-de","8":"product_cat-aquaforest-de","10":"first","11":"instock","12":"sale","13":"taxable","14":"shipping-taxable","15":"purchasable","16":"product-type-simple"},"acf":[],"brands":[{"id":2199,"name":"Aquaforest","slug":"aquaforest"}],"_links":{"self":[{"href":"https:\/\/www.seaflowerstore.com\/de\/wp-json\/wp\/v2\/product\/85294","targetHints":{"allow":["GET"]}}],"collection":[{"href":"https:\/\/www.seaflowerstore.com\/de\/wp-json\/wp\/v2\/product"}],"about":[{"href":"https:\/\/www.seaflowerstore.com\/de\/wp-json\/wp\/v2\/types\/product"}],"wp:featuredmedia":[{"embeddable":true,"href":"https:\/\/www.seaflowerstore.com\/de\/wp-json\/wp\/v2\/media\/84376"}],"wp:attachment":[{"href":"https:\/\/www.seaflowerstore.com\/de\/wp-json\/wp\/v2\/media?parent=85294"}],"wp:term":[{"taxonomy":"pwb-brand","embeddable":true,"href":"https:\/\/www.seaflowerstore.com\/de\/wp-json\/wp\/v2\/pwb-brand?post=85294"},{"taxonomy":"product_cat","embeddable":true,"href":"https:\/\/www.seaflowerstore.com\/de\/wp-json\/wp\/v2\/product_cat?post=85294"},{"taxonomy":"product_tag","embeddable":true,"href":"https:\/\/www.seaflowerstore.com\/de\/wp-json\/wp\/v2\/product_tag?post=85294"}],"curies":[{"name":"wp","href":"https:\/\/api.w.org\/{rel}","templated":true}]}}