{"id":85295,"date":"2022-06-21T16:26:47","date_gmt":"2022-06-21T14:26:48","guid":{"rendered":"https:\/\/www.seaflowerstore.com\/nl\/flipper-frag-station-black-blue\/"},"modified":"2022-06-21T16:26:47","modified_gmt":"2022-06-21T14:26:48","slug":"flipper-frag-station-black-blue","status":"publish","type":"product","link":"https:\/\/www.seaflowerstore.com\/de\/flipper-frag-station-black-blue\/","title":{"rendered":"Flipper Frag Station &#8211; Black\/Blue"},"content":{"rendered":"<h2>Flipper Frag Station &#8211; Black\/Blue is designed to securely hold up to 14 frags for easy observation<\/h2>\n<p>Das Fl!PPER Magnetic Frag Station Frag Rack ist so gefertigt, dass es bis zu 14 Frags sicher halten kann, was die Beobachtung, Akklimatisierung und Pr\u00e4sentation zu einem Kinderspiel macht. Es ist perfekt f\u00fcr Glas- oder Acrylaquarienw\u00e4nde mit einer Dicke von bis zu 3\/8 Zoll.<\/p>\n<p>Diese Station hat die ideale Gr\u00f6\u00dfe f\u00fcr die meisten Standard-Frag-Plugs und -Discs und bietet Platz f\u00fcr Gr\u00f6\u00dfen von 20\u201330 mm sowie runde 38 mm und quadratische 20 mm-Discs. Das einzigartige externe Fragging-Universalregal verf\u00fcgt \u00fcber einen einfachen Auf- und Abschiebeaufsatz und bietet einen praktischen Arbeitsbereich f\u00fcr verschiedene Aquarienprojekte. Es besteht aus hochwertigem Acryl und starken, wasserdicht versiegelten Seltenerdmagneten.<\/p>\n<p>Viel Spa\u00df beim Fragging!<\/p>\n<p><strong>Funktionen:<\/strong><\/p>\n<ul>\n<li>Magnetisches Frag Station Rack f\u00fcr 14 Frag Plugs<\/li>\n<li>Inklusive abnehmbarem externen Fragging-Tablett<\/li>\n<li>Zur Verwendung an Glas- und Acryl-Aquarienw\u00e4nden <strong>bis zu 10 mm Dicke<\/strong><\/li>\n<li>Tragf\u00e4higkeit des Tabletts = 340 Gramm<\/li>\n<\/ul>\n","protected":false},"excerpt":{"rendered":"<p>Flipper Frag Station &#8211; Black\/Blue is designed to securely hold\u00a0up to 14 frags for easy observation<\/p>\n","protected":false},"featured_media":84374,"template":"","meta":[],"pwb-brand":[2247],"product_cat":[1461],"product_tag":[],"class_list":{"0":"post-85295","1":"product","2":"type-product","3":"status-publish","4":"has-post-thumbnail","6":"pwb-brand-flipper","7":"product_cat-schneidzubehoer","9":"first","10":"instock","11":"taxable","12":"shipping-taxable","13":"purchasable","14":"product-type-simple"},"acf":[],"brands":[{"id":2247,"name":"Flipper","slug":"flipper"}],"_links":{"self":[{"href":"https:\/\/www.seaflowerstore.com\/de\/wp-json\/wp\/v2\/product\/85295","targetHints":{"allow":["GET"]}}],"collection":[{"href":"https:\/\/www.seaflowerstore.com\/de\/wp-json\/wp\/v2\/product"}],"about":[{"href":"https:\/\/www.seaflowerstore.com\/de\/wp-json\/wp\/v2\/types\/product"}],"wp:featuredmedia":[{"embeddable":true,"href":"https:\/\/www.seaflowerstore.com\/de\/wp-json\/wp\/v2\/media\/84374"}],"wp:attachment":[{"href":"https:\/\/www.seaflowerstore.com\/de\/wp-json\/wp\/v2\/media?parent=85295"}],"wp:term":[{"taxonomy":"pwb-brand","embeddable":true,"href":"https:\/\/www.seaflowerstore.com\/de\/wp-json\/wp\/v2\/pwb-brand?post=85295"},{"taxonomy":"product_cat","embeddable":true,"href":"https:\/\/www.seaflowerstore.com\/de\/wp-json\/wp\/v2\/product_cat?post=85295"},{"taxonomy":"product_tag","embeddable":true,"href":"https:\/\/www.seaflowerstore.com\/de\/wp-json\/wp\/v2\/product_tag?post=85295"}],"curies":[{"name":"wp","href":"https:\/\/api.w.org\/{rel}","templated":true}]}}