{"id":85296,"date":"2022-06-21T16:06:55","date_gmt":"2022-06-21T14:09:17","guid":{"rendered":"https:\/\/www.seaflowerstore.com\/nl\/flipper-frag-station-black\/"},"modified":"2022-06-21T16:06:55","modified_gmt":"2022-06-21T14:09:17","slug":"flipper-frag-station-black","status":"publish","type":"product","link":"https:\/\/www.seaflowerstore.com\/de\/flipper-frag-station-black\/","title":{"rendered":"Flipper Frag Station &#8211; Black"},"content":{"rendered":"<h2>Flipper Frag Station &#8211; Black<\/h2>\n<p>Die Flipper Frag Station \u2013 Schwarz ist so konzipiert, dass sie bis zu 14 Frags sicher h\u00e4lt, sodass Sie sie leicht beobachten k\u00f6nnen. Dieses magnetische Frag Station Frag Rack ist perfekt zum Akklimatisieren und Pr\u00e4sentieren Ihrer Frags und funktioniert wunderbar an Glas- oder Acrylaquarienw\u00e4nden mit einer Dicke von bis zu 3\/8 Zoll.<\/p>\n<p>Es hat die ideale Gr\u00f6\u00dfe f\u00fcr die meisten Standard-Frag-Plugs und -Discs und bietet Platz f\u00fcr Abmessungen zwischen 20 und 30 mm, 38 mm runde und 20 mm quadratische Discs. Dar\u00fcber hinaus verf\u00fcgt es \u00fcber ein einzigartiges externes Fragging-Universalregal mit einem einfachen Auf-\/Ab-Aufsatz, der einen gro\u00dfartigen Arbeitsbereich f\u00fcr verschiedene Aquarienprojekte bietet. Die Station besteht aus hochwertigem Acryl und ist mit starken, wasserdicht versiegelten Seltenerdmagneten ausgestattet.<\/p>\n<p>Viel Spa\u00df beim Fragging!<\/p>\n<p><strong>Funktionen:<\/strong><\/p>\n<ul>\n<li>Das magnetische Frag-Station-Rack fasst 14 Frag-Plugs.<\/li>\n<li>Inklusive abnehmbarem externen Fragging-Tablett.<\/li>\n<li>Zur Verwendung an Glas- und Acryl-Aquarienw\u00e4nden <strong>bis zu 10 mm Dicke.<\/strong><\/li>\n<li>Die Tragkraft des Tabletts betr\u00e4gt 340 Gramm.<\/li>\n<\/ul>\n","protected":false},"excerpt":{"rendered":"<p>Flipper Frag Station &#8211; Black is designed to securely hold\u00a0up to 14 frags for easy observation<\/p>\n","protected":false},"featured_media":84371,"template":"","meta":[],"pwb-brand":[2247],"product_cat":[1461],"product_tag":[],"class_list":{"0":"post-85296","1":"product","2":"type-product","3":"status-publish","4":"has-post-thumbnail","6":"pwb-brand-flipper","7":"product_cat-schneidzubehoer","9":"first","10":"instock","11":"taxable","12":"shipping-taxable","13":"purchasable","14":"product-type-simple"},"acf":[],"brands":[{"id":2247,"name":"Flipper","slug":"flipper"}],"_links":{"self":[{"href":"https:\/\/www.seaflowerstore.com\/de\/wp-json\/wp\/v2\/product\/85296","targetHints":{"allow":["GET"]}}],"collection":[{"href":"https:\/\/www.seaflowerstore.com\/de\/wp-json\/wp\/v2\/product"}],"about":[{"href":"https:\/\/www.seaflowerstore.com\/de\/wp-json\/wp\/v2\/types\/product"}],"wp:featuredmedia":[{"embeddable":true,"href":"https:\/\/www.seaflowerstore.com\/de\/wp-json\/wp\/v2\/media\/84371"}],"wp:attachment":[{"href":"https:\/\/www.seaflowerstore.com\/de\/wp-json\/wp\/v2\/media?parent=85296"}],"wp:term":[{"taxonomy":"pwb-brand","embeddable":true,"href":"https:\/\/www.seaflowerstore.com\/de\/wp-json\/wp\/v2\/pwb-brand?post=85296"},{"taxonomy":"product_cat","embeddable":true,"href":"https:\/\/www.seaflowerstore.com\/de\/wp-json\/wp\/v2\/product_cat?post=85296"},{"taxonomy":"product_tag","embeddable":true,"href":"https:\/\/www.seaflowerstore.com\/de\/wp-json\/wp\/v2\/product_tag?post=85296"}],"curies":[{"name":"wp","href":"https:\/\/api.w.org\/{rel}","templated":true}]}}